{"id":53,"date":"2022-05-16T11:21:38","date_gmt":"2022-05-16T09:21:38","guid":{"rendered":"https:\/\/pevaryl.com\/sv\/?post_type=product&#038;p=53"},"modified":"2026-03-25T08:54:57","modified_gmt":"2026-03-25T07:54:57","slug":"pevaryl-depot","status":"publish","type":"product","link":"https:\/\/pevaryl.com\/se\/produkt\/pevaryl-depot\/","title":{"rendered":"Pevaryl\u00ae Depot"},"content":{"rendered":"","protected":false},"excerpt":{"rendered":"<p>1-dagsbehandling<\/p>\n","protected":false},"featured_media":55,"comment_status":"closed","ping_status":"closed","template":"","meta":{"_acf_changed":false,"footnotes":""},"product_brand":[],"product_cat":[],"product_tag":[],"class_list":{"0":"post-53","1":"product","2":"type-product","3":"status-publish","4":"has-post-thumbnail","7":"first","8":"instock","9":"shipping-taxable","10":"product-type-simple"},"acf":[],"yoast_head":"<!-- This site is optimized with the Yoast SEO plugin v26.6 - https:\/\/yoast.com\/wordpress\/plugins\/seo\/ -->\n<title>Pevaryl\u00ae Depot - Pevaryl<\/title>\n<meta name=\"description\" content=\"1-dagsbehandling. I Pevaryl\u00ae Depot finns en gelstruktur som fungerar som en dep\u00e5. Dep\u00e5n g\u00f6r att den aktiva substansen, ekonazol, f\u00e4ster vid slemhinnan och uts\u00f6ndrar d\u00e4rifr\u00e5n under flera dagar. D\u00e4rf\u00f6r r\u00e4cker det med ett enda vagitorium av denna typ.\" \/>\n<meta name=\"robots\" content=\"index, follow, max-snippet:-1, max-image-preview:large, max-video-preview:-1\" \/>\n<link rel=\"canonical\" href=\"https:\/\/pevaryl.com\/se\/produkt\/pevaryl-depot\/\" \/>\n<meta property=\"og:locale\" content=\"sv_SE\" \/>\n<meta property=\"og:type\" content=\"article\" \/>\n<meta property=\"og:title\" content=\"Pevaryl\u00ae Depot - Pevaryl\" \/>\n<meta property=\"og:description\" content=\"1-dagsbehandling. I Pevaryl\u00ae Depot finns en gelstruktur som fungerar som en dep\u00e5. Dep\u00e5n g\u00f6r att den aktiva substansen, ekonazol, f\u00e4ster vid slemhinnan och uts\u00f6ndrar d\u00e4rifr\u00e5n under flera dagar. D\u00e4rf\u00f6r r\u00e4cker det med ett enda vagitorium av denna typ.\" \/>\n<meta property=\"og:url\" content=\"https:\/\/pevaryl.com\/se\/produkt\/pevaryl-depot\/\" \/>\n<meta property=\"og:site_name\" content=\"Pevaryl\" \/>\n<meta property=\"article:modified_time\" content=\"2026-03-25T07:54:57+00:00\" \/>\n<meta property=\"og:image\" content=\"https:\/\/pevaryl.com\/app\/uploads\/sites\/2\/2022\/05\/pevaryl-depot.png\" \/>\n\t<meta property=\"og:image:width\" content=\"1244\" \/>\n\t<meta property=\"og:image:height\" content=\"1244\" \/>\n\t<meta property=\"og:image:type\" content=\"image\/png\" \/>\n<meta name=\"twitter:card\" content=\"summary_large_image\" \/>\n<meta name=\"twitter:label1\" content=\"Ber\u00e4knad l\u00e4stid\" \/>\n\t<meta name=\"twitter:data1\" content=\"1 minut\" \/>\n<script type=\"application\/ld+json\" class=\"yoast-schema-graph\">{\"@context\":\"https:\/\/schema.org\",\"@graph\":[{\"@type\":\"WebPage\",\"@id\":\"https:\/\/pevaryl.com\/se\/produkt\/pevaryl-depot\/\",\"url\":\"https:\/\/pevaryl.com\/se\/produkt\/pevaryl-depot\/\",\"name\":\"Pevaryl\u00ae Depot - Pevaryl\",\"isPartOf\":{\"@id\":\"https:\/\/pevaryl.com\/se\/#website\"},\"primaryImageOfPage\":{\"@id\":\"https:\/\/pevaryl.com\/se\/produkt\/pevaryl-depot\/#primaryimage\"},\"image\":{\"@id\":\"https:\/\/pevaryl.com\/se\/produkt\/pevaryl-depot\/#primaryimage\"},\"thumbnailUrl\":\"https:\/\/pevaryl.com\/app\/uploads\/sites\/2\/2022\/05\/pevaryl-depot.png\",\"datePublished\":\"2022-05-16T09:21:38+00:00\",\"dateModified\":\"2026-03-25T07:54:57+00:00\",\"description\":\"1-dagsbehandling. I Pevaryl\u00ae Depot finns en gelstruktur som fungerar som en dep\u00e5. Dep\u00e5n g\u00f6r att den aktiva substansen, ekonazol, f\u00e4ster vid slemhinnan och uts\u00f6ndrar d\u00e4rifr\u00e5n under flera dagar. D\u00e4rf\u00f6r r\u00e4cker det med ett enda vagitorium av denna typ.\",\"breadcrumb\":{\"@id\":\"https:\/\/pevaryl.com\/se\/produkt\/pevaryl-depot\/#breadcrumb\"},\"inLanguage\":\"sv-SE\",\"potentialAction\":[{\"@type\":\"ReadAction\",\"target\":[\"https:\/\/pevaryl.com\/se\/produkt\/pevaryl-depot\/\"]}]},{\"@type\":\"ImageObject\",\"inLanguage\":\"sv-SE\",\"@id\":\"https:\/\/pevaryl.com\/se\/produkt\/pevaryl-depot\/#primaryimage\",\"url\":\"https:\/\/pevaryl.com\/app\/uploads\/sites\/2\/2022\/05\/pevaryl-depot.png\",\"contentUrl\":\"https:\/\/pevaryl.com\/app\/uploads\/sites\/2\/2022\/05\/pevaryl-depot.png\",\"width\":1244,\"height\":1244,\"caption\":\"Pevaryl Depot\"},{\"@type\":\"BreadcrumbList\",\"@id\":\"https:\/\/pevaryl.com\/se\/produkt\/pevaryl-depot\/#breadcrumb\",\"itemListElement\":[{\"@type\":\"ListItem\",\"position\":1,\"name\":\"Home\",\"item\":\"https:\/\/pevaryl.com\/se\/\"},{\"@type\":\"ListItem\",\"position\":2,\"name\":\"Produkter\",\"item\":\"https:\/\/pevaryl.com\/se\/produkter\/\"},{\"@type\":\"ListItem\",\"position\":3,\"name\":\"Pevaryl\u00ae Depot\"}]},{\"@type\":\"WebSite\",\"@id\":\"https:\/\/pevaryl.com\/se\/#website\",\"url\":\"https:\/\/pevaryl.com\/se\/\",\"name\":\"Pevaryl\",\"description\":\"\",\"publisher\":{\"@id\":\"https:\/\/pevaryl.com\/se\/#organization\"},\"potentialAction\":[{\"@type\":\"SearchAction\",\"target\":{\"@type\":\"EntryPoint\",\"urlTemplate\":\"https:\/\/pevaryl.com\/se\/?s={search_term_string}\"},\"query-input\":{\"@type\":\"PropertyValueSpecification\",\"valueRequired\":true,\"valueName\":\"search_term_string\"}}],\"inLanguage\":\"sv-SE\"},{\"@type\":\"Organization\",\"@id\":\"https:\/\/pevaryl.com\/se\/#organization\",\"name\":\"Pevaryl\",\"url\":\"https:\/\/pevaryl.com\/se\/\",\"logo\":{\"@type\":\"ImageObject\",\"inLanguage\":\"sv-SE\",\"@id\":\"https:\/\/pevaryl.com\/se\/#\/schema\/logo\/image\/\",\"url\":\"https:\/\/pevaryl.com\/app\/uploads\/sites\/2\/2026\/03\/Pevaryl-logo.png\",\"contentUrl\":\"https:\/\/pevaryl.com\/app\/uploads\/sites\/2\/2026\/03\/Pevaryl-logo.png\",\"width\":155,\"height\":30,\"caption\":\"Pevaryl\"},\"image\":{\"@id\":\"https:\/\/pevaryl.com\/se\/#\/schema\/logo\/image\/\"}}]}<\/script>\n<!-- \/ Yoast SEO plugin. -->","yoast_head_json":{"title":"Pevaryl\u00ae Depot - Pevaryl","description":"1-dagsbehandling. I Pevaryl\u00ae Depot finns en gelstruktur som fungerar som en dep\u00e5. Dep\u00e5n g\u00f6r att den aktiva substansen, ekonazol, f\u00e4ster vid slemhinnan och uts\u00f6ndrar d\u00e4rifr\u00e5n under flera dagar. D\u00e4rf\u00f6r r\u00e4cker det med ett enda vagitorium av denna typ.","robots":{"index":"index","follow":"follow","max-snippet":"max-snippet:-1","max-image-preview":"max-image-preview:large","max-video-preview":"max-video-preview:-1"},"canonical":"https:\/\/pevaryl.com\/se\/produkt\/pevaryl-depot\/","og_locale":"sv_SE","og_type":"article","og_title":"Pevaryl\u00ae Depot - Pevaryl","og_description":"1-dagsbehandling. I Pevaryl\u00ae Depot finns en gelstruktur som fungerar som en dep\u00e5. Dep\u00e5n g\u00f6r att den aktiva substansen, ekonazol, f\u00e4ster vid slemhinnan och uts\u00f6ndrar d\u00e4rifr\u00e5n under flera dagar. D\u00e4rf\u00f6r r\u00e4cker det med ett enda vagitorium av denna typ.","og_url":"https:\/\/pevaryl.com\/se\/produkt\/pevaryl-depot\/","og_site_name":"Pevaryl","article_modified_time":"2026-03-25T07:54:57+00:00","og_image":[{"width":1244,"height":1244,"url":"https:\/\/pevaryl.com\/app\/uploads\/sites\/2\/2022\/05\/pevaryl-depot.png","type":"image\/png"}],"twitter_card":"summary_large_image","twitter_misc":{"Ber\u00e4knad l\u00e4stid":"1 minut"},"schema":{"@context":"https:\/\/schema.org","@graph":[{"@type":"WebPage","@id":"https:\/\/pevaryl.com\/se\/produkt\/pevaryl-depot\/","url":"https:\/\/pevaryl.com\/se\/produkt\/pevaryl-depot\/","name":"Pevaryl\u00ae Depot - Pevaryl","isPartOf":{"@id":"https:\/\/pevaryl.com\/se\/#website"},"primaryImageOfPage":{"@id":"https:\/\/pevaryl.com\/se\/produkt\/pevaryl-depot\/#primaryimage"},"image":{"@id":"https:\/\/pevaryl.com\/se\/produkt\/pevaryl-depot\/#primaryimage"},"thumbnailUrl":"https:\/\/pevaryl.com\/app\/uploads\/sites\/2\/2022\/05\/pevaryl-depot.png","datePublished":"2022-05-16T09:21:38+00:00","dateModified":"2026-03-25T07:54:57+00:00","description":"1-dagsbehandling. I Pevaryl\u00ae Depot finns en gelstruktur som fungerar som en dep\u00e5. Dep\u00e5n g\u00f6r att den aktiva substansen, ekonazol, f\u00e4ster vid slemhinnan och uts\u00f6ndrar d\u00e4rifr\u00e5n under flera dagar. D\u00e4rf\u00f6r r\u00e4cker det med ett enda vagitorium av denna typ.","breadcrumb":{"@id":"https:\/\/pevaryl.com\/se\/produkt\/pevaryl-depot\/#breadcrumb"},"inLanguage":"sv-SE","potentialAction":[{"@type":"ReadAction","target":["https:\/\/pevaryl.com\/se\/produkt\/pevaryl-depot\/"]}]},{"@type":"ImageObject","inLanguage":"sv-SE","@id":"https:\/\/pevaryl.com\/se\/produkt\/pevaryl-depot\/#primaryimage","url":"https:\/\/pevaryl.com\/app\/uploads\/sites\/2\/2022\/05\/pevaryl-depot.png","contentUrl":"https:\/\/pevaryl.com\/app\/uploads\/sites\/2\/2022\/05\/pevaryl-depot.png","width":1244,"height":1244,"caption":"Pevaryl Depot"},{"@type":"BreadcrumbList","@id":"https:\/\/pevaryl.com\/se\/produkt\/pevaryl-depot\/#breadcrumb","itemListElement":[{"@type":"ListItem","position":1,"name":"Home","item":"https:\/\/pevaryl.com\/se\/"},{"@type":"ListItem","position":2,"name":"Produkter","item":"https:\/\/pevaryl.com\/se\/produkter\/"},{"@type":"ListItem","position":3,"name":"Pevaryl\u00ae Depot"}]},{"@type":"WebSite","@id":"https:\/\/pevaryl.com\/se\/#website","url":"https:\/\/pevaryl.com\/se\/","name":"Pevaryl","description":"","publisher":{"@id":"https:\/\/pevaryl.com\/se\/#organization"},"potentialAction":[{"@type":"SearchAction","target":{"@type":"EntryPoint","urlTemplate":"https:\/\/pevaryl.com\/se\/?s={search_term_string}"},"query-input":{"@type":"PropertyValueSpecification","valueRequired":true,"valueName":"search_term_string"}}],"inLanguage":"sv-SE"},{"@type":"Organization","@id":"https:\/\/pevaryl.com\/se\/#organization","name":"Pevaryl","url":"https:\/\/pevaryl.com\/se\/","logo":{"@type":"ImageObject","inLanguage":"sv-SE","@id":"https:\/\/pevaryl.com\/se\/#\/schema\/logo\/image\/","url":"https:\/\/pevaryl.com\/app\/uploads\/sites\/2\/2026\/03\/Pevaryl-logo.png","contentUrl":"https:\/\/pevaryl.com\/app\/uploads\/sites\/2\/2026\/03\/Pevaryl-logo.png","width":155,"height":30,"caption":"Pevaryl"},"image":{"@id":"https:\/\/pevaryl.com\/se\/#\/schema\/logo\/image\/"}}]}},"_links":{"self":[{"href":"https:\/\/pevaryl.com\/se\/wp-json\/wp\/v2\/product\/53","targetHints":{"allow":["GET"]}}],"collection":[{"href":"https:\/\/pevaryl.com\/se\/wp-json\/wp\/v2\/product"}],"about":[{"href":"https:\/\/pevaryl.com\/se\/wp-json\/wp\/v2\/types\/product"}],"replies":[{"embeddable":true,"href":"https:\/\/pevaryl.com\/se\/wp-json\/wp\/v2\/comments?post=53"}],"version-history":[{"count":8,"href":"https:\/\/pevaryl.com\/se\/wp-json\/wp\/v2\/product\/53\/revisions"}],"predecessor-version":[{"id":277,"href":"https:\/\/pevaryl.com\/se\/wp-json\/wp\/v2\/product\/53\/revisions\/277"}],"wp:featuredmedia":[{"embeddable":true,"href":"https:\/\/pevaryl.com\/se\/wp-json\/wp\/v2\/media\/55"}],"wp:attachment":[{"href":"https:\/\/pevaryl.com\/se\/wp-json\/wp\/v2\/media?parent=53"}],"wp:term":[{"taxonomy":"product_brand","embeddable":true,"href":"https:\/\/pevaryl.com\/se\/wp-json\/wp\/v2\/product_brand?post=53"},{"taxonomy":"product_cat","embeddable":true,"href":"https:\/\/pevaryl.com\/se\/wp-json\/wp\/v2\/product_cat?post=53"},{"taxonomy":"product_tag","embeddable":true,"href":"https:\/\/pevaryl.com\/se\/wp-json\/wp\/v2\/product_tag?post=53"}],"curies":[{"name":"wp","href":"https:\/\/api.w.org\/{rel}","templated":true}]}}