{"id":14,"date":"2022-05-13T13:36:40","date_gmt":"2022-05-13T11:36:40","guid":{"rendered":"https:\/\/pevaryl.com\/sv\/?page_id=14"},"modified":"2026-03-23T14:56:27","modified_gmt":"2026-03-23T13:56:27","slug":"pevaryl","status":"publish","type":"page","link":"https:\/\/pevaryl.com\/se\/","title":{"rendered":"Om Pevaryl"},"content":{"rendered":"\n\n\n\n\n<div class=\"wp-block-karopharma-free-text pt-large pb-small bg-center bg-cover bg-no-repeat\" style=\"background-image:url()\"><div class=\"free-text-wrapper container max-w-medium text-center\">\n<p class=\"is-style-paragraph-body-text\">Svampinfektioner (mykoser) \u00e4r <strong>mycket vanliga och m\u00e5nga m\u00e4nniskor f\u00e5r dem<\/strong>.<sup>1<\/sup> Trots detta kan de vara obehagliga, irriterande och besv\u00e4rliga,<sup>2<\/sup> och d\u00e4rf\u00f6r <strong>\u00e4r det viktigt att snabbt reda ut dem<\/strong> \u2013 s\u00e5 att du kan leva som du vill.<sup>2<\/sup><\/p>\n\n\n\n<h2 class=\"wp-block-heading is-style-heading-large\">Pevaryl<sup>\u00ae<\/sup> <sub>Ekonazol<\/sub><\/h2>\n\n\n\n<p class=\"is-style-paragraph-body-text\"><strong><mark style=\"background-color:rgba(0, 0, 0, 0)\" class=\"has-inline-color has-tertiary-color\">Pevaryl \u00e4r en lokal behandling f\u00f6r fotsvamp, hudsvamp och svampinfektion i underlivet.<sup>3-6<\/sup><br><\/mark><\/strong>Det fungerar genom att stoppa svampen fr\u00e5n att v\u00e4xa och finns i en m\u00e4ngd olika format.<sup>3\u20136<\/sup> Ekonazol, den aktiva substansen i Pevaryl, har \u00f6ver 30 \u00e5rs erfarenhet av att behandla svampinfektioner i hud.<sup>7<\/sup><\/p>\n<\/div><\/div>\n\n\n\n<figure class=\"wp-block-image size-full hundra\"><img loading=\"lazy\" decoding=\"async\" width=\"1920\" height=\"423\" src=\"https:\/\/pevaryl.com\/app\/uploads\/sites\/2\/2024\/03\/Pevaryl-banner-hedge.jpg\" alt=\"Pevaryl-banner-hedge\" class=\"wp-image-224\" srcset=\"https:\/\/pevaryl.com\/app\/uploads\/sites\/2\/2024\/03\/Pevaryl-banner-hedge.jpg 1920w, https:\/\/pevaryl.com\/app\/uploads\/sites\/2\/2024\/03\/Pevaryl-banner-hedge-320x71.jpg 320w, https:\/\/pevaryl.com\/app\/uploads\/sites\/2\/2024\/03\/Pevaryl-banner-hedge-1024x226.jpg 1024w, https:\/\/pevaryl.com\/app\/uploads\/sites\/2\/2024\/03\/Pevaryl-banner-hedge-768x169.jpg 768w, https:\/\/pevaryl.com\/app\/uploads\/sites\/2\/2024\/03\/Pevaryl-banner-hedge-1536x338.jpg 1536w, https:\/\/pevaryl.com\/app\/uploads\/sites\/2\/2024\/03\/Pevaryl-banner-hedge-600x132.jpg 600w\" sizes=\"auto, (max-width: 1920px) 100vw, 1920px\" \/><\/figure>\n\n\n\n<div style=\"height:100px\" aria-hidden=\"true\" class=\"wp-block-spacer is-style-responsive-small\"><\/div>\n\n\n\n<div class=\"wp-block-karopharma-free-text pt-small pb-small bg-center bg-cover bg-no-repeat  is-style-primary\" style=\"background-image:url()\"><div class=\"free-text-wrapper container max-w-medium text-left\">\n<h2 class=\"wp-block-heading\"><\/h2>\n<\/div><\/div>\n\n\n\n<div class=\"wp-block-karopharma-several-images-with-text several-images-with-text is-style-primary\"><div class=\"container large col-1 content-align-center\" test-data=\"inner-content\">\n<section class=\"wp-block-karopharma-image-with-text image-with-text image-with-text__full-width\"><div class=\"image-with-text-container \"><div class=\"image-with-text-container-image-container\"><img decoding=\"async\" loading=\"lazy\" src=\"https:\/\/pevaryl.com\/cdn-cgi\/image\/format=auto\/app\/uploads\/sites\/2\/2024\/03\/icon-1.png\" alt=\"icon-1\"\/><\/div><div class=\"image-with-text-container-content\" style=\"text-align:left\" data-test=\"content\"><div class=\"content\"><p class=\"body\" data-test=\"body\">Pevaryls produkter har <strong>visat sig vara effektiva<\/strong> vid behandling av kutan och vaginal kandidos (j\u00e4stsvampinfektion), dermatofytos (inklusive ringorm och fotsvamp) och pityriasis versicolor<sup>3-6<\/sup><\/p>\n<div class=\"wp-block-buttons is-layout-flex wp-block-buttons-is-layout-flex\"><\/div>\n<\/div><\/div><\/div><\/section>\n\n\n\n<section class=\"wp-block-karopharma-image-with-text image-with-text image-with-text__full-width is-style-transparent\"><div class=\"image-with-text-container \"><div class=\"image-with-text-container-image-container\"><img decoding=\"async\" loading=\"lazy\" src=\"https:\/\/pevaryl.com\/cdn-cgi\/image\/format=auto\/app\/uploads\/sites\/2\/2024\/03\/icon-2.png\" alt=\"icon-2\"\/><\/div><div class=\"image-with-text-container-content\" style=\"text-align:left\" data-test=\"content\"><div class=\"content\"><p class=\"body\" data-test=\"body\">De \u00e4r <strong>utformade f\u00f6r enkel applicering och bekv\u00e4mlighet<\/strong> av behandling<sup>5,6<\/sup><\/p>\n<div class=\"wp-block-buttons is-layout-flex wp-block-buttons-is-layout-flex\"><\/div>\n<\/div><\/div><\/div><\/section>\n<\/div><\/div>\n\n\n\n<div class=\"wp-block-karopharma-several-images-with-text several-images-with-text is-style-primary\"><div class=\"container large col-1 content-align-center\" test-data=\"inner-content\">\n<section class=\"wp-block-karopharma-image-with-text image-with-text image-with-text__full-width\"><div class=\"image-with-text-container \"><div class=\"image-with-text-container-image-container\"><img decoding=\"async\" loading=\"lazy\" src=\"https:\/\/pevaryl.com\/cdn-cgi\/image\/format=auto\/app\/uploads\/sites\/2\/2024\/03\/icon-3.png\" alt=\"icon-3\"\/><\/div><div class=\"image-with-text-container-content\" style=\"text-align:left\" data-test=\"content\"><div class=\"content\"><p class=\"body\" data-test=\"body\"><strong>Behandlingsl\u00e4ngden kan vara s\u00e5 kort som tre dagar<\/strong> f\u00f6r Pevaryl-l\u00f6sning f\u00f6r behandling av pityriasis versicolor<sup>4<\/sup><\/p>\n<div class=\"wp-block-buttons is-layout-flex wp-block-buttons-is-layout-flex\"><\/div>\n<\/div><\/div><\/div><\/section>\n\n\n\n<section class=\"wp-block-karopharma-image-with-text image-with-text image-with-text__full-width\"><div class=\"image-with-text-container \"><div class=\"image-with-text-container-image-container\"><img decoding=\"async\" loading=\"lazy\" src=\"https:\/\/pevaryl.com\/cdn-cgi\/image\/format=auto\/app\/uploads\/sites\/2\/2024\/03\/icon-4.png\" alt=\"icon-4\"\/><\/div><div class=\"image-with-text-container-content\" style=\"text-align:left\" data-test=\"content\"><div class=\"content\"><p class=\"body\" data-test=\"body\"><strong>Tecken p\u00e5 svampinfektion minskar vanligtvis inom 4\u20135 dagar <\/strong>efter att behandlingen med Pevaryl-kr\u00e4m p\u00e5b\u00f6rjats<sup>3<\/sup><\/p>\n<div class=\"wp-block-buttons is-layout-flex wp-block-buttons-is-layout-flex\"><\/div>\n<\/div><\/div><\/div><\/section>\n<\/div><\/div>\n\n\n\n<div class=\"wp-block-karopharma-free-text pt-small pb-small bg-center bg-cover bg-no-repeat  is-style-primary\" style=\"background-image:url()\"><div class=\"free-text-wrapper container max-w-medium text-left\">\n<h2 class=\"wp-block-heading\"><\/h2>\n<\/div><\/div>\n\n\n\n<div class=\"wp-block-karopharma-several-images-with-text several-images-with-text puffar is-style-secondary\"><div class=\"container large col-1 content-align-center\" test-data=\"inner-content\">\n<section class=\"wp-block-karopharma-image-with-text image-with-text image-with-text__full-width\"><div class=\"image-with-text-container \"><div class=\"image-with-text-container-image-container\"><img decoding=\"async\" loading=\"lazy\" src=\"https:\/\/pevaryl.com\/cdn-cgi\/image\/format=auto\/app\/uploads\/sites\/2\/2024\/04\/fothalsa.jpg\" alt=\"Foth\u00e4lsa\"\/><\/div><div class=\"image-with-text-container-content\" style=\"text-align:left\" data-test=\"content\"><div class=\"content\"><h2><strong>Foth\u00e4lsa<\/strong><\/h2><p class=\"body\" data-test=\"body\">Fotsvamp, \u00e4ven kallad tinea pedis, \u00e4r en vanlig svampinfektion p\u00e5 f\u00f6tterna. Den orsakas av svampar som trivs i varma och fuktiga milj\u00f6er och kan ge symtom som kl\u00e5da, rodnad och fj\u00e4llning. F\u00f6r att hj\u00e4lpa dig f\u00f6rst\u00e5 och hantera vanliga svampinfektioner, har vi sammanst\u00e4llt anv\u00e4ndbar information och n\u00e5gra tips f\u00f6r att bli av med dem.<\/p>\n<div class=\"wp-block-buttons is-layout-flex wp-block-buttons-is-layout-flex\">\n<div class=\"wp-block-button is-style-tertiary-button\"><a class=\"wp-block-button__link wp-element-button\" href=\"https:\/\/pevaryl.com\/se\/fot-och-hudhalsa\/\">L\u00e4s mer<\/a><\/div>\n<\/div>\n<\/div><\/div><\/div><\/section>\n\n\n\n<section class=\"wp-block-karopharma-image-with-text image-with-text image-with-text__full-width\"><div class=\"image-with-text-container \"><div class=\"image-with-text-container-image-container\"><img decoding=\"async\" loading=\"lazy\" src=\"https:\/\/pevaryl.com\/cdn-cgi\/image\/format=auto\/app\/uploads\/sites\/2\/2024\/03\/intimate-health-1.jpg\" alt=\"Underlivsh\u00e4lsa\"\/><\/div><div class=\"image-with-text-container-content\" style=\"text-align:left\" data-test=\"content\"><div class=\"content\"><h2><strong>Underlivsh\u00e4lsa<\/strong><\/h2><p class=\"body\" data-test=\"body\">Vad \u00e4r vaginal j\u00e4stvampinfektion och hur kan du f\u00e5 den? Vi reder ut n\u00e5gra missuppfattningar om j\u00e4stsvampinfektion och pratar om olika behandlingsalternativ som finns tillg\u00e4ngliga.<br><br><\/p>\n<div class=\"wp-block-buttons is-layout-flex wp-block-buttons-is-layout-flex\">\n<div class=\"wp-block-button is-style-tertiary-button\"><a class=\"wp-block-button__link wp-element-button\" href=\"https:\/\/pevaryl.com\/se\/underlivshalsa\/\">L\u00e4s mer<\/a><\/div>\n<\/div>\n<\/div><\/div><\/div><\/section>\n<\/div><\/div>\n\n\n\n<div class=\"wp-block-karopharma-free-text pt-large pb-large bg-center bg-auto bg-repeat  is-style-primary\" style=\"background-image:url(https:\/\/pevaryl.com\/cdn-cgi\/image\/format=auto\/app\/uploads\/sites\/7\/2023\/09\/bg-find-the-right-product-1.png)\"><div class=\"free-text-wrapper container max-w-medium text-center\">\n<h2 class=\"wp-block-heading has-text-align-center is-style-heading-large has-primary-color has-text-color\">Hitta den r\u00e4tta produkten f\u00f6r dig<\/h2>\n\n\n\n<figure class=\"wp-block-image size-full\"><img loading=\"lazy\" decoding=\"async\" width=\"1306\" height=\"423\" src=\"https:\/\/pevaryl.com\/app\/uploads\/sites\/2\/2024\/03\/find-the-right-product-for-you-copy.png\" alt=\"Hitta den r\u00e4tta produkten f\u00f6r dig\" class=\"wp-image-226\" srcset=\"https:\/\/pevaryl.com\/app\/uploads\/sites\/2\/2024\/03\/find-the-right-product-for-you-copy.png 1306w, https:\/\/pevaryl.com\/app\/uploads\/sites\/2\/2024\/03\/find-the-right-product-for-you-copy-320x104.png 320w, https:\/\/pevaryl.com\/app\/uploads\/sites\/2\/2024\/03\/find-the-right-product-for-you-copy-1024x332.png 1024w, https:\/\/pevaryl.com\/app\/uploads\/sites\/2\/2024\/03\/find-the-right-product-for-you-copy-768x249.png 768w, https:\/\/pevaryl.com\/app\/uploads\/sites\/2\/2024\/03\/find-the-right-product-for-you-copy-600x194.png 600w\" sizes=\"auto, (max-width: 1306px) 100vw, 1306px\" \/><\/figure>\n\n\n\n<p class=\"is-style-paragraph-body-text has-white-color has-text-color\">Pevarylprodukter \u00e4r effektiva mot de vanligaste svampinfektionerna i hud.<sup>3\u20136<\/sup><br> <strong>De finns i en rad olika format f\u00f6r hela familjen, vilket ger dig ett urval av produkter som passar dina behov och personliga \u00f6nskem\u00e5l<\/strong>.<sup>3-6<\/sup><\/p>\n\n\n\n<div class=\"wp-block-buttons is-layout-flex wp-block-buttons-is-layout-flex\">\n<div class=\"wp-block-button is-style-tertiary-button\"><a class=\"wp-block-button__link wp-element-button\" href=\"https:\/\/pevaryl.com\/se\/produkter\/\">L\u00c4S MER<\/a><\/div>\n\n\n\n<div class=\"wp-block-button is-style-alternative-button\"><a class=\"wp-block-button__link wp-element-button\" href=\"#resellers\">K\u00d6P NU<\/a><\/div>\n<\/div>\n<\/div><\/div>\n\n\n\n<div class=\"wp-block-karopharma-free-text pt-medium pb-medium bg-center bg-cover bg-no-repeat  grey\" style=\"background-image:url()\"><div class=\"free-text-wrapper container max-w-medium text-left\">\n<p class=\"is-style-paragraph-small\">REFERENSER<br>1. Hay RJ. Medicine 2017;45(11):707\u2013710. 2. Urban K et al. JAAD Int 2021;2:22\u201327. 3. Epi-Pevaryl cream SmPC (DE). 4. Epi-Pevaryl solution SmPC (DE). 5. Pevaryl depot vag 150mg SmPC (SE). 6. Pevaryl depot vag 150mg + 1% cream 15g SmPC (SE). 7. National Library of Medicine. National Center for Biotechnology Information. Econazole. <a href=\"https:\/\/www.ncbi.nlm.nih.gov\/mesh\/68004464\" target=\"_blank\" rel=\"noreferrer noopener\">www.ncbi.nlm.nih.gov\/mesh\/68004464<\/a>.<\/p>\n<\/div><\/div>\n","protected":false},"excerpt":{"rendered":"","protected":false},"author":2,"featured_media":0,"parent":0,"menu_order":0,"comment_status":"closed","ping_status":"closed","template":"","meta":{"_acf_changed":false,"footnotes":""},"from-article-database":[],"class_list":["post-14","page","type-page","status-publish","hentry"],"acf":[],"yoast_head":"<!-- This site is optimized with the Yoast SEO plugin v26.6 - https:\/\/yoast.com\/wordpress\/plugins\/seo\/ -->\n<title>Om Pevaryl - Pevaryl<\/title>\n<meta name=\"description\" content=\"Svamp i underlivet \u00e4r inte farligt men kan orsaka obehag. Symtomen kan l\u00e4tt behandlas med Pevaryl\u00ae \u2013 Sveriges mest k\u00f6pta produkt mot underlivssvamp. Finns att k\u00f6pa receptfritt p\u00e5 apotek.\" \/>\n<meta name=\"robots\" content=\"index, follow, max-snippet:-1, max-image-preview:large, max-video-preview:-1\" \/>\n<link rel=\"canonical\" href=\"https:\/\/pevaryl.com\/se\/\" \/>\n<meta property=\"og:locale\" content=\"sv_SE\" \/>\n<meta property=\"og:type\" content=\"article\" \/>\n<meta property=\"og:title\" content=\"Om Pevaryl - Pevaryl\" \/>\n<meta property=\"og:description\" content=\"Svamp i underlivet \u00e4r inte farligt men kan orsaka obehag. Symtomen kan l\u00e4tt behandlas med Pevaryl\u00ae \u2013 Sveriges mest k\u00f6pta produkt mot underlivssvamp. Finns att k\u00f6pa receptfritt p\u00e5 apotek.\" \/>\n<meta property=\"og:url\" content=\"https:\/\/pevaryl.com\/se\/\" \/>\n<meta property=\"og:site_name\" content=\"Pevaryl\" \/>\n<meta property=\"article:modified_time\" content=\"2026-03-23T13:56:27+00:00\" \/>\n<meta property=\"og:image\" content=\"https:\/\/pevaryl.com\/app\/uploads\/sites\/2\/2024\/03\/Pevaryl-banner-hedge.jpg\" \/>\n<meta name=\"twitter:card\" content=\"summary_large_image\" \/>\n<meta name=\"twitter:label1\" content=\"Ber\u00e4knad l\u00e4stid\" \/>\n\t<meta name=\"twitter:data1\" content=\"4 minuter\" \/>\n<script type=\"application\/ld+json\" class=\"yoast-schema-graph\">{\"@context\":\"https:\/\/schema.org\",\"@graph\":[{\"@type\":\"WebPage\",\"@id\":\"https:\/\/pevaryl.com\/se\/\",\"url\":\"https:\/\/pevaryl.com\/se\/\",\"name\":\"Om Pevaryl - Pevaryl\",\"isPartOf\":{\"@id\":\"https:\/\/pevaryl.com\/se\/#website\"},\"primaryImageOfPage\":{\"@id\":\"https:\/\/pevaryl.com\/se\/#primaryimage\"},\"image\":{\"@id\":\"https:\/\/pevaryl.com\/se\/#primaryimage\"},\"thumbnailUrl\":\"https:\/\/pevaryl.com\/app\/uploads\/sites\/2\/2024\/03\/Pevaryl-banner-hedge.jpg\",\"datePublished\":\"2022-05-13T11:36:40+00:00\",\"dateModified\":\"2026-03-23T13:56:27+00:00\",\"description\":\"Svamp i underlivet \u00e4r inte farligt men kan orsaka obehag. Symtomen kan l\u00e4tt behandlas med Pevaryl\u00ae \u2013 Sveriges mest k\u00f6pta produkt mot underlivssvamp. Finns att k\u00f6pa receptfritt p\u00e5 apotek.\",\"breadcrumb\":{\"@id\":\"https:\/\/pevaryl.com\/se\/#breadcrumb\"},\"inLanguage\":\"sv-SE\",\"potentialAction\":[{\"@type\":\"ReadAction\",\"target\":[\"https:\/\/pevaryl.com\/se\/\"]}]},{\"@type\":\"ImageObject\",\"inLanguage\":\"sv-SE\",\"@id\":\"https:\/\/pevaryl.com\/se\/#primaryimage\",\"url\":\"https:\/\/pevaryl.com\/app\/uploads\/sites\/2\/2024\/03\/Pevaryl-banner-hedge.jpg\",\"contentUrl\":\"https:\/\/pevaryl.com\/app\/uploads\/sites\/2\/2024\/03\/Pevaryl-banner-hedge.jpg\"},{\"@type\":\"BreadcrumbList\",\"@id\":\"https:\/\/pevaryl.com\/se\/#breadcrumb\",\"itemListElement\":[{\"@type\":\"ListItem\",\"position\":1,\"name\":\"Home\",\"item\":\"https:\/\/pevaryl.com\/se\/\"},{\"@type\":\"ListItem\",\"position\":2,\"name\":\"Om Pevaryl\"}]},{\"@type\":\"WebSite\",\"@id\":\"https:\/\/pevaryl.com\/se\/#website\",\"url\":\"https:\/\/pevaryl.com\/se\/\",\"name\":\"Pevaryl\",\"description\":\"\",\"publisher\":{\"@id\":\"https:\/\/pevaryl.com\/se\/#organization\"},\"potentialAction\":[{\"@type\":\"SearchAction\",\"target\":{\"@type\":\"EntryPoint\",\"urlTemplate\":\"https:\/\/pevaryl.com\/se\/?s={search_term_string}\"},\"query-input\":{\"@type\":\"PropertyValueSpecification\",\"valueRequired\":true,\"valueName\":\"search_term_string\"}}],\"inLanguage\":\"sv-SE\"},{\"@type\":\"Organization\",\"@id\":\"https:\/\/pevaryl.com\/se\/#organization\",\"name\":\"Pevaryl\",\"url\":\"https:\/\/pevaryl.com\/se\/\",\"logo\":{\"@type\":\"ImageObject\",\"inLanguage\":\"sv-SE\",\"@id\":\"https:\/\/pevaryl.com\/se\/#\/schema\/logo\/image\/\",\"url\":\"https:\/\/pevaryl.com\/app\/uploads\/sites\/2\/2026\/03\/Pevaryl-logo.png\",\"contentUrl\":\"https:\/\/pevaryl.com\/app\/uploads\/sites\/2\/2026\/03\/Pevaryl-logo.png\",\"width\":155,\"height\":30,\"caption\":\"Pevaryl\"},\"image\":{\"@id\":\"https:\/\/pevaryl.com\/se\/#\/schema\/logo\/image\/\"}}]}<\/script>\n<!-- \/ Yoast SEO plugin. -->","yoast_head_json":{"title":"Om Pevaryl - Pevaryl","description":"Svamp i underlivet \u00e4r inte farligt men kan orsaka obehag. Symtomen kan l\u00e4tt behandlas med Pevaryl\u00ae \u2013 Sveriges mest k\u00f6pta produkt mot underlivssvamp. Finns att k\u00f6pa receptfritt p\u00e5 apotek.","robots":{"index":"index","follow":"follow","max-snippet":"max-snippet:-1","max-image-preview":"max-image-preview:large","max-video-preview":"max-video-preview:-1"},"canonical":"https:\/\/pevaryl.com\/se\/","og_locale":"sv_SE","og_type":"article","og_title":"Om Pevaryl - Pevaryl","og_description":"Svamp i underlivet \u00e4r inte farligt men kan orsaka obehag. Symtomen kan l\u00e4tt behandlas med Pevaryl\u00ae \u2013 Sveriges mest k\u00f6pta produkt mot underlivssvamp. Finns att k\u00f6pa receptfritt p\u00e5 apotek.","og_url":"https:\/\/pevaryl.com\/se\/","og_site_name":"Pevaryl","article_modified_time":"2026-03-23T13:56:27+00:00","og_image":[{"url":"https:\/\/pevaryl.com\/app\/uploads\/sites\/2\/2024\/03\/Pevaryl-banner-hedge.jpg","type":"","width":"","height":""}],"twitter_card":"summary_large_image","twitter_misc":{"Ber\u00e4knad l\u00e4stid":"4 minuter"},"schema":{"@context":"https:\/\/schema.org","@graph":[{"@type":"WebPage","@id":"https:\/\/pevaryl.com\/se\/","url":"https:\/\/pevaryl.com\/se\/","name":"Om Pevaryl - Pevaryl","isPartOf":{"@id":"https:\/\/pevaryl.com\/se\/#website"},"primaryImageOfPage":{"@id":"https:\/\/pevaryl.com\/se\/#primaryimage"},"image":{"@id":"https:\/\/pevaryl.com\/se\/#primaryimage"},"thumbnailUrl":"https:\/\/pevaryl.com\/app\/uploads\/sites\/2\/2024\/03\/Pevaryl-banner-hedge.jpg","datePublished":"2022-05-13T11:36:40+00:00","dateModified":"2026-03-23T13:56:27+00:00","description":"Svamp i underlivet \u00e4r inte farligt men kan orsaka obehag. Symtomen kan l\u00e4tt behandlas med Pevaryl\u00ae \u2013 Sveriges mest k\u00f6pta produkt mot underlivssvamp. Finns att k\u00f6pa receptfritt p\u00e5 apotek.","breadcrumb":{"@id":"https:\/\/pevaryl.com\/se\/#breadcrumb"},"inLanguage":"sv-SE","potentialAction":[{"@type":"ReadAction","target":["https:\/\/pevaryl.com\/se\/"]}]},{"@type":"ImageObject","inLanguage":"sv-SE","@id":"https:\/\/pevaryl.com\/se\/#primaryimage","url":"https:\/\/pevaryl.com\/app\/uploads\/sites\/2\/2024\/03\/Pevaryl-banner-hedge.jpg","contentUrl":"https:\/\/pevaryl.com\/app\/uploads\/sites\/2\/2024\/03\/Pevaryl-banner-hedge.jpg"},{"@type":"BreadcrumbList","@id":"https:\/\/pevaryl.com\/se\/#breadcrumb","itemListElement":[{"@type":"ListItem","position":1,"name":"Home","item":"https:\/\/pevaryl.com\/se\/"},{"@type":"ListItem","position":2,"name":"Om Pevaryl"}]},{"@type":"WebSite","@id":"https:\/\/pevaryl.com\/se\/#website","url":"https:\/\/pevaryl.com\/se\/","name":"Pevaryl","description":"","publisher":{"@id":"https:\/\/pevaryl.com\/se\/#organization"},"potentialAction":[{"@type":"SearchAction","target":{"@type":"EntryPoint","urlTemplate":"https:\/\/pevaryl.com\/se\/?s={search_term_string}"},"query-input":{"@type":"PropertyValueSpecification","valueRequired":true,"valueName":"search_term_string"}}],"inLanguage":"sv-SE"},{"@type":"Organization","@id":"https:\/\/pevaryl.com\/se\/#organization","name":"Pevaryl","url":"https:\/\/pevaryl.com\/se\/","logo":{"@type":"ImageObject","inLanguage":"sv-SE","@id":"https:\/\/pevaryl.com\/se\/#\/schema\/logo\/image\/","url":"https:\/\/pevaryl.com\/app\/uploads\/sites\/2\/2026\/03\/Pevaryl-logo.png","contentUrl":"https:\/\/pevaryl.com\/app\/uploads\/sites\/2\/2026\/03\/Pevaryl-logo.png","width":155,"height":30,"caption":"Pevaryl"},"image":{"@id":"https:\/\/pevaryl.com\/se\/#\/schema\/logo\/image\/"}}]}},"_links":{"self":[{"href":"https:\/\/pevaryl.com\/se\/wp-json\/wp\/v2\/pages\/14","targetHints":{"allow":["GET"]}}],"collection":[{"href":"https:\/\/pevaryl.com\/se\/wp-json\/wp\/v2\/pages"}],"about":[{"href":"https:\/\/pevaryl.com\/se\/wp-json\/wp\/v2\/types\/page"}],"author":[{"embeddable":true,"href":"https:\/\/pevaryl.com\/se\/wp-json\/wp\/v2\/users\/2"}],"replies":[{"embeddable":true,"href":"https:\/\/pevaryl.com\/se\/wp-json\/wp\/v2\/comments?post=14"}],"version-history":[{"count":10,"href":"https:\/\/pevaryl.com\/se\/wp-json\/wp\/v2\/pages\/14\/revisions"}],"predecessor-version":[{"id":270,"href":"https:\/\/pevaryl.com\/se\/wp-json\/wp\/v2\/pages\/14\/revisions\/270"}],"wp:attachment":[{"href":"https:\/\/pevaryl.com\/se\/wp-json\/wp\/v2\/media?parent=14"}],"wp:term":[{"taxonomy":"from-article-database","embeddable":true,"href":"https:\/\/pevaryl.com\/se\/wp-json\/wp\/v2\/from-article-database?post=14"}],"curies":[{"name":"wp","href":"https:\/\/api.w.org\/{rel}","templated":true}]}}