{"id":68,"date":"2022-05-13T15:15:35","date_gmt":"2022-05-13T14:15:35","guid":{"rendered":"https:\/\/pevaryl.com\/pt\/?post_type=product&#038;p=68"},"modified":"2023-12-15T14:03:13","modified_gmt":"2023-12-15T14:03:13","slug":"pevaryl-10-mg-g-po-para-pulverizacao-cutanea","status":"publish","type":"product","link":"https:\/\/pevaryl.com\/pt\/produto\/pevaryl-10-mg-g-po-para-pulverizacao-cutanea\/","title":{"rendered":"Pevaryl 10 mg\/g p\u00f3 para pulveriza\u00e7\u00e3o cut\u00e2nea"},"content":{"rendered":"\n<div class=\"wp-block-karopharma-free-text pt-large pb-large bg-center bg-contain bg-no-repeat  pb-small undefined is-style-secondary\" style=\"background-image:url()\"><div class=\"free-text-wrapper container max-w-medium text-left\">\n<h2 class=\"wp-block-heading\" id=\"modalita-d-uso\">Modalit\u00e0 d\u2019uso<\/h2>\n\n\n\n<p>Aplique o Pevaryl\u00ae nas regi\u00f5es afetadas de manh\u00e3 e \u00e0 noite, massajando suavemente.<\/p>\n\n\n\n<p>Nas dobras e pregas cut\u00e2neas (regi\u00f5es intertriginosas) aplicar uma gaze a fim de manter a zona seca.<\/p>\n\n\n\n<p>Pevaryl p\u00f3 para pulveriza\u00e7\u00e3o cut\u00e2nea \u00e9 utilizado para completer a terap\u00eautica com <a href=\"https:\/\/pevaryl.com\/pt\/produto\/pevaryl-10-mg-g-solucao-para-pulverizacao-cutanea\/\">Pevaryl\u00ae solu\u00e7\u00e3o para pulveriza\u00e7\u00e3o cut\u00e2nea<\/a> e <a href=\"https:\/\/pevaryl.com\/pt\/produto\/pevaryl-10-mg-g-creme\/\">creme<\/a>, como tratamento auxiliar ou como profil\u00e1tico.<\/p>\n\n\n\n<p>Pevaryl p\u00f3 para pulveriza\u00e7\u00e3o cut\u00e2nea \u00e9 utilizado para completer a terap\u00eautica com Pevaryl\u00ae solu\u00e7\u00e3o para pulveriza\u00e7\u00e3o cut\u00e2nea e creme, como tratamento auxiliar ou como profil\u00e1tico.<\/p>\n<\/div><\/div>\n","protected":false},"excerpt":{"rendered":"<p>Para quando precisa de tratar infe\u00e7\u00f5es f\u00fangicas na pele. F\u00e1cil de utilizar, por exemplo, no p\u00e9 de atleta.<\/p>\n","protected":false},"featured_media":70,"comment_status":"closed","ping_status":"closed","template":"","meta":{"_acf_changed":false,"footnotes":""},"product_brand":[],"product_cat":[19],"product_tag":[],"class_list":{"0":"post-68","1":"product","2":"type-product","3":"status-publish","4":"has-post-thumbnail","6":"product_cat-pes-e-pele","8":"first","9":"instock","10":"shipping-taxable","11":"product-type-simple"},"acf":[],"yoast_head":"<!-- This site is optimized with the Yoast SEO plugin v26.6 - https:\/\/yoast.com\/wordpress\/plugins\/seo\/ -->\n<title>Pevaryl 10 mg\/g p\u00f3 para pulveriza\u00e7\u00e3o cut\u00e2nea - Pevaryl<\/title>\n<meta name=\"description\" content=\"Este p\u00f3 medicinal \u00e9 um formato conveniente, que pode ser colocado nas meios e nos sapatos. Em zonas em que o creme pode ser desconfort\u00e1vel, como debaixo do peito ou na virilha, o p\u00f3 funciona muito bem.\" \/>\n<meta name=\"robots\" content=\"index, follow, max-snippet:-1, max-image-preview:large, max-video-preview:-1\" \/>\n<link rel=\"canonical\" href=\"https:\/\/pevaryl.com\/pt\/produto\/pevaryl-10-mg-g-po-para-pulverizacao-cutanea\/\" \/>\n<meta property=\"og:locale\" content=\"pt_PT\" \/>\n<meta property=\"og:type\" content=\"article\" \/>\n<meta property=\"og:title\" content=\"Pevaryl 10 mg\/g p\u00f3 para pulveriza\u00e7\u00e3o cut\u00e2nea - Pevaryl\" \/>\n<meta property=\"og:description\" content=\"Este p\u00f3 medicinal \u00e9 um formato conveniente, que pode ser colocado nas meios e nos sapatos. Em zonas em que o creme pode ser desconfort\u00e1vel, como debaixo do peito ou na virilha, o p\u00f3 funciona muito bem.\" \/>\n<meta property=\"og:url\" content=\"https:\/\/pevaryl.com\/pt\/produto\/pevaryl-10-mg-g-po-para-pulverizacao-cutanea\/\" \/>\n<meta property=\"og:site_name\" content=\"Pevaryl\" \/>\n<meta property=\"article:modified_time\" content=\"2023-12-15T14:03:13+00:00\" \/>\n<meta property=\"og:image\" content=\"https:\/\/pevaryl.com\/app\/uploads\/sites\/4\/2022\/05\/Pevaryl-pulver.png\" \/>\n\t<meta property=\"og:image:width\" content=\"1200\" \/>\n\t<meta property=\"og:image:height\" content=\"1200\" \/>\n\t<meta property=\"og:image:type\" content=\"image\/png\" \/>\n<meta name=\"twitter:card\" content=\"summary_large_image\" \/>\n<meta name=\"twitter:label1\" content=\"Tempo estimado de leitura\" \/>\n\t<meta name=\"twitter:data1\" content=\"1 minuto\" \/>\n<script type=\"application\/ld+json\" class=\"yoast-schema-graph\">{\"@context\":\"https:\/\/schema.org\",\"@graph\":[{\"@type\":\"WebPage\",\"@id\":\"https:\/\/pevaryl.com\/pt\/produto\/pevaryl-10-mg-g-po-para-pulverizacao-cutanea\/\",\"url\":\"https:\/\/pevaryl.com\/pt\/produto\/pevaryl-10-mg-g-po-para-pulverizacao-cutanea\/\",\"name\":\"Pevaryl 10 mg\/g p\u00f3 para pulveriza\u00e7\u00e3o cut\u00e2nea - Pevaryl\",\"isPartOf\":{\"@id\":\"https:\/\/pevaryl.com\/pt\/#website\"},\"primaryImageOfPage\":{\"@id\":\"https:\/\/pevaryl.com\/pt\/produto\/pevaryl-10-mg-g-po-para-pulverizacao-cutanea\/#primaryimage\"},\"image\":{\"@id\":\"https:\/\/pevaryl.com\/pt\/produto\/pevaryl-10-mg-g-po-para-pulverizacao-cutanea\/#primaryimage\"},\"thumbnailUrl\":\"https:\/\/pevaryl.com\/app\/uploads\/sites\/4\/2022\/05\/Pevaryl-pulver.png\",\"datePublished\":\"2022-05-13T14:15:35+00:00\",\"dateModified\":\"2023-12-15T14:03:13+00:00\",\"description\":\"Este p\u00f3 medicinal \u00e9 um formato conveniente, que pode ser colocado nas meios e nos sapatos. Em zonas em que o creme pode ser desconfort\u00e1vel, como debaixo do peito ou na virilha, o p\u00f3 funciona muito bem.\",\"breadcrumb\":{\"@id\":\"https:\/\/pevaryl.com\/pt\/produto\/pevaryl-10-mg-g-po-para-pulverizacao-cutanea\/#breadcrumb\"},\"inLanguage\":\"pt-PT\",\"potentialAction\":[{\"@type\":\"ReadAction\",\"target\":[\"https:\/\/pevaryl.com\/pt\/produto\/pevaryl-10-mg-g-po-para-pulverizacao-cutanea\/\"]}]},{\"@type\":\"ImageObject\",\"inLanguage\":\"pt-PT\",\"@id\":\"https:\/\/pevaryl.com\/pt\/produto\/pevaryl-10-mg-g-po-para-pulverizacao-cutanea\/#primaryimage\",\"url\":\"https:\/\/pevaryl.com\/app\/uploads\/sites\/4\/2022\/05\/Pevaryl-pulver.png\",\"contentUrl\":\"https:\/\/pevaryl.com\/app\/uploads\/sites\/4\/2022\/05\/Pevaryl-pulver.png\",\"width\":1200,\"height\":1200,\"caption\":\"Pevaryl 10 mg\/g p\u00f3 para pulveriza\u00e7\u00e3o cut\u00e2nea\"},{\"@type\":\"BreadcrumbList\",\"@id\":\"https:\/\/pevaryl.com\/pt\/produto\/pevaryl-10-mg-g-po-para-pulverizacao-cutanea\/#breadcrumb\",\"itemListElement\":[{\"@type\":\"ListItem\",\"position\":1,\"name\":\"Home\",\"item\":\"https:\/\/pevaryl.com\/pt\/\"},{\"@type\":\"ListItem\",\"position\":2,\"name\":\"Produtos\",\"item\":\"https:\/\/pevaryl.com\/pt\/produtos\/\"},{\"@type\":\"ListItem\",\"position\":3,\"name\":\"Pevaryl 10 mg\/g p\u00f3 para pulveriza\u00e7\u00e3o cut\u00e2nea\"}]},{\"@type\":\"WebSite\",\"@id\":\"https:\/\/pevaryl.com\/pt\/#website\",\"url\":\"https:\/\/pevaryl.com\/pt\/\",\"name\":\"Pevaryl\",\"description\":\"\",\"publisher\":{\"@id\":\"https:\/\/pevaryl.com\/pt\/#organization\"},\"potentialAction\":[{\"@type\":\"SearchAction\",\"target\":{\"@type\":\"EntryPoint\",\"urlTemplate\":\"https:\/\/pevaryl.com\/pt\/?s={search_term_string}\"},\"query-input\":{\"@type\":\"PropertyValueSpecification\",\"valueRequired\":true,\"valueName\":\"search_term_string\"}}],\"inLanguage\":\"pt-PT\"},{\"@type\":\"Organization\",\"@id\":\"https:\/\/pevaryl.com\/pt\/#organization\",\"name\":\"Pevaryl\",\"url\":\"https:\/\/pevaryl.com\/pt\/\",\"logo\":{\"@type\":\"ImageObject\",\"inLanguage\":\"pt-PT\",\"@id\":\"https:\/\/pevaryl.com\/pt\/#\/schema\/logo\/image\/\",\"url\":\"https:\/\/pevaryl.com\/app\/uploads\/sites\/4\/2023\/09\/Pevaryl-logo.png\",\"contentUrl\":\"https:\/\/pevaryl.com\/app\/uploads\/sites\/4\/2023\/09\/Pevaryl-logo.png\",\"width\":108,\"height\":30,\"caption\":\"Pevaryl\"},\"image\":{\"@id\":\"https:\/\/pevaryl.com\/pt\/#\/schema\/logo\/image\/\"}}]}<\/script>\n<!-- \/ Yoast SEO plugin. -->","yoast_head_json":{"title":"Pevaryl 10 mg\/g p\u00f3 para pulveriza\u00e7\u00e3o cut\u00e2nea - Pevaryl","description":"Este p\u00f3 medicinal \u00e9 um formato conveniente, que pode ser colocado nas meios e nos sapatos. Em zonas em que o creme pode ser desconfort\u00e1vel, como debaixo do peito ou na virilha, o p\u00f3 funciona muito bem.","robots":{"index":"index","follow":"follow","max-snippet":"max-snippet:-1","max-image-preview":"max-image-preview:large","max-video-preview":"max-video-preview:-1"},"canonical":"https:\/\/pevaryl.com\/pt\/produto\/pevaryl-10-mg-g-po-para-pulverizacao-cutanea\/","og_locale":"pt_PT","og_type":"article","og_title":"Pevaryl 10 mg\/g p\u00f3 para pulveriza\u00e7\u00e3o cut\u00e2nea - Pevaryl","og_description":"Este p\u00f3 medicinal \u00e9 um formato conveniente, que pode ser colocado nas meios e nos sapatos. Em zonas em que o creme pode ser desconfort\u00e1vel, como debaixo do peito ou na virilha, o p\u00f3 funciona muito bem.","og_url":"https:\/\/pevaryl.com\/pt\/produto\/pevaryl-10-mg-g-po-para-pulverizacao-cutanea\/","og_site_name":"Pevaryl","article_modified_time":"2023-12-15T14:03:13+00:00","og_image":[{"width":1200,"height":1200,"url":"https:\/\/pevaryl.com\/app\/uploads\/sites\/4\/2022\/05\/Pevaryl-pulver.png","type":"image\/png"}],"twitter_card":"summary_large_image","twitter_misc":{"Tempo estimado de leitura":"1 minuto"},"schema":{"@context":"https:\/\/schema.org","@graph":[{"@type":"WebPage","@id":"https:\/\/pevaryl.com\/pt\/produto\/pevaryl-10-mg-g-po-para-pulverizacao-cutanea\/","url":"https:\/\/pevaryl.com\/pt\/produto\/pevaryl-10-mg-g-po-para-pulverizacao-cutanea\/","name":"Pevaryl 10 mg\/g p\u00f3 para pulveriza\u00e7\u00e3o cut\u00e2nea - Pevaryl","isPartOf":{"@id":"https:\/\/pevaryl.com\/pt\/#website"},"primaryImageOfPage":{"@id":"https:\/\/pevaryl.com\/pt\/produto\/pevaryl-10-mg-g-po-para-pulverizacao-cutanea\/#primaryimage"},"image":{"@id":"https:\/\/pevaryl.com\/pt\/produto\/pevaryl-10-mg-g-po-para-pulverizacao-cutanea\/#primaryimage"},"thumbnailUrl":"https:\/\/pevaryl.com\/app\/uploads\/sites\/4\/2022\/05\/Pevaryl-pulver.png","datePublished":"2022-05-13T14:15:35+00:00","dateModified":"2023-12-15T14:03:13+00:00","description":"Este p\u00f3 medicinal \u00e9 um formato conveniente, que pode ser colocado nas meios e nos sapatos. Em zonas em que o creme pode ser desconfort\u00e1vel, como debaixo do peito ou na virilha, o p\u00f3 funciona muito bem.","breadcrumb":{"@id":"https:\/\/pevaryl.com\/pt\/produto\/pevaryl-10-mg-g-po-para-pulverizacao-cutanea\/#breadcrumb"},"inLanguage":"pt-PT","potentialAction":[{"@type":"ReadAction","target":["https:\/\/pevaryl.com\/pt\/produto\/pevaryl-10-mg-g-po-para-pulverizacao-cutanea\/"]}]},{"@type":"ImageObject","inLanguage":"pt-PT","@id":"https:\/\/pevaryl.com\/pt\/produto\/pevaryl-10-mg-g-po-para-pulverizacao-cutanea\/#primaryimage","url":"https:\/\/pevaryl.com\/app\/uploads\/sites\/4\/2022\/05\/Pevaryl-pulver.png","contentUrl":"https:\/\/pevaryl.com\/app\/uploads\/sites\/4\/2022\/05\/Pevaryl-pulver.png","width":1200,"height":1200,"caption":"Pevaryl 10 mg\/g p\u00f3 para pulveriza\u00e7\u00e3o cut\u00e2nea"},{"@type":"BreadcrumbList","@id":"https:\/\/pevaryl.com\/pt\/produto\/pevaryl-10-mg-g-po-para-pulverizacao-cutanea\/#breadcrumb","itemListElement":[{"@type":"ListItem","position":1,"name":"Home","item":"https:\/\/pevaryl.com\/pt\/"},{"@type":"ListItem","position":2,"name":"Produtos","item":"https:\/\/pevaryl.com\/pt\/produtos\/"},{"@type":"ListItem","position":3,"name":"Pevaryl 10 mg\/g p\u00f3 para pulveriza\u00e7\u00e3o cut\u00e2nea"}]},{"@type":"WebSite","@id":"https:\/\/pevaryl.com\/pt\/#website","url":"https:\/\/pevaryl.com\/pt\/","name":"Pevaryl","description":"","publisher":{"@id":"https:\/\/pevaryl.com\/pt\/#organization"},"potentialAction":[{"@type":"SearchAction","target":{"@type":"EntryPoint","urlTemplate":"https:\/\/pevaryl.com\/pt\/?s={search_term_string}"},"query-input":{"@type":"PropertyValueSpecification","valueRequired":true,"valueName":"search_term_string"}}],"inLanguage":"pt-PT"},{"@type":"Organization","@id":"https:\/\/pevaryl.com\/pt\/#organization","name":"Pevaryl","url":"https:\/\/pevaryl.com\/pt\/","logo":{"@type":"ImageObject","inLanguage":"pt-PT","@id":"https:\/\/pevaryl.com\/pt\/#\/schema\/logo\/image\/","url":"https:\/\/pevaryl.com\/app\/uploads\/sites\/4\/2023\/09\/Pevaryl-logo.png","contentUrl":"https:\/\/pevaryl.com\/app\/uploads\/sites\/4\/2023\/09\/Pevaryl-logo.png","width":108,"height":30,"caption":"Pevaryl"},"image":{"@id":"https:\/\/pevaryl.com\/pt\/#\/schema\/logo\/image\/"}}]}},"_links":{"self":[{"href":"https:\/\/pevaryl.com\/pt\/wp-json\/wp\/v2\/product\/68","targetHints":{"allow":["GET"]}}],"collection":[{"href":"https:\/\/pevaryl.com\/pt\/wp-json\/wp\/v2\/product"}],"about":[{"href":"https:\/\/pevaryl.com\/pt\/wp-json\/wp\/v2\/types\/product"}],"replies":[{"embeddable":true,"href":"https:\/\/pevaryl.com\/pt\/wp-json\/wp\/v2\/comments?post=68"}],"version-history":[{"count":10,"href":"https:\/\/pevaryl.com\/pt\/wp-json\/wp\/v2\/product\/68\/revisions"}],"predecessor-version":[{"id":179,"href":"https:\/\/pevaryl.com\/pt\/wp-json\/wp\/v2\/product\/68\/revisions\/179"}],"wp:featuredmedia":[{"embeddable":true,"href":"https:\/\/pevaryl.com\/pt\/wp-json\/wp\/v2\/media\/70"}],"wp:attachment":[{"href":"https:\/\/pevaryl.com\/pt\/wp-json\/wp\/v2\/media?parent=68"}],"wp:term":[{"taxonomy":"product_brand","embeddable":true,"href":"https:\/\/pevaryl.com\/pt\/wp-json\/wp\/v2\/product_brand?post=68"},{"taxonomy":"product_cat","embeddable":true,"href":"https:\/\/pevaryl.com\/pt\/wp-json\/wp\/v2\/product_cat?post=68"},{"taxonomy":"product_tag","embeddable":true,"href":"https:\/\/pevaryl.com\/pt\/wp-json\/wp\/v2\/product_tag?post=68"}],"curies":[{"name":"wp","href":"https:\/\/api.w.org\/{rel}","templated":true}]}}