{"id":63,"date":"2022-05-13T15:06:54","date_gmt":"2022-05-13T14:06:54","guid":{"rendered":"https:\/\/pevaryl.com\/pt\/?post_type=product&#038;p=63"},"modified":"2023-12-15T14:03:15","modified_gmt":"2023-12-15T14:03:15","slug":"pevaryl-10-mg-g-creme","status":"publish","type":"product","link":"https:\/\/pevaryl.com\/pt\/produto\/pevaryl-10-mg-g-creme\/","title":{"rendered":"Pevaryl 10 mg\/g Creme"},"content":{"rendered":"\n<div class=\"wp-block-karopharma-free-text undefined bg-center bg-contain bg-no-repeat  pt-large pb-small is-style-secondary\" style=\"background-image:url()\"><div class=\"free-text-wrapper container medium text-center\">\n<h2 class=\"wp-block-heading\" id=\"modalita-d-uso\">Como utilizar<\/h2>\n\n\n\n<p>Ao tratar &#8220;p\u00e9 de atleta&#8221;<\/p>\n<\/div><\/div>\n\n\n\n<section class=\"wp-block-karopharma-usp is-style-secondary usp is-style-secondary\"><div class=\"usp-wrapper\">\n<section class=\"wp-block-karopharma-usp-single usp-single undefined\"><div class=\"icon\"><svg width=\"21\" height=\"16\" viewbox=\"0 0 21 16\" fill=\"none\" xmlns=\"http:\/\/www.w3.org\/2000\/svg\"><path d=\"M19.2567 0.164742L6.13095 13.2905L1.49056 8.65006C1.2709 8.4304 0.914742 8.4304 0.695039 8.65006L0.164742 9.18036C-0.0549141 9.40001 -0.0549141 9.75617 0.164742 9.97587L5.73321 15.5443C5.95287 15.764 6.30903 15.764 6.52873 15.5443L20.5825 1.4906C20.8021 1.27095 20.8021 0.914789 20.5825 0.695086L20.0521 0.164742C19.8325 -0.0549141 19.4763 -0.0549141 19.2567 0.164742Z\" fill=\"white\"><\/path><\/svg><\/div>\n<h4 class=\"has-text-align-center is-style-heading-h4 wp-block-heading\">1.<\/h4>\n\n\n\n<p class=\"has-text-align-center is-style-body-text\">Antes do tratamento, os p\u00e9s devem ser lavados e secos cuidadosamente. Cal\u00e7ar meias e sapatos arejados.<\/p>\n<\/section>\n\n\n\n<section class=\"wp-block-karopharma-usp-single usp-single undefined\"><div class=\"icon\"><svg width=\"21\" height=\"16\" viewbox=\"0 0 21 16\" fill=\"none\" xmlns=\"http:\/\/www.w3.org\/2000\/svg\"><path d=\"M19.2567 0.164742L6.13095 13.2905L1.49056 8.65006C1.2709 8.4304 0.914742 8.4304 0.695039 8.65006L0.164742 9.18036C-0.0549141 9.40001 -0.0549141 9.75617 0.164742 9.97587L5.73321 15.5443C5.95287 15.764 6.30903 15.764 6.52873 15.5443L20.5825 1.4906C20.8021 1.27095 20.8021 0.914789 20.5825 0.695086L20.0521 0.164742C19.8325 -0.0549141 19.4763 -0.0549141 19.2567 0.164742Z\" fill=\"white\"><\/path><\/svg><\/div>\n<h4 class=\"has-text-align-center is-style-heading-h4 wp-block-heading\">2.<\/h4>\n\n\n\n<p class=\"has-text-align-center is-style-body-text\">Aplique o Pevaryl nas regi\u00f5es afetadas de manh\u00e3 e \u00e0 noite, massajando suavemente.<\/p>\n<\/section>\n\n\n\n<section class=\"wp-block-karopharma-usp-single usp-single undefined\"><div class=\"icon\"><svg width=\"21\" height=\"16\" viewbox=\"0 0 21 16\" fill=\"none\" xmlns=\"http:\/\/www.w3.org\/2000\/svg\"><path d=\"M19.2567 0.164742L6.13095 13.2905L1.49056 8.65006C1.2709 8.4304 0.914742 8.4304 0.695039 8.65006L0.164742 9.18036C-0.0549141 9.40001 -0.0549141 9.75617 0.164742 9.97587L5.73321 15.5443C5.95287 15.764 6.30903 15.764 6.52873 15.5443L20.5825 1.4906C20.8021 1.27095 20.8021 0.914789 20.5825 0.695086L20.0521 0.164742C19.8325 -0.0549141 19.4763 -0.0549141 19.2567 0.164742Z\" fill=\"white\"><\/path><\/svg><\/div>\n<h4 class=\"has-text-align-center is-style-heading-h4 wp-block-heading\">3.<\/h4>\n\n\n\n<p class=\"has-text-align-center is-style-body-text\">A dura\u00e7\u00e3o do tratamento depende da situa\u00e7\u00e3o a tratar. No geral os sintomas desaparecem ap\u00f3s algumas semanas de tratamento.<\/p>\n<\/section>\n<\/div><\/section>\n","protected":false},"excerpt":{"rendered":"<p>Pevaryl \u00e9 um medicamento n\u00e3o sujeito a receita m\u00e9dica utlizado contra as infe\u00e7\u00f5es f\u00fangicas na pele.<\/p>\n","protected":false},"featured_media":65,"comment_status":"closed","ping_status":"closed","template":"","meta":{"_acf_changed":false,"footnotes":""},"product_brand":[],"product_cat":[19],"product_tag":[],"class_list":{"0":"post-63","1":"product","2":"type-product","3":"status-publish","4":"has-post-thumbnail","6":"product_cat-pes-e-pele","8":"first","9":"instock","10":"shipping-taxable","11":"product-type-simple"},"acf":[],"yoast_head":"<!-- This site is optimized with the Yoast SEO plugin v26.6 - https:\/\/yoast.com\/wordpress\/plugins\/seo\/ -->\n<title>Pevaryl 10 mg\/g Creme - Pevaryl<\/title>\n<meta name=\"description\" content=\"Pevaryl \u00e9 um medicamento n\u00e3o sujeito a receita m\u00e9dica utlizado contra as infe\u00e7\u00f5es f\u00fangicas na pele.\" \/>\n<meta name=\"robots\" content=\"index, follow, max-snippet:-1, max-image-preview:large, max-video-preview:-1\" \/>\n<link rel=\"canonical\" href=\"https:\/\/pevaryl.com\/pt\/produto\/pevaryl-10-mg-g-creme\/\" \/>\n<meta property=\"og:locale\" content=\"pt_PT\" \/>\n<meta property=\"og:type\" content=\"article\" \/>\n<meta property=\"og:title\" content=\"Pevaryl 10 mg\/g Creme - Pevaryl\" \/>\n<meta property=\"og:description\" content=\"Pevaryl \u00e9 um medicamento n\u00e3o sujeito a receita m\u00e9dica utlizado contra as infe\u00e7\u00f5es f\u00fangicas na pele.\" \/>\n<meta property=\"og:url\" content=\"https:\/\/pevaryl.com\/pt\/produto\/pevaryl-10-mg-g-creme\/\" \/>\n<meta property=\"og:site_name\" content=\"Pevaryl\" \/>\n<meta property=\"article:modified_time\" content=\"2023-12-15T14:03:15+00:00\" \/>\n<meta property=\"og:image\" content=\"https:\/\/pevaryl.com\/app\/uploads\/sites\/4\/2022\/05\/Pevaryl-10-mg.png\" \/>\n\t<meta property=\"og:image:width\" content=\"1200\" \/>\n\t<meta property=\"og:image:height\" content=\"1200\" \/>\n\t<meta property=\"og:image:type\" content=\"image\/png\" \/>\n<meta name=\"twitter:card\" content=\"summary_large_image\" \/>\n<meta name=\"twitter:label1\" content=\"Tempo estimado de leitura\" \/>\n\t<meta name=\"twitter:data1\" content=\"1 minuto\" \/>\n<script type=\"application\/ld+json\" class=\"yoast-schema-graph\">{\"@context\":\"https:\/\/schema.org\",\"@graph\":[{\"@type\":\"WebPage\",\"@id\":\"https:\/\/pevaryl.com\/pt\/produto\/pevaryl-10-mg-g-creme\/\",\"url\":\"https:\/\/pevaryl.com\/pt\/produto\/pevaryl-10-mg-g-creme\/\",\"name\":\"Pevaryl 10 mg\/g Creme - Pevaryl\",\"isPartOf\":{\"@id\":\"https:\/\/pevaryl.com\/pt\/#website\"},\"primaryImageOfPage\":{\"@id\":\"https:\/\/pevaryl.com\/pt\/produto\/pevaryl-10-mg-g-creme\/#primaryimage\"},\"image\":{\"@id\":\"https:\/\/pevaryl.com\/pt\/produto\/pevaryl-10-mg-g-creme\/#primaryimage\"},\"thumbnailUrl\":\"https:\/\/pevaryl.com\/app\/uploads\/sites\/4\/2022\/05\/Pevaryl-10-mg.png\",\"datePublished\":\"2022-05-13T14:06:54+00:00\",\"dateModified\":\"2023-12-15T14:03:15+00:00\",\"description\":\"Pevaryl \u00e9 um medicamento n\u00e3o sujeito a receita m\u00e9dica utlizado contra as infe\u00e7\u00f5es f\u00fangicas na pele.\",\"breadcrumb\":{\"@id\":\"https:\/\/pevaryl.com\/pt\/produto\/pevaryl-10-mg-g-creme\/#breadcrumb\"},\"inLanguage\":\"pt-PT\",\"potentialAction\":[{\"@type\":\"ReadAction\",\"target\":[\"https:\/\/pevaryl.com\/pt\/produto\/pevaryl-10-mg-g-creme\/\"]}]},{\"@type\":\"ImageObject\",\"inLanguage\":\"pt-PT\",\"@id\":\"https:\/\/pevaryl.com\/pt\/produto\/pevaryl-10-mg-g-creme\/#primaryimage\",\"url\":\"https:\/\/pevaryl.com\/app\/uploads\/sites\/4\/2022\/05\/Pevaryl-10-mg.png\",\"contentUrl\":\"https:\/\/pevaryl.com\/app\/uploads\/sites\/4\/2022\/05\/Pevaryl-10-mg.png\",\"width\":1200,\"height\":1200,\"caption\":\"Pevaryl-10-mg\"},{\"@type\":\"BreadcrumbList\",\"@id\":\"https:\/\/pevaryl.com\/pt\/produto\/pevaryl-10-mg-g-creme\/#breadcrumb\",\"itemListElement\":[{\"@type\":\"ListItem\",\"position\":1,\"name\":\"Home\",\"item\":\"https:\/\/pevaryl.com\/pt\/\"},{\"@type\":\"ListItem\",\"position\":2,\"name\":\"Produtos\",\"item\":\"https:\/\/pevaryl.com\/pt\/produtos\/\"},{\"@type\":\"ListItem\",\"position\":3,\"name\":\"Pevaryl 10 mg\/g Creme\"}]},{\"@type\":\"WebSite\",\"@id\":\"https:\/\/pevaryl.com\/pt\/#website\",\"url\":\"https:\/\/pevaryl.com\/pt\/\",\"name\":\"Pevaryl\",\"description\":\"\",\"publisher\":{\"@id\":\"https:\/\/pevaryl.com\/pt\/#organization\"},\"potentialAction\":[{\"@type\":\"SearchAction\",\"target\":{\"@type\":\"EntryPoint\",\"urlTemplate\":\"https:\/\/pevaryl.com\/pt\/?s={search_term_string}\"},\"query-input\":{\"@type\":\"PropertyValueSpecification\",\"valueRequired\":true,\"valueName\":\"search_term_string\"}}],\"inLanguage\":\"pt-PT\"},{\"@type\":\"Organization\",\"@id\":\"https:\/\/pevaryl.com\/pt\/#organization\",\"name\":\"Pevaryl\",\"url\":\"https:\/\/pevaryl.com\/pt\/\",\"logo\":{\"@type\":\"ImageObject\",\"inLanguage\":\"pt-PT\",\"@id\":\"https:\/\/pevaryl.com\/pt\/#\/schema\/logo\/image\/\",\"url\":\"https:\/\/pevaryl.com\/app\/uploads\/sites\/4\/2023\/09\/Pevaryl-logo.png\",\"contentUrl\":\"https:\/\/pevaryl.com\/app\/uploads\/sites\/4\/2023\/09\/Pevaryl-logo.png\",\"width\":108,\"height\":30,\"caption\":\"Pevaryl\"},\"image\":{\"@id\":\"https:\/\/pevaryl.com\/pt\/#\/schema\/logo\/image\/\"}}]}<\/script>\n<!-- \/ Yoast SEO plugin. -->","yoast_head_json":{"title":"Pevaryl 10 mg\/g Creme - Pevaryl","description":"Pevaryl \u00e9 um medicamento n\u00e3o sujeito a receita m\u00e9dica utlizado contra as infe\u00e7\u00f5es f\u00fangicas na pele.","robots":{"index":"index","follow":"follow","max-snippet":"max-snippet:-1","max-image-preview":"max-image-preview:large","max-video-preview":"max-video-preview:-1"},"canonical":"https:\/\/pevaryl.com\/pt\/produto\/pevaryl-10-mg-g-creme\/","og_locale":"pt_PT","og_type":"article","og_title":"Pevaryl 10 mg\/g Creme - Pevaryl","og_description":"Pevaryl \u00e9 um medicamento n\u00e3o sujeito a receita m\u00e9dica utlizado contra as infe\u00e7\u00f5es f\u00fangicas na pele.","og_url":"https:\/\/pevaryl.com\/pt\/produto\/pevaryl-10-mg-g-creme\/","og_site_name":"Pevaryl","article_modified_time":"2023-12-15T14:03:15+00:00","og_image":[{"width":1200,"height":1200,"url":"https:\/\/pevaryl.com\/app\/uploads\/sites\/4\/2022\/05\/Pevaryl-10-mg.png","type":"image\/png"}],"twitter_card":"summary_large_image","twitter_misc":{"Tempo estimado de leitura":"1 minuto"},"schema":{"@context":"https:\/\/schema.org","@graph":[{"@type":"WebPage","@id":"https:\/\/pevaryl.com\/pt\/produto\/pevaryl-10-mg-g-creme\/","url":"https:\/\/pevaryl.com\/pt\/produto\/pevaryl-10-mg-g-creme\/","name":"Pevaryl 10 mg\/g Creme - Pevaryl","isPartOf":{"@id":"https:\/\/pevaryl.com\/pt\/#website"},"primaryImageOfPage":{"@id":"https:\/\/pevaryl.com\/pt\/produto\/pevaryl-10-mg-g-creme\/#primaryimage"},"image":{"@id":"https:\/\/pevaryl.com\/pt\/produto\/pevaryl-10-mg-g-creme\/#primaryimage"},"thumbnailUrl":"https:\/\/pevaryl.com\/app\/uploads\/sites\/4\/2022\/05\/Pevaryl-10-mg.png","datePublished":"2022-05-13T14:06:54+00:00","dateModified":"2023-12-15T14:03:15+00:00","description":"Pevaryl \u00e9 um medicamento n\u00e3o sujeito a receita m\u00e9dica utlizado contra as infe\u00e7\u00f5es f\u00fangicas na pele.","breadcrumb":{"@id":"https:\/\/pevaryl.com\/pt\/produto\/pevaryl-10-mg-g-creme\/#breadcrumb"},"inLanguage":"pt-PT","potentialAction":[{"@type":"ReadAction","target":["https:\/\/pevaryl.com\/pt\/produto\/pevaryl-10-mg-g-creme\/"]}]},{"@type":"ImageObject","inLanguage":"pt-PT","@id":"https:\/\/pevaryl.com\/pt\/produto\/pevaryl-10-mg-g-creme\/#primaryimage","url":"https:\/\/pevaryl.com\/app\/uploads\/sites\/4\/2022\/05\/Pevaryl-10-mg.png","contentUrl":"https:\/\/pevaryl.com\/app\/uploads\/sites\/4\/2022\/05\/Pevaryl-10-mg.png","width":1200,"height":1200,"caption":"Pevaryl-10-mg"},{"@type":"BreadcrumbList","@id":"https:\/\/pevaryl.com\/pt\/produto\/pevaryl-10-mg-g-creme\/#breadcrumb","itemListElement":[{"@type":"ListItem","position":1,"name":"Home","item":"https:\/\/pevaryl.com\/pt\/"},{"@type":"ListItem","position":2,"name":"Produtos","item":"https:\/\/pevaryl.com\/pt\/produtos\/"},{"@type":"ListItem","position":3,"name":"Pevaryl 10 mg\/g Creme"}]},{"@type":"WebSite","@id":"https:\/\/pevaryl.com\/pt\/#website","url":"https:\/\/pevaryl.com\/pt\/","name":"Pevaryl","description":"","publisher":{"@id":"https:\/\/pevaryl.com\/pt\/#organization"},"potentialAction":[{"@type":"SearchAction","target":{"@type":"EntryPoint","urlTemplate":"https:\/\/pevaryl.com\/pt\/?s={search_term_string}"},"query-input":{"@type":"PropertyValueSpecification","valueRequired":true,"valueName":"search_term_string"}}],"inLanguage":"pt-PT"},{"@type":"Organization","@id":"https:\/\/pevaryl.com\/pt\/#organization","name":"Pevaryl","url":"https:\/\/pevaryl.com\/pt\/","logo":{"@type":"ImageObject","inLanguage":"pt-PT","@id":"https:\/\/pevaryl.com\/pt\/#\/schema\/logo\/image\/","url":"https:\/\/pevaryl.com\/app\/uploads\/sites\/4\/2023\/09\/Pevaryl-logo.png","contentUrl":"https:\/\/pevaryl.com\/app\/uploads\/sites\/4\/2023\/09\/Pevaryl-logo.png","width":108,"height":30,"caption":"Pevaryl"},"image":{"@id":"https:\/\/pevaryl.com\/pt\/#\/schema\/logo\/image\/"}}]}},"_links":{"self":[{"href":"https:\/\/pevaryl.com\/pt\/wp-json\/wp\/v2\/product\/63","targetHints":{"allow":["GET"]}}],"collection":[{"href":"https:\/\/pevaryl.com\/pt\/wp-json\/wp\/v2\/product"}],"about":[{"href":"https:\/\/pevaryl.com\/pt\/wp-json\/wp\/v2\/types\/product"}],"replies":[{"embeddable":true,"href":"https:\/\/pevaryl.com\/pt\/wp-json\/wp\/v2\/comments?post=63"}],"version-history":[{"count":5,"href":"https:\/\/pevaryl.com\/pt\/wp-json\/wp\/v2\/product\/63\/revisions"}],"predecessor-version":[{"id":175,"href":"https:\/\/pevaryl.com\/pt\/wp-json\/wp\/v2\/product\/63\/revisions\/175"}],"wp:featuredmedia":[{"embeddable":true,"href":"https:\/\/pevaryl.com\/pt\/wp-json\/wp\/v2\/media\/65"}],"wp:attachment":[{"href":"https:\/\/pevaryl.com\/pt\/wp-json\/wp\/v2\/media?parent=63"}],"wp:term":[{"taxonomy":"product_brand","embeddable":true,"href":"https:\/\/pevaryl.com\/pt\/wp-json\/wp\/v2\/product_brand?post=63"},{"taxonomy":"product_cat","embeddable":true,"href":"https:\/\/pevaryl.com\/pt\/wp-json\/wp\/v2\/product_cat?post=63"},{"taxonomy":"product_tag","embeddable":true,"href":"https:\/\/pevaryl.com\/pt\/wp-json\/wp\/v2\/product_tag?post=63"}],"curies":[{"name":"wp","href":"https:\/\/api.w.org\/{rel}","templated":true}]}}