{"id":57,"date":"2022-05-13T14:55:36","date_gmt":"2022-05-13T13:55:36","guid":{"rendered":"https:\/\/pevaryl.com\/pt\/?post_type=product&#038;p=57"},"modified":"2023-12-15T14:03:16","modified_gmt":"2023-12-15T14:03:16","slug":"gyno-pevaryl","status":"publish","type":"product","link":"https:\/\/pevaryl.com\/pt\/produto\/gyno-pevaryl\/","title":{"rendered":"Gyno-Pevaryl\u00ae"},"content":{"rendered":"\n<div class=\"wp-block-karopharma-free-text undefined bg-center bg-contain bg-no-repeat  pt-large pb-small is-style-secondary\" style=\"background-image:url()\"><div class=\"free-text-wrapper container max-w-medium text-left\">\n<h2 class=\"has-text-align-center is-style-heading-h1 wp-block-heading\">Como utilizar<\/h2>\n<\/div><\/div>\n\n\n\n<section class=\"wp-block-karopharma-usp is-style-secondary usp is-style-secondary\"><div class=\"usp-wrapper\">\n<section class=\"wp-block-karopharma-usp-single usp-single undefined\"><div class=\"icon\"><svg width=\"21\" height=\"16\" viewbox=\"0 0 21 16\" fill=\"none\" xmlns=\"http:\/\/www.w3.org\/2000\/svg\"><path d=\"M19.2567 0.164742L6.13095 13.2905L1.49056 8.65006C1.2709 8.4304 0.914742 8.4304 0.695039 8.65006L0.164742 9.18036C-0.0549141 9.40001 -0.0549141 9.75617 0.164742 9.97587L5.73321 15.5443C5.95287 15.764 6.30903 15.764 6.52873 15.5443L20.5825 1.4906C20.8021 1.27095 20.8021 0.914789 20.5825 0.695086L20.0521 0.164742C19.8325 -0.0549141 19.4763 -0.0549141 19.2567 0.164742Z\" fill=\"white\"><\/path><\/svg><\/div>\n<h4 class=\"has-text-align-center is-style-heading-h4 wp-block-heading\">1.<\/h4>\n\n\n\n<p class=\"has-text-align-center is-style-body-text\">O \u00f3vulo \u00e9 inserido na vagina com o aux\u00edlio do dedo (antes de dormir).<\/p>\n<\/section>\n<\/div><\/section>\n\n\n\n<div class=\"wp-block-karopharma-accordions is-style-secondary\"><div class=\"container\">\n<details class=\"wp-block-karopharma-accordion\"><summary><h2 class=\"accordion-title\">Como funcionam os \u00f3vulos?<\/h2><\/summary><div class=\"accordion-content\">\n<p>GYNO-PEVARYL \u00e9 um \u00f3vulo mole que \u00e9 inserido na vagina com o aux\u00edlio do dedo (antes de dormir). O calor do corpo vai derreter o \u00f3vulo e lubrifica a membrana mucosa irritada.<\/p>\n<\/div><\/details>\n\n\n\n<details class=\"wp-block-karopharma-accordion\"><summary><h2 class=\"accordion-title\">Qual \u00e9 a diferen\u00e7a entre Gyno-Pevaryl\u00ae creme vaginal, Gyno-Pevaryl\u00ae \u00f3vulos e Gyno-Pevaryl\u00ae combipack?<\/h2><\/summary><div class=\"accordion-content\">\n<p>Gyno-Pevaryl est\u00e1 indicado para o tratamento de micoses vulvovaginais e balanite mic\u00f3tica. O que distingue os v\u00e1rios produtos \u00e9 a posologia e o modo de administra\u00e7\u00e3o.<\/p>\n\n\n\n<p>Gyno-Pevaryl creme deve ser utilizado durante 14 dias consecutivos. Gyno-Pevaryl \u00f3vulos \u00e9 utilizado por 3 dias consecutivos. Gyno-Pevaryl combipack consiste em \u00f3vulos com creme vaginal. Ao utilizar o Combipack, as mulheres devem aplicar o creme e os \u00f3vulos durante 3 dias consecutivos.<\/p>\n<\/div><\/details>\n\n\n\n<details class=\"wp-block-karopharma-accordion\"><summary><h2 class=\"accordion-title\">Pode usar Gyno-Pevaryl\u00ae durante a menstrua\u00e7\u00e3o?<\/h2><\/summary><div class=\"accordion-content\">\n<p>Sim, pode, mas durante a menstrua\u00e7\u00e3o em si, estes problemas geralmente n\u00e3o ocorrem, apenas antes ou depois. As mulheres que geralmente sofrem com a infe\u00e7\u00e3o durante a menstrua\u00e7\u00e3o podem ser tratadas externamente com Gyno-Pevaryl\u00ae creme<\/p>\n<\/div><\/details>\n\n\n\n<details class=\"wp-block-karopharma-accordion\"><summary><h2 class=\"accordion-title\">Pode ter rela\u00e7\u00f5es sexuais com o tratamento a decorrer?<\/h2><\/summary><div class=\"accordion-content\">\n<p>N\u00e3o \u00e9 aconselh\u00e1vel. O melhor \u00e9 deixar a mucosa vaginal recuperar, preferencialmente durante uma semana ap\u00f3s o in\u00edcio do tratamento.<\/p>\n<\/div><\/details>\n\n\n\n<details class=\"wp-block-karopharma-accordion\"><summary><h2 class=\"accordion-title\">O parceiro tamb\u00e9m deve ser tratado?<\/h2><\/summary><div class=\"accordion-content\">\n<p>Uma infe\u00e7\u00e3o f\u00fangica genital n\u00e3o \u00e9 considerada uma doen\u00e7a sexualmente transmiss\u00edvel. A transmiss\u00e3o para os parceiros \u00e9 pouco prov\u00e1vel. Se um homem tiver sintomas, este pode fazer o tratamento a si mesmo com o Gyno-Pevaryl\u00ae creme. Aplique no p\u00e9nis e no prep\u00facio uma vez por dia durante 14 dias consecutivos.<\/p>\n<\/div><\/details>\n\n\n\n<details class=\"wp-block-karopharma-accordion\"><summary><h2 class=\"accordion-title\">Quando \u00e9 que deve consultar um m\u00e9dico?<\/h2><\/summary><div class=\"accordion-content\">\n<p>Deve consultar um m\u00e9dico quando:<\/p>\n\n\n\n<ol class=\"is-style-icon wp-block-list\"><li>A primeira vez que suspeitar que tem um fungo.<\/li><li>Se tem uma infe\u00e7\u00e3o recorrente e n\u00e3o tem a certeza se \u00e9 um fungo ou reconhece os sintomas t\u00edpicos.<\/li><li>Se os sintomas reaparecem mais do que 2 vezes em 6 meses.<\/li><li>Se n\u00e3o observar melhorias ap\u00f3s 3 dias de tratamento.<\/li><li>Se todos os sintomas n\u00e3o tiverem desparecido por completo 7 dias ap\u00f3s o in\u00edcio do tratamento.<\/li><li>Se tem feridas \u00e0 volta dos l\u00e1bios ou da abertura vaginal.<\/li><li>Se tem corrimento f\u00e9tido ou descolorado.<\/li><li>Se tem dores de barriga ou na zona abdominal inferior<\/li><\/ol>\n<\/div><\/details>\n<\/div><\/div>\n","protected":false},"excerpt":{"rendered":"<p>Tratamento de 3 dias<\/p>\n","protected":false},"featured_media":61,"comment_status":"closed","ping_status":"closed","template":"","meta":{"_acf_changed":false,"footnotes":""},"product_brand":[],"product_cat":[18],"product_tag":[],"class_list":{"0":"post-57","1":"product","2":"type-product","3":"status-publish","4":"has-post-thumbnail","6":"product_cat-saude-intima","8":"first","9":"instock","10":"shipping-taxable","11":"product-type-simple"},"acf":[],"yoast_head":"<!-- This site is optimized with the Yoast SEO plugin v26.6 - https:\/\/yoast.com\/wordpress\/plugins\/seo\/ -->\n<title>Gyno-Pevaryl\u00ae - Pevaryl<\/title>\n<meta name=\"description\" content=\"Contra infe\u00e7\u00f5es f\u00fangicas na zona abdominal inferior. Para problemas externos e internos\" \/>\n<meta name=\"robots\" content=\"index, follow, max-snippet:-1, max-image-preview:large, max-video-preview:-1\" \/>\n<link rel=\"canonical\" href=\"https:\/\/pevaryl.com\/pt\/produto\/gyno-pevaryl\/\" \/>\n<meta property=\"og:locale\" content=\"pt_PT\" \/>\n<meta property=\"og:type\" content=\"article\" \/>\n<meta property=\"og:title\" content=\"Gyno-Pevaryl\u00ae - Pevaryl\" \/>\n<meta property=\"og:description\" content=\"Contra infe\u00e7\u00f5es f\u00fangicas na zona abdominal inferior. Para problemas externos e internos\" \/>\n<meta property=\"og:url\" content=\"https:\/\/pevaryl.com\/pt\/produto\/gyno-pevaryl\/\" \/>\n<meta property=\"og:site_name\" content=\"Pevaryl\" \/>\n<meta property=\"article:modified_time\" content=\"2023-12-15T14:03:16+00:00\" \/>\n<meta property=\"og:image\" content=\"https:\/\/pevaryl.com\/app\/uploads\/sites\/4\/2022\/05\/GynoPevaryl-3.png\" \/>\n\t<meta property=\"og:image:width\" content=\"1200\" \/>\n\t<meta property=\"og:image:height\" content=\"1200\" \/>\n\t<meta property=\"og:image:type\" content=\"image\/png\" \/>\n<meta name=\"twitter:card\" content=\"summary_large_image\" \/>\n<meta name=\"twitter:label1\" content=\"Tempo estimado de leitura\" \/>\n\t<meta name=\"twitter:data1\" content=\"3 minutos\" \/>\n<script type=\"application\/ld+json\" class=\"yoast-schema-graph\">{\"@context\":\"https:\/\/schema.org\",\"@graph\":[{\"@type\":\"WebPage\",\"@id\":\"https:\/\/pevaryl.com\/pt\/produto\/gyno-pevaryl\/\",\"url\":\"https:\/\/pevaryl.com\/pt\/produto\/gyno-pevaryl\/\",\"name\":\"Gyno-Pevaryl\u00ae - Pevaryl\",\"isPartOf\":{\"@id\":\"https:\/\/pevaryl.com\/pt\/#website\"},\"primaryImageOfPage\":{\"@id\":\"https:\/\/pevaryl.com\/pt\/produto\/gyno-pevaryl\/#primaryimage\"},\"image\":{\"@id\":\"https:\/\/pevaryl.com\/pt\/produto\/gyno-pevaryl\/#primaryimage\"},\"thumbnailUrl\":\"https:\/\/pevaryl.com\/app\/uploads\/sites\/4\/2022\/05\/GynoPevaryl-3.png\",\"datePublished\":\"2022-05-13T13:55:36+00:00\",\"dateModified\":\"2023-12-15T14:03:16+00:00\",\"description\":\"Contra infe\u00e7\u00f5es f\u00fangicas na zona abdominal inferior. Para problemas externos e internos\",\"breadcrumb\":{\"@id\":\"https:\/\/pevaryl.com\/pt\/produto\/gyno-pevaryl\/#breadcrumb\"},\"inLanguage\":\"pt-PT\",\"potentialAction\":[{\"@type\":\"ReadAction\",\"target\":[\"https:\/\/pevaryl.com\/pt\/produto\/gyno-pevaryl\/\"]}]},{\"@type\":\"ImageObject\",\"inLanguage\":\"pt-PT\",\"@id\":\"https:\/\/pevaryl.com\/pt\/produto\/gyno-pevaryl\/#primaryimage\",\"url\":\"https:\/\/pevaryl.com\/app\/uploads\/sites\/4\/2022\/05\/GynoPevaryl-3.png\",\"contentUrl\":\"https:\/\/pevaryl.com\/app\/uploads\/sites\/4\/2022\/05\/GynoPevaryl-3.png\",\"width\":1200,\"height\":1200,\"caption\":\"Gyno-Pevaryl\"},{\"@type\":\"BreadcrumbList\",\"@id\":\"https:\/\/pevaryl.com\/pt\/produto\/gyno-pevaryl\/#breadcrumb\",\"itemListElement\":[{\"@type\":\"ListItem\",\"position\":1,\"name\":\"Home\",\"item\":\"https:\/\/pevaryl.com\/pt\/\"},{\"@type\":\"ListItem\",\"position\":2,\"name\":\"Produtos\",\"item\":\"https:\/\/pevaryl.com\/pt\/produtos\/\"},{\"@type\":\"ListItem\",\"position\":3,\"name\":\"Gyno-Pevaryl\u00ae\"}]},{\"@type\":\"WebSite\",\"@id\":\"https:\/\/pevaryl.com\/pt\/#website\",\"url\":\"https:\/\/pevaryl.com\/pt\/\",\"name\":\"Pevaryl\",\"description\":\"\",\"publisher\":{\"@id\":\"https:\/\/pevaryl.com\/pt\/#organization\"},\"potentialAction\":[{\"@type\":\"SearchAction\",\"target\":{\"@type\":\"EntryPoint\",\"urlTemplate\":\"https:\/\/pevaryl.com\/pt\/?s={search_term_string}\"},\"query-input\":{\"@type\":\"PropertyValueSpecification\",\"valueRequired\":true,\"valueName\":\"search_term_string\"}}],\"inLanguage\":\"pt-PT\"},{\"@type\":\"Organization\",\"@id\":\"https:\/\/pevaryl.com\/pt\/#organization\",\"name\":\"Pevaryl\",\"url\":\"https:\/\/pevaryl.com\/pt\/\",\"logo\":{\"@type\":\"ImageObject\",\"inLanguage\":\"pt-PT\",\"@id\":\"https:\/\/pevaryl.com\/pt\/#\/schema\/logo\/image\/\",\"url\":\"https:\/\/pevaryl.com\/app\/uploads\/sites\/4\/2023\/09\/Pevaryl-logo.png\",\"contentUrl\":\"https:\/\/pevaryl.com\/app\/uploads\/sites\/4\/2023\/09\/Pevaryl-logo.png\",\"width\":108,\"height\":30,\"caption\":\"Pevaryl\"},\"image\":{\"@id\":\"https:\/\/pevaryl.com\/pt\/#\/schema\/logo\/image\/\"}}]}<\/script>\n<!-- \/ Yoast SEO plugin. -->","yoast_head_json":{"title":"Gyno-Pevaryl\u00ae - Pevaryl","description":"Contra infe\u00e7\u00f5es f\u00fangicas na zona abdominal inferior. Para problemas externos e internos","robots":{"index":"index","follow":"follow","max-snippet":"max-snippet:-1","max-image-preview":"max-image-preview:large","max-video-preview":"max-video-preview:-1"},"canonical":"https:\/\/pevaryl.com\/pt\/produto\/gyno-pevaryl\/","og_locale":"pt_PT","og_type":"article","og_title":"Gyno-Pevaryl\u00ae - Pevaryl","og_description":"Contra infe\u00e7\u00f5es f\u00fangicas na zona abdominal inferior. Para problemas externos e internos","og_url":"https:\/\/pevaryl.com\/pt\/produto\/gyno-pevaryl\/","og_site_name":"Pevaryl","article_modified_time":"2023-12-15T14:03:16+00:00","og_image":[{"width":1200,"height":1200,"url":"https:\/\/pevaryl.com\/app\/uploads\/sites\/4\/2022\/05\/GynoPevaryl-3.png","type":"image\/png"}],"twitter_card":"summary_large_image","twitter_misc":{"Tempo estimado de leitura":"3 minutos"},"schema":{"@context":"https:\/\/schema.org","@graph":[{"@type":"WebPage","@id":"https:\/\/pevaryl.com\/pt\/produto\/gyno-pevaryl\/","url":"https:\/\/pevaryl.com\/pt\/produto\/gyno-pevaryl\/","name":"Gyno-Pevaryl\u00ae - Pevaryl","isPartOf":{"@id":"https:\/\/pevaryl.com\/pt\/#website"},"primaryImageOfPage":{"@id":"https:\/\/pevaryl.com\/pt\/produto\/gyno-pevaryl\/#primaryimage"},"image":{"@id":"https:\/\/pevaryl.com\/pt\/produto\/gyno-pevaryl\/#primaryimage"},"thumbnailUrl":"https:\/\/pevaryl.com\/app\/uploads\/sites\/4\/2022\/05\/GynoPevaryl-3.png","datePublished":"2022-05-13T13:55:36+00:00","dateModified":"2023-12-15T14:03:16+00:00","description":"Contra infe\u00e7\u00f5es f\u00fangicas na zona abdominal inferior. Para problemas externos e internos","breadcrumb":{"@id":"https:\/\/pevaryl.com\/pt\/produto\/gyno-pevaryl\/#breadcrumb"},"inLanguage":"pt-PT","potentialAction":[{"@type":"ReadAction","target":["https:\/\/pevaryl.com\/pt\/produto\/gyno-pevaryl\/"]}]},{"@type":"ImageObject","inLanguage":"pt-PT","@id":"https:\/\/pevaryl.com\/pt\/produto\/gyno-pevaryl\/#primaryimage","url":"https:\/\/pevaryl.com\/app\/uploads\/sites\/4\/2022\/05\/GynoPevaryl-3.png","contentUrl":"https:\/\/pevaryl.com\/app\/uploads\/sites\/4\/2022\/05\/GynoPevaryl-3.png","width":1200,"height":1200,"caption":"Gyno-Pevaryl"},{"@type":"BreadcrumbList","@id":"https:\/\/pevaryl.com\/pt\/produto\/gyno-pevaryl\/#breadcrumb","itemListElement":[{"@type":"ListItem","position":1,"name":"Home","item":"https:\/\/pevaryl.com\/pt\/"},{"@type":"ListItem","position":2,"name":"Produtos","item":"https:\/\/pevaryl.com\/pt\/produtos\/"},{"@type":"ListItem","position":3,"name":"Gyno-Pevaryl\u00ae"}]},{"@type":"WebSite","@id":"https:\/\/pevaryl.com\/pt\/#website","url":"https:\/\/pevaryl.com\/pt\/","name":"Pevaryl","description":"","publisher":{"@id":"https:\/\/pevaryl.com\/pt\/#organization"},"potentialAction":[{"@type":"SearchAction","target":{"@type":"EntryPoint","urlTemplate":"https:\/\/pevaryl.com\/pt\/?s={search_term_string}"},"query-input":{"@type":"PropertyValueSpecification","valueRequired":true,"valueName":"search_term_string"}}],"inLanguage":"pt-PT"},{"@type":"Organization","@id":"https:\/\/pevaryl.com\/pt\/#organization","name":"Pevaryl","url":"https:\/\/pevaryl.com\/pt\/","logo":{"@type":"ImageObject","inLanguage":"pt-PT","@id":"https:\/\/pevaryl.com\/pt\/#\/schema\/logo\/image\/","url":"https:\/\/pevaryl.com\/app\/uploads\/sites\/4\/2023\/09\/Pevaryl-logo.png","contentUrl":"https:\/\/pevaryl.com\/app\/uploads\/sites\/4\/2023\/09\/Pevaryl-logo.png","width":108,"height":30,"caption":"Pevaryl"},"image":{"@id":"https:\/\/pevaryl.com\/pt\/#\/schema\/logo\/image\/"}}]}},"_links":{"self":[{"href":"https:\/\/pevaryl.com\/pt\/wp-json\/wp\/v2\/product\/57","targetHints":{"allow":["GET"]}}],"collection":[{"href":"https:\/\/pevaryl.com\/pt\/wp-json\/wp\/v2\/product"}],"about":[{"href":"https:\/\/pevaryl.com\/pt\/wp-json\/wp\/v2\/types\/product"}],"replies":[{"embeddable":true,"href":"https:\/\/pevaryl.com\/pt\/wp-json\/wp\/v2\/comments?post=57"}],"version-history":[{"count":9,"href":"https:\/\/pevaryl.com\/pt\/wp-json\/wp\/v2\/product\/57\/revisions"}],"predecessor-version":[{"id":183,"href":"https:\/\/pevaryl.com\/pt\/wp-json\/wp\/v2\/product\/57\/revisions\/183"}],"wp:featuredmedia":[{"embeddable":true,"href":"https:\/\/pevaryl.com\/pt\/wp-json\/wp\/v2\/media\/61"}],"wp:attachment":[{"href":"https:\/\/pevaryl.com\/pt\/wp-json\/wp\/v2\/media?parent=57"}],"wp:term":[{"taxonomy":"product_brand","embeddable":true,"href":"https:\/\/pevaryl.com\/pt\/wp-json\/wp\/v2\/product_brand?post=57"},{"taxonomy":"product_cat","embeddable":true,"href":"https:\/\/pevaryl.com\/pt\/wp-json\/wp\/v2\/product_cat?post=57"},{"taxonomy":"product_tag","embeddable":true,"href":"https:\/\/pevaryl.com\/pt\/wp-json\/wp\/v2\/product_tag?post=57"}],"curies":[{"name":"wp","href":"https:\/\/api.w.org\/{rel}","templated":true}]}}