{"id":50,"date":"2022-05-13T14:50:43","date_gmt":"2022-05-13T13:50:43","guid":{"rendered":"https:\/\/pevaryl.com\/pt\/?post_type=product&#038;p=50"},"modified":"2025-08-11T14:34:36","modified_gmt":"2025-08-11T13:34:36","slug":"gyno-pevaryl-combipack","status":"publish","type":"product","link":"https:\/\/pevaryl.com\/pt\/produto\/gyno-pevaryl-combipack\/","title":{"rendered":"Gyno-Pevaryl Combipack"},"content":{"rendered":"\n<div class=\"wp-block-karopharma-free-text pt-large pb-large bg-center bg-contain bg-no-repeat  undefined pb-small is-style-secondary\" style=\"background-image:url()\"><div class=\"free-text-wrapper container max-w-medium text-left\">\n<h2 class=\"has-text-align-center is-style-heading-h1 wp-block-heading\">Como utilizar<\/h2>\n\n\n\n<p class=\"has-text-align-center\">O \u00f3vulo \u00e9 inserido na vagina com o aux\u00edlio do dedo (antes de dormir). Usado por 3 dias consecutivos.<\/p>\n<\/div><\/div>\n","protected":false},"excerpt":{"rendered":"<p>Contra infe\u00e7\u00f5es f\u00fangicas na zona abdominal inferior. Para problemas externos e internos.<\/p>\n","protected":false},"featured_media":53,"comment_status":"closed","ping_status":"closed","template":"","meta":{"_acf_changed":false,"footnotes":""},"product_brand":[],"product_cat":[18],"product_tag":[],"class_list":{"0":"post-50","1":"product","2":"type-product","3":"status-publish","4":"has-post-thumbnail","6":"product_cat-saude-intima","8":"first","9":"instock","10":"shipping-taxable","11":"product-type-simple"},"acf":[],"yoast_head":"<!-- This site is optimized with the Yoast SEO plugin v26.6 - https:\/\/yoast.com\/wordpress\/plugins\/seo\/ -->\n<title>Gyno-Pevaryl Combipack - Pevaryl<\/title>\n<meta name=\"description\" content=\"Contra infe\u00e7\u00f5es f\u00fangicas na zona abdominal inferior. Para problemas externos e internos.\" \/>\n<meta name=\"robots\" content=\"index, follow, max-snippet:-1, max-image-preview:large, max-video-preview:-1\" \/>\n<link rel=\"canonical\" href=\"https:\/\/pevaryl.com\/pt\/produto\/gyno-pevaryl-combipack\/\" \/>\n<meta property=\"og:locale\" content=\"pt_PT\" \/>\n<meta property=\"og:type\" content=\"article\" \/>\n<meta property=\"og:title\" content=\"Gyno-Pevaryl Combipack - Pevaryl\" \/>\n<meta property=\"og:description\" content=\"Contra infe\u00e7\u00f5es f\u00fangicas na zona abdominal inferior. Para problemas externos e internos.\" \/>\n<meta property=\"og:url\" content=\"https:\/\/pevaryl.com\/pt\/produto\/gyno-pevaryl-combipack\/\" \/>\n<meta property=\"og:site_name\" content=\"Pevaryl\" \/>\n<meta property=\"article:modified_time\" content=\"2025-08-11T13:34:36+00:00\" \/>\n<meta property=\"og:image\" content=\"https:\/\/pevaryl.com\/app\/uploads\/sites\/4\/2022\/05\/GynoPevaryl_Box_150mg_PT_A01.png\" \/>\n\t<meta property=\"og:image:width\" content=\"1200\" \/>\n\t<meta property=\"og:image:height\" content=\"1200\" \/>\n\t<meta property=\"og:image:type\" content=\"image\/png\" \/>\n<meta name=\"twitter:card\" content=\"summary_large_image\" \/>\n<meta name=\"twitter:label1\" content=\"Tempo estimado de leitura\" \/>\n\t<meta name=\"twitter:data1\" content=\"1 minuto\" \/>\n<script type=\"application\/ld+json\" class=\"yoast-schema-graph\">{\"@context\":\"https:\/\/schema.org\",\"@graph\":[{\"@type\":\"WebPage\",\"@id\":\"https:\/\/pevaryl.com\/pt\/produto\/gyno-pevaryl-combipack\/\",\"url\":\"https:\/\/pevaryl.com\/pt\/produto\/gyno-pevaryl-combipack\/\",\"name\":\"Gyno-Pevaryl Combipack - Pevaryl\",\"isPartOf\":{\"@id\":\"https:\/\/pevaryl.com\/pt\/#website\"},\"primaryImageOfPage\":{\"@id\":\"https:\/\/pevaryl.com\/pt\/produto\/gyno-pevaryl-combipack\/#primaryimage\"},\"image\":{\"@id\":\"https:\/\/pevaryl.com\/pt\/produto\/gyno-pevaryl-combipack\/#primaryimage\"},\"thumbnailUrl\":\"https:\/\/pevaryl.com\/app\/uploads\/sites\/4\/2022\/05\/GynoPevaryl_Box_150mg_PT_A01.png\",\"datePublished\":\"2022-05-13T13:50:43+00:00\",\"dateModified\":\"2025-08-11T13:34:36+00:00\",\"description\":\"Contra infe\u00e7\u00f5es f\u00fangicas na zona abdominal inferior. Para problemas externos e internos.\",\"breadcrumb\":{\"@id\":\"https:\/\/pevaryl.com\/pt\/produto\/gyno-pevaryl-combipack\/#breadcrumb\"},\"inLanguage\":\"pt-PT\",\"potentialAction\":[{\"@type\":\"ReadAction\",\"target\":[\"https:\/\/pevaryl.com\/pt\/produto\/gyno-pevaryl-combipack\/\"]}]},{\"@type\":\"ImageObject\",\"inLanguage\":\"pt-PT\",\"@id\":\"https:\/\/pevaryl.com\/pt\/produto\/gyno-pevaryl-combipack\/#primaryimage\",\"url\":\"https:\/\/pevaryl.com\/app\/uploads\/sites\/4\/2022\/05\/GynoPevaryl_Box_150mg_PT_A01.png\",\"contentUrl\":\"https:\/\/pevaryl.com\/app\/uploads\/sites\/4\/2022\/05\/GynoPevaryl_Box_150mg_PT_A01.png\",\"width\":1200,\"height\":1200,\"caption\":\"Gyno-Pevaryl combi\"},{\"@type\":\"BreadcrumbList\",\"@id\":\"https:\/\/pevaryl.com\/pt\/produto\/gyno-pevaryl-combipack\/#breadcrumb\",\"itemListElement\":[{\"@type\":\"ListItem\",\"position\":1,\"name\":\"Home\",\"item\":\"https:\/\/pevaryl.com\/pt\/\"},{\"@type\":\"ListItem\",\"position\":2,\"name\":\"Produtos\",\"item\":\"https:\/\/pevaryl.com\/pt\/produtos\/\"},{\"@type\":\"ListItem\",\"position\":3,\"name\":\"Gyno-Pevaryl Combipack\"}]},{\"@type\":\"WebSite\",\"@id\":\"https:\/\/pevaryl.com\/pt\/#website\",\"url\":\"https:\/\/pevaryl.com\/pt\/\",\"name\":\"Pevaryl\",\"description\":\"\",\"publisher\":{\"@id\":\"https:\/\/pevaryl.com\/pt\/#organization\"},\"potentialAction\":[{\"@type\":\"SearchAction\",\"target\":{\"@type\":\"EntryPoint\",\"urlTemplate\":\"https:\/\/pevaryl.com\/pt\/?s={search_term_string}\"},\"query-input\":{\"@type\":\"PropertyValueSpecification\",\"valueRequired\":true,\"valueName\":\"search_term_string\"}}],\"inLanguage\":\"pt-PT\"},{\"@type\":\"Organization\",\"@id\":\"https:\/\/pevaryl.com\/pt\/#organization\",\"name\":\"Pevaryl\",\"url\":\"https:\/\/pevaryl.com\/pt\/\",\"logo\":{\"@type\":\"ImageObject\",\"inLanguage\":\"pt-PT\",\"@id\":\"https:\/\/pevaryl.com\/pt\/#\/schema\/logo\/image\/\",\"url\":\"https:\/\/pevaryl.com\/app\/uploads\/sites\/4\/2023\/09\/Pevaryl-logo.png\",\"contentUrl\":\"https:\/\/pevaryl.com\/app\/uploads\/sites\/4\/2023\/09\/Pevaryl-logo.png\",\"width\":108,\"height\":30,\"caption\":\"Pevaryl\"},\"image\":{\"@id\":\"https:\/\/pevaryl.com\/pt\/#\/schema\/logo\/image\/\"}}]}<\/script>\n<!-- \/ Yoast SEO plugin. -->","yoast_head_json":{"title":"Gyno-Pevaryl Combipack - Pevaryl","description":"Contra infe\u00e7\u00f5es f\u00fangicas na zona abdominal inferior. Para problemas externos e internos.","robots":{"index":"index","follow":"follow","max-snippet":"max-snippet:-1","max-image-preview":"max-image-preview:large","max-video-preview":"max-video-preview:-1"},"canonical":"https:\/\/pevaryl.com\/pt\/produto\/gyno-pevaryl-combipack\/","og_locale":"pt_PT","og_type":"article","og_title":"Gyno-Pevaryl Combipack - Pevaryl","og_description":"Contra infe\u00e7\u00f5es f\u00fangicas na zona abdominal inferior. Para problemas externos e internos.","og_url":"https:\/\/pevaryl.com\/pt\/produto\/gyno-pevaryl-combipack\/","og_site_name":"Pevaryl","article_modified_time":"2025-08-11T13:34:36+00:00","og_image":[{"width":1200,"height":1200,"url":"https:\/\/pevaryl.com\/app\/uploads\/sites\/4\/2022\/05\/GynoPevaryl_Box_150mg_PT_A01.png","type":"image\/png"}],"twitter_card":"summary_large_image","twitter_misc":{"Tempo estimado de leitura":"1 minuto"},"schema":{"@context":"https:\/\/schema.org","@graph":[{"@type":"WebPage","@id":"https:\/\/pevaryl.com\/pt\/produto\/gyno-pevaryl-combipack\/","url":"https:\/\/pevaryl.com\/pt\/produto\/gyno-pevaryl-combipack\/","name":"Gyno-Pevaryl Combipack - Pevaryl","isPartOf":{"@id":"https:\/\/pevaryl.com\/pt\/#website"},"primaryImageOfPage":{"@id":"https:\/\/pevaryl.com\/pt\/produto\/gyno-pevaryl-combipack\/#primaryimage"},"image":{"@id":"https:\/\/pevaryl.com\/pt\/produto\/gyno-pevaryl-combipack\/#primaryimage"},"thumbnailUrl":"https:\/\/pevaryl.com\/app\/uploads\/sites\/4\/2022\/05\/GynoPevaryl_Box_150mg_PT_A01.png","datePublished":"2022-05-13T13:50:43+00:00","dateModified":"2025-08-11T13:34:36+00:00","description":"Contra infe\u00e7\u00f5es f\u00fangicas na zona abdominal inferior. Para problemas externos e internos.","breadcrumb":{"@id":"https:\/\/pevaryl.com\/pt\/produto\/gyno-pevaryl-combipack\/#breadcrumb"},"inLanguage":"pt-PT","potentialAction":[{"@type":"ReadAction","target":["https:\/\/pevaryl.com\/pt\/produto\/gyno-pevaryl-combipack\/"]}]},{"@type":"ImageObject","inLanguage":"pt-PT","@id":"https:\/\/pevaryl.com\/pt\/produto\/gyno-pevaryl-combipack\/#primaryimage","url":"https:\/\/pevaryl.com\/app\/uploads\/sites\/4\/2022\/05\/GynoPevaryl_Box_150mg_PT_A01.png","contentUrl":"https:\/\/pevaryl.com\/app\/uploads\/sites\/4\/2022\/05\/GynoPevaryl_Box_150mg_PT_A01.png","width":1200,"height":1200,"caption":"Gyno-Pevaryl combi"},{"@type":"BreadcrumbList","@id":"https:\/\/pevaryl.com\/pt\/produto\/gyno-pevaryl-combipack\/#breadcrumb","itemListElement":[{"@type":"ListItem","position":1,"name":"Home","item":"https:\/\/pevaryl.com\/pt\/"},{"@type":"ListItem","position":2,"name":"Produtos","item":"https:\/\/pevaryl.com\/pt\/produtos\/"},{"@type":"ListItem","position":3,"name":"Gyno-Pevaryl Combipack"}]},{"@type":"WebSite","@id":"https:\/\/pevaryl.com\/pt\/#website","url":"https:\/\/pevaryl.com\/pt\/","name":"Pevaryl","description":"","publisher":{"@id":"https:\/\/pevaryl.com\/pt\/#organization"},"potentialAction":[{"@type":"SearchAction","target":{"@type":"EntryPoint","urlTemplate":"https:\/\/pevaryl.com\/pt\/?s={search_term_string}"},"query-input":{"@type":"PropertyValueSpecification","valueRequired":true,"valueName":"search_term_string"}}],"inLanguage":"pt-PT"},{"@type":"Organization","@id":"https:\/\/pevaryl.com\/pt\/#organization","name":"Pevaryl","url":"https:\/\/pevaryl.com\/pt\/","logo":{"@type":"ImageObject","inLanguage":"pt-PT","@id":"https:\/\/pevaryl.com\/pt\/#\/schema\/logo\/image\/","url":"https:\/\/pevaryl.com\/app\/uploads\/sites\/4\/2023\/09\/Pevaryl-logo.png","contentUrl":"https:\/\/pevaryl.com\/app\/uploads\/sites\/4\/2023\/09\/Pevaryl-logo.png","width":108,"height":30,"caption":"Pevaryl"},"image":{"@id":"https:\/\/pevaryl.com\/pt\/#\/schema\/logo\/image\/"}}]}},"_links":{"self":[{"href":"https:\/\/pevaryl.com\/pt\/wp-json\/wp\/v2\/product\/50","targetHints":{"allow":["GET"]}}],"collection":[{"href":"https:\/\/pevaryl.com\/pt\/wp-json\/wp\/v2\/product"}],"about":[{"href":"https:\/\/pevaryl.com\/pt\/wp-json\/wp\/v2\/types\/product"}],"replies":[{"embeddable":true,"href":"https:\/\/pevaryl.com\/pt\/wp-json\/wp\/v2\/comments?post=50"}],"version-history":[{"count":10,"href":"https:\/\/pevaryl.com\/pt\/wp-json\/wp\/v2\/product\/50\/revisions"}],"predecessor-version":[{"id":181,"href":"https:\/\/pevaryl.com\/pt\/wp-json\/wp\/v2\/product\/50\/revisions\/181"}],"wp:featuredmedia":[{"embeddable":true,"href":"https:\/\/pevaryl.com\/pt\/wp-json\/wp\/v2\/media\/53"}],"wp:attachment":[{"href":"https:\/\/pevaryl.com\/pt\/wp-json\/wp\/v2\/media?parent=50"}],"wp:term":[{"taxonomy":"product_brand","embeddable":true,"href":"https:\/\/pevaryl.com\/pt\/wp-json\/wp\/v2\/product_brand?post=50"},{"taxonomy":"product_cat","embeddable":true,"href":"https:\/\/pevaryl.com\/pt\/wp-json\/wp\/v2\/product_cat?post=50"},{"taxonomy":"product_tag","embeddable":true,"href":"https:\/\/pevaryl.com\/pt\/wp-json\/wp\/v2\/product_tag?post=50"}],"curies":[{"name":"wp","href":"https:\/\/api.w.org\/{rel}","templated":true}]}}