{"id":39,"date":"2022-05-13T14:07:36","date_gmt":"2022-05-13T13:07:36","guid":{"rendered":"https:\/\/pevaryl.com\/pt\/?page_id=39"},"modified":"2023-12-15T14:03:21","modified_gmt":"2023-12-15T14:03:21","slug":"perguntas-frequentes","status":"publish","type":"page","link":"https:\/\/pevaryl.com\/pt\/perguntas-frequentes\/","title":{"rendered":"Perguntas frequentes"},"content":{"rendered":"\n<div class=\"wp-block-karopharma-free-text pt-large pb-small bg-center bg-cover bg-no-repeat\" style=\"background-image:url()\"><div class=\"free-text-wrapper container max-w-small text-center\">\n<h1 class=\"orange-text wp-block-heading\">Perguntas frequentes sobre infe\u00e7\u00f5es f\u00fangicas e Pevaryl<sup>\u00ae<\/sup><\/h1>\n\n\n\n<div class=\"wp-block-image\"><figure class=\"aligncenter size-full\"><img loading=\"lazy\" decoding=\"async\" width=\"45\" height=\"51\" src=\"https:\/\/pevaryl.com\/app\/uploads\/sites\/4\/2023\/11\/general-questions.png\" alt=\"Geral\" class=\"wp-image-253\"\/><\/figure><\/div>\n\n\n\n<h2 class=\"is-style-heading-h2 h2faq has-primary-color has-text-color wp-block-heading\">Geral<\/h2>\n<\/div><\/div>\n\n\n\n<div class=\"wp-block-karopharma-accordions\"><div class=\"container\">\n<details class=\"wp-block-karopharma-accordion\"><summary><h2 class=\"accordion-title\">O que \u00e9 uma infe\u00e7\u00e3o f\u00fangica?<\/h2><\/summary><div class=\"accordion-content\">\n<p>Os fungos vivem naturalmente no ambiente (especialmente em locais quentes e h\u00famidos) mas, por vezes, podem causar infe\u00e7\u00f5es na nossa pele, cabelo ou unhas. As infe\u00e7\u00f5es s\u00e3o comuns e normalmente n\u00e3o s\u00e3o graves, mas podem ser dolorosas e desconfort\u00e1veis.<\/p>\n<\/div><\/details>\n\n\n\n<details class=\"wp-block-karopharma-accordion\"><summary><h2 class=\"accordion-title\">A minha condi\u00e7\u00e3o \u00e9 contagiosa?<\/h2><\/summary><div class=\"accordion-content\">\n<p>Algumas infe\u00e7\u00f5es f\u00fangicas da pele, como a tinha e o p\u00e9 de atleta, podem ser contagiosas, mas pode continuar a ter contacto com as pessoas e a realizar as suas atividades di\u00e1rias. No entanto, deve ter cuidado para n\u00e3o partilhar artigos como toalhas ou roupas.<\/p>\n\n\n\n<p>Outras, como a candid\u00edase e a pitir\u00edase versicolor, n\u00e3o s\u00e3o contagiosas, por isso n\u00e3o tem que se preocupar sobre infetar outras pessoas.<\/p>\n<\/div><\/details>\n\n\n\n<details class=\"wp-block-karopharma-accordion\"><summary><h2 class=\"accordion-title\">A minha infe\u00e7\u00e3o pode tornar-se mais grave?<\/h2><\/summary><div class=\"accordion-content\">\n<p>Geralmente, as infe\u00e7\u00f5es f\u00fangicas na pele, cabelo ou unhas n\u00e3o s\u00e3o graves. Se tem o sistema imunit\u00e1rio comprometido, pode estar em maior risco de infe\u00e7\u00f5es mais profundas.<\/p>\n<\/div><\/details>\n\n\n\n<details class=\"wp-block-karopharma-accordion\"><summary><h2 class=\"accordion-title\">O que \u00e9 o Pevaryl?<\/h2><\/summary><div class=\"accordion-content\">\n<p>Pevaryl \u00e9 um tipo de medicamento antif\u00fangico chamado azol. Os tratamentos antif\u00fangicos az\u00f3licos atuam principalmente ao inibir o crescimento de v\u00e1rios tipos de fungos. Isto deve ajudar a curar a infe\u00e7\u00e3o e a impedir que volte a ocorrer.<\/p>\n<\/div><\/details>\n<\/div><\/div>\n\n\n\n<div class=\"wp-block-karopharma-free-text pt-large pb-small bg-center bg-cover bg-no-repeat  is-style-primary\" style=\"background-image:url()\"><div class=\"free-text-wrapper container max-w-small text-center\">\n<div class=\"wp-block-image\"><figure class=\"aligncenter size-full\"><img loading=\"lazy\" decoding=\"async\" width=\"60\" height=\"57\" src=\"https:\/\/pevaryl.com\/app\/uploads\/sites\/4\/2023\/11\/pevaryl-foot-and-skin.png\" alt=\"Pevaryl p\u00e9s e pele\" class=\"wp-image-251\"\/><\/figure><\/div>\n\n\n\n<h2 class=\"is-style-heading-h2 h2faq has-primary-color has-text-color wp-block-heading\">Pevaryl p\u00e9s e pele<\/h2>\n<\/div><\/div>\n\n\n\n<div class=\"wp-block-karopharma-accordions is-style-primary\"><div class=\"container\">\n<details class=\"wp-block-karopharma-accordion\"><summary><h2 class=\"accordion-title\">O que cont\u00e9m o creme Pevaryl?<\/h2><\/summary><div class=\"accordion-content\">\n<p>A subst\u00e2ncia ativa (a parte que faz com que funcione) \u00e9 o nitrato de econazol.<\/p>\n\n\n\n<p>Os outros ingredientes s\u00e3o: butil-hidroxianisol (E320), macrogolgliceridos oleicos, parafina l\u00edquida, \u00e1cido benzoico (E210), pegoxol 7 estearato e \u00e1gua purificada<\/p>\n<\/div><\/details>\n\n\n\n<details class=\"wp-block-karopharma-accordion\"><summary><h2 class=\"accordion-title\">Quem pode utilizar Pevaryl?<\/h2><\/summary><div class=\"accordion-content\">\n<p>Adultos com infe\u00e7\u00f5es f\u00fangicas da pele podem utilizar Pevaryl.<\/p>\n<\/div><\/details>\n\n\n\n<details class=\"wp-block-karopharma-accordion\"><summary><h2 class=\"accordion-title\">Como devo utilizar Pevaryl para o p\u00e9 de atleta?<\/h2><\/summary><div class=\"accordion-content\">\n<p>Lave e seque bem os p\u00e9s antes de aplicar Pevaryl. Use meias e sapatos arejados (n\u00e3o use sapatos apertados).<\/p>\n<\/div><\/details>\n\n\n\n<details class=\"wp-block-karopharma-accordion\"><summary><h2 class=\"accordion-title\">Quanto tempo demora o Pevaryl a atuar?<\/h2><\/summary><div class=\"accordion-content\">\n<p>Isto depende de si, da sua infe\u00e7\u00e3o e do tipo de Pevaryl que est\u00e1 a utilizar.<\/p>\n<\/div><\/details>\n\n\n\n<details class=\"wp-block-karopharma-accordion\"><summary><h2 class=\"accordion-title\">O que posso fazer para prevenir outra infe\u00e7\u00e3o?<\/h2><\/summary><div class=\"accordion-content\">\n<p>Para ajudar \u00e0 sua prote\u00e7\u00e3o, deve manter a pele limpa e seca e evitar usar roupa justa que possa causar transpira\u00e7\u00e3o.<\/p>\n<\/div><\/details>\n<\/div><\/div>\n\n\n\n<div class=\"wp-block-karopharma-free-text pt-large pb-small bg-center bg-cover bg-no-repeat\" style=\"background-image:url()\"><div class=\"free-text-wrapper container max-w-small text-center\">\n<div class=\"wp-block-image\"><figure class=\"aligncenter size-full\"><img loading=\"lazy\" decoding=\"async\" width=\"36\" height=\"45\" src=\"https:\/\/pevaryl.com\/app\/uploads\/sites\/4\/2023\/11\/pevaryl-intimate.png\" alt=\"Gyno-Pevaryl: zona \u00edntima\" class=\"wp-image-250\"\/><\/figure><\/div>\n\n\n\n<h2 class=\"is-style-heading-h2 h2faq has-primary-color has-text-color wp-block-heading\">Gyno-Pevaryl: zona \u00edntima<\/h2>\n<\/div><\/div>\n\n\n\n<div class=\"wp-block-karopharma-accordions\"><div class=\"container\">\n<details class=\"wp-block-karopharma-accordion\"><summary><h2 class=\"accordion-title\">Como devo utilizar o creme vaginal?<\/h2><\/summary><div class=\"accordion-content\">\n<p>Aplicar o creme \u00e0 volta da abertura da vagina e nos l\u00e1bios, no exterior. Pode aplicar uma vez por dia.<\/p>\n<\/div><\/details>\n\n\n\n<details class=\"wp-block-karopharma-accordion\"><summary><h2 class=\"accordion-title\">Como devo utilizar os \u00f3vulos?<\/h2><\/summary><div class=\"accordion-content\">\n<p>Os \u00f3vulos s\u00e3o feitos para inserir na vagina. Ao deitar-se, inserir profundamente na vagina.<\/p>\n<\/div><\/details>\n\n\n\n<details class=\"wp-block-karopharma-accordion\"><summary><h2 class=\"accordion-title\">Posso ter rela\u00e7\u00f5es sexuais enquanto estou a utilizar Gyno-Pevaryl?<\/h2><\/summary><div class=\"accordion-content\">\n<p>\u00c9 prefer\u00edvel n\u00e3o ter rela\u00e7\u00f5es sexuais at\u00e9 ter terminado o tratamento, dado que as rela\u00e7\u00f5es sexuais podem causar mais irrita\u00e7\u00e3o.<\/p>\n\n\n\n<p>Tenha tamb\u00e9m em aten\u00e7\u00e3o que os \u00f3vulos cont\u00eam um ingrediente \u00e0 base de \u00f3leo que pode danificar os diafragmas e preservativos de l\u00e1tex. Pevaryl tamb\u00e9m pode inativar produtos espermicidas.<\/p>\n<\/div><\/details>\n\n\n\n<details class=\"wp-block-karopharma-accordion\"><summary><h2 class=\"accordion-title\">O meu parceiro tamb\u00e9m deve ser tratado?<\/h2><\/summary><div class=\"accordion-content\">\n<p>A candid\u00edase vaginal n\u00e3o \u00e9 uma doen\u00e7a sexualmente transmiss\u00edvel e \u00e9 muito pouco prov\u00e1vel que infete o seu parceiro.<\/p>\n\n\n\n<p>Homens que apresentem sintomas podem utilizar Gyno-Pevaryl creme vaginal, que \u00e9 aplicado uma vez ao dia, ap\u00f3s lavagem e secagem da zona genital externa, durante 14 dias consecutivos.<\/p>\n<\/div><\/details>\n\n\n\n<details class=\"wp-block-karopharma-accordion\"><summary><h2 class=\"accordion-title\">A candid\u00edase vaginal \u00e9 uma doen\u00e7a sexualmente transmiss\u00edvel?<\/h2><\/summary><div class=\"accordion-content\">\n<p>A candid\u00edase vaginal n\u00e3o \u00e9 uma doen\u00e7a sexualmente transmiss\u00edvel e \u00e9 muito pouco prov\u00e1vel que infete o seu parceiro. Os fungos que causam candid\u00edase vaginal vivem naturalmente dentro da vagina e a infe\u00e7\u00e3o acontece quando crescem demasiado.<\/p>\n<\/div><\/details>\n<\/div><\/div>\n","protected":false},"excerpt":{"rendered":"","protected":false},"author":2,"featured_media":0,"parent":0,"menu_order":0,"comment_status":"closed","ping_status":"closed","template":"","meta":{"_acf_changed":false,"footnotes":""},"from-article-database":[],"class_list":["post-39","page","type-page","status-publish","hentry"],"acf":[],"yoast_head":"<!-- This site is optimized with the Yoast SEO plugin v26.6 - https:\/\/yoast.com\/wordpress\/plugins\/seo\/ -->\n<title>Perguntas frequentes - Pevaryl<\/title>\n<meta name=\"description\" content=\"Perguntas frequentes sobre infe\u00e7\u00f5es f\u00fangicas e Pevaryl\u00ae\" \/>\n<meta name=\"robots\" content=\"index, follow, max-snippet:-1, max-image-preview:large, max-video-preview:-1\" \/>\n<link rel=\"canonical\" href=\"https:\/\/pevaryl.com\/pt\/perguntas-frequentes\/\" \/>\n<meta property=\"og:locale\" content=\"pt_PT\" \/>\n<meta property=\"og:type\" content=\"article\" \/>\n<meta property=\"og:title\" content=\"Perguntas frequentes - Pevaryl\" \/>\n<meta property=\"og:description\" content=\"Perguntas frequentes sobre infe\u00e7\u00f5es f\u00fangicas e Pevaryl\u00ae\" \/>\n<meta property=\"og:url\" content=\"https:\/\/pevaryl.com\/pt\/perguntas-frequentes\/\" \/>\n<meta property=\"og:site_name\" content=\"Pevaryl\" \/>\n<meta property=\"article:modified_time\" content=\"2023-12-15T14:03:21+00:00\" \/>\n<meta property=\"og:image\" content=\"https:\/\/pevaryl.com\/app\/uploads\/sites\/4\/2023\/11\/general-questions.png\" \/>\n<meta name=\"twitter:card\" content=\"summary_large_image\" \/>\n<meta name=\"twitter:label1\" content=\"Tempo estimado de leitura\" \/>\n\t<meta name=\"twitter:data1\" content=\"4 minutos\" \/>\n<script type=\"application\/ld+json\" class=\"yoast-schema-graph\">{\"@context\":\"https:\/\/schema.org\",\"@graph\":[{\"@type\":\"WebPage\",\"@id\":\"https:\/\/pevaryl.com\/pt\/perguntas-frequentes\/\",\"url\":\"https:\/\/pevaryl.com\/pt\/perguntas-frequentes\/\",\"name\":\"Perguntas frequentes - Pevaryl\",\"isPartOf\":{\"@id\":\"https:\/\/pevaryl.com\/pt\/#website\"},\"primaryImageOfPage\":{\"@id\":\"https:\/\/pevaryl.com\/pt\/perguntas-frequentes\/#primaryimage\"},\"image\":{\"@id\":\"https:\/\/pevaryl.com\/pt\/perguntas-frequentes\/#primaryimage\"},\"thumbnailUrl\":\"https:\/\/pevaryl.com\/app\/uploads\/sites\/4\/2023\/11\/general-questions.png\",\"datePublished\":\"2022-05-13T13:07:36+00:00\",\"dateModified\":\"2023-12-15T14:03:21+00:00\",\"description\":\"Perguntas frequentes sobre infe\u00e7\u00f5es f\u00fangicas e Pevaryl\u00ae\",\"breadcrumb\":{\"@id\":\"https:\/\/pevaryl.com\/pt\/perguntas-frequentes\/#breadcrumb\"},\"inLanguage\":\"pt-PT\",\"potentialAction\":[{\"@type\":\"ReadAction\",\"target\":[\"https:\/\/pevaryl.com\/pt\/perguntas-frequentes\/\"]}]},{\"@type\":\"ImageObject\",\"inLanguage\":\"pt-PT\",\"@id\":\"https:\/\/pevaryl.com\/pt\/perguntas-frequentes\/#primaryimage\",\"url\":\"https:\/\/pevaryl.com\/app\/uploads\/sites\/4\/2023\/11\/general-questions.png\",\"contentUrl\":\"https:\/\/pevaryl.com\/app\/uploads\/sites\/4\/2023\/11\/general-questions.png\"},{\"@type\":\"BreadcrumbList\",\"@id\":\"https:\/\/pevaryl.com\/pt\/perguntas-frequentes\/#breadcrumb\",\"itemListElement\":[{\"@type\":\"ListItem\",\"position\":1,\"name\":\"Home\",\"item\":\"https:\/\/pevaryl.com\/pt\/\"},{\"@type\":\"ListItem\",\"position\":2,\"name\":\"Perguntas frequentes\"}]},{\"@type\":\"WebSite\",\"@id\":\"https:\/\/pevaryl.com\/pt\/#website\",\"url\":\"https:\/\/pevaryl.com\/pt\/\",\"name\":\"Pevaryl\",\"description\":\"\",\"publisher\":{\"@id\":\"https:\/\/pevaryl.com\/pt\/#organization\"},\"potentialAction\":[{\"@type\":\"SearchAction\",\"target\":{\"@type\":\"EntryPoint\",\"urlTemplate\":\"https:\/\/pevaryl.com\/pt\/?s={search_term_string}\"},\"query-input\":{\"@type\":\"PropertyValueSpecification\",\"valueRequired\":true,\"valueName\":\"search_term_string\"}}],\"inLanguage\":\"pt-PT\"},{\"@type\":\"Organization\",\"@id\":\"https:\/\/pevaryl.com\/pt\/#organization\",\"name\":\"Pevaryl\",\"url\":\"https:\/\/pevaryl.com\/pt\/\",\"logo\":{\"@type\":\"ImageObject\",\"inLanguage\":\"pt-PT\",\"@id\":\"https:\/\/pevaryl.com\/pt\/#\/schema\/logo\/image\/\",\"url\":\"https:\/\/pevaryl.com\/app\/uploads\/sites\/4\/2023\/09\/Pevaryl-logo.png\",\"contentUrl\":\"https:\/\/pevaryl.com\/app\/uploads\/sites\/4\/2023\/09\/Pevaryl-logo.png\",\"width\":108,\"height\":30,\"caption\":\"Pevaryl\"},\"image\":{\"@id\":\"https:\/\/pevaryl.com\/pt\/#\/schema\/logo\/image\/\"}}]}<\/script>\n<!-- \/ Yoast SEO plugin. -->","yoast_head_json":{"title":"Perguntas frequentes - Pevaryl","description":"Perguntas frequentes sobre infe\u00e7\u00f5es f\u00fangicas e Pevaryl\u00ae","robots":{"index":"index","follow":"follow","max-snippet":"max-snippet:-1","max-image-preview":"max-image-preview:large","max-video-preview":"max-video-preview:-1"},"canonical":"https:\/\/pevaryl.com\/pt\/perguntas-frequentes\/","og_locale":"pt_PT","og_type":"article","og_title":"Perguntas frequentes - Pevaryl","og_description":"Perguntas frequentes sobre infe\u00e7\u00f5es f\u00fangicas e Pevaryl\u00ae","og_url":"https:\/\/pevaryl.com\/pt\/perguntas-frequentes\/","og_site_name":"Pevaryl","article_modified_time":"2023-12-15T14:03:21+00:00","og_image":[{"url":"https:\/\/pevaryl.com\/app\/uploads\/sites\/4\/2023\/11\/general-questions.png","type":"","width":"","height":""}],"twitter_card":"summary_large_image","twitter_misc":{"Tempo estimado de leitura":"4 minutos"},"schema":{"@context":"https:\/\/schema.org","@graph":[{"@type":"WebPage","@id":"https:\/\/pevaryl.com\/pt\/perguntas-frequentes\/","url":"https:\/\/pevaryl.com\/pt\/perguntas-frequentes\/","name":"Perguntas frequentes - Pevaryl","isPartOf":{"@id":"https:\/\/pevaryl.com\/pt\/#website"},"primaryImageOfPage":{"@id":"https:\/\/pevaryl.com\/pt\/perguntas-frequentes\/#primaryimage"},"image":{"@id":"https:\/\/pevaryl.com\/pt\/perguntas-frequentes\/#primaryimage"},"thumbnailUrl":"https:\/\/pevaryl.com\/app\/uploads\/sites\/4\/2023\/11\/general-questions.png","datePublished":"2022-05-13T13:07:36+00:00","dateModified":"2023-12-15T14:03:21+00:00","description":"Perguntas frequentes sobre infe\u00e7\u00f5es f\u00fangicas e Pevaryl\u00ae","breadcrumb":{"@id":"https:\/\/pevaryl.com\/pt\/perguntas-frequentes\/#breadcrumb"},"inLanguage":"pt-PT","potentialAction":[{"@type":"ReadAction","target":["https:\/\/pevaryl.com\/pt\/perguntas-frequentes\/"]}]},{"@type":"ImageObject","inLanguage":"pt-PT","@id":"https:\/\/pevaryl.com\/pt\/perguntas-frequentes\/#primaryimage","url":"https:\/\/pevaryl.com\/app\/uploads\/sites\/4\/2023\/11\/general-questions.png","contentUrl":"https:\/\/pevaryl.com\/app\/uploads\/sites\/4\/2023\/11\/general-questions.png"},{"@type":"BreadcrumbList","@id":"https:\/\/pevaryl.com\/pt\/perguntas-frequentes\/#breadcrumb","itemListElement":[{"@type":"ListItem","position":1,"name":"Home","item":"https:\/\/pevaryl.com\/pt\/"},{"@type":"ListItem","position":2,"name":"Perguntas frequentes"}]},{"@type":"WebSite","@id":"https:\/\/pevaryl.com\/pt\/#website","url":"https:\/\/pevaryl.com\/pt\/","name":"Pevaryl","description":"","publisher":{"@id":"https:\/\/pevaryl.com\/pt\/#organization"},"potentialAction":[{"@type":"SearchAction","target":{"@type":"EntryPoint","urlTemplate":"https:\/\/pevaryl.com\/pt\/?s={search_term_string}"},"query-input":{"@type":"PropertyValueSpecification","valueRequired":true,"valueName":"search_term_string"}}],"inLanguage":"pt-PT"},{"@type":"Organization","@id":"https:\/\/pevaryl.com\/pt\/#organization","name":"Pevaryl","url":"https:\/\/pevaryl.com\/pt\/","logo":{"@type":"ImageObject","inLanguage":"pt-PT","@id":"https:\/\/pevaryl.com\/pt\/#\/schema\/logo\/image\/","url":"https:\/\/pevaryl.com\/app\/uploads\/sites\/4\/2023\/09\/Pevaryl-logo.png","contentUrl":"https:\/\/pevaryl.com\/app\/uploads\/sites\/4\/2023\/09\/Pevaryl-logo.png","width":108,"height":30,"caption":"Pevaryl"},"image":{"@id":"https:\/\/pevaryl.com\/pt\/#\/schema\/logo\/image\/"}}]}},"_links":{"self":[{"href":"https:\/\/pevaryl.com\/pt\/wp-json\/wp\/v2\/pages\/39","targetHints":{"allow":["GET"]}}],"collection":[{"href":"https:\/\/pevaryl.com\/pt\/wp-json\/wp\/v2\/pages"}],"about":[{"href":"https:\/\/pevaryl.com\/pt\/wp-json\/wp\/v2\/types\/page"}],"author":[{"embeddable":true,"href":"https:\/\/pevaryl.com\/pt\/wp-json\/wp\/v2\/users\/2"}],"replies":[{"embeddable":true,"href":"https:\/\/pevaryl.com\/pt\/wp-json\/wp\/v2\/comments?post=39"}],"version-history":[{"count":10,"href":"https:\/\/pevaryl.com\/pt\/wp-json\/wp\/v2\/pages\/39\/revisions"}],"predecessor-version":[{"id":320,"href":"https:\/\/pevaryl.com\/pt\/wp-json\/wp\/v2\/pages\/39\/revisions\/320"}],"wp:attachment":[{"href":"https:\/\/pevaryl.com\/pt\/wp-json\/wp\/v2\/media?parent=39"}],"wp:term":[{"taxonomy":"from-article-database","embeddable":true,"href":"https:\/\/pevaryl.com\/pt\/wp-json\/wp\/v2\/from-article-database?post=39"}],"curies":[{"name":"wp","href":"https:\/\/api.w.org\/{rel}","templated":true}]}}