{"id":223,"date":"2023-09-27T14:02:38","date_gmt":"2023-09-27T13:02:38","guid":{"rendered":"https:\/\/pevaryl.com\/pt\/?page_id=223"},"modified":"2023-12-15T14:03:03","modified_gmt":"2023-12-15T14:03:03","slug":"sobre-a-gama-pevaryl-2","status":"publish","type":"page","link":"https:\/\/pevaryl.com\/pt\/","title":{"rendered":"Sobre a gama Pevaryl"},"content":{"rendered":"\n\n\n\n\n<div class=\"wp-block-karopharma-free-text pt-large pb-small bg-center bg-cover bg-no-repeat\" style=\"background-image:url()\"><div class=\"free-text-wrapper container max-w-medium text-center\">\n<p class=\"is-style-paragraph-body-text\">As infe\u00e7\u00f5es f\u00fangicas (micoses) s\u00e3o <strong>muito frequentes e afetam muitas pessoas<\/strong>. Mesmo assim, podem ser desconfort\u00e1veis, irritantes e inconvenientes e, por isso, <strong>\u00e9 importante resolv\u00ea-las rapidamente<\/strong> \u2013 para que possa viver a vida como desejar.<\/p>\n\n\n\n<h2 class=\"is-style-heading-large wp-block-heading\">Apresentamos a gama Pevaryl<sup>\u00ae<\/sup><\/h2>\n\n\n\n<p class=\"is-style-paragraph-body-text\"><strong><mark style=\"background-color:rgba(0, 0, 0, 0)\" class=\"has-inline-color has-tertiary-color\">Pevaryl e Gyno-Pevaryl tratam infe\u00e7\u00f5es f\u00fangicas nos p\u00e9s, na pele e na zona \u00edntima.<\/mark><\/strong><br>Atuam impedindo o fungo de crescer e est\u00e3o dispon\u00edveis em v\u00e1rios formatos. O econazol, o ingrediente ativo da gama Pevaryl, \u00e9 utilizado h\u00e1 mais de 30 anos no tratamento de infe\u00e7\u00f5es f\u00fangicas cut\u00e2neas.<\/p>\n<\/div><\/div>\n\n\n\n<figure class=\"wp-block-image size-full is-resized hundra\"><img loading=\"lazy\" decoding=\"async\" src=\"https:\/\/pevaryl.com\/app\/uploads\/sites\/4\/2023\/11\/Pevaryl-banner-hedge-1.jpg\" alt=\"Pevaryl-banner-hedge\" class=\"wp-image-268\" width=\"1920\" height=\"423\" srcset=\"https:\/\/pevaryl.com\/app\/uploads\/sites\/4\/2023\/11\/Pevaryl-banner-hedge-1.jpg 1920w, https:\/\/pevaryl.com\/app\/uploads\/sites\/4\/2023\/11\/Pevaryl-banner-hedge-1-320x71.jpg 320w, https:\/\/pevaryl.com\/app\/uploads\/sites\/4\/2023\/11\/Pevaryl-banner-hedge-1-1024x226.jpg 1024w, https:\/\/pevaryl.com\/app\/uploads\/sites\/4\/2023\/11\/Pevaryl-banner-hedge-1-768x169.jpg 768w, https:\/\/pevaryl.com\/app\/uploads\/sites\/4\/2023\/11\/Pevaryl-banner-hedge-1-1536x338.jpg 1536w, https:\/\/pevaryl.com\/app\/uploads\/sites\/4\/2023\/11\/Pevaryl-banner-hedge-1-600x132.jpg 600w\" sizes=\"auto, (max-width: 1920px) 100vw, 1920px\" \/><\/figure>\n\n\n\n<div style=\"height:100px\" aria-hidden=\"true\" class=\"wp-block-spacer is-style-responsive-small\"><\/div>\n\n\n\n<div class=\"wp-block-karopharma-free-text pt-small pb-small bg-center bg-cover bg-no-repeat  is-style-primary\" style=\"background-image:url()\"><div class=\"free-text-wrapper container max-w-medium text-left\">\n<h2 class=\"wp-block-heading\"><\/h2>\n<\/div><\/div>\n\n\n\n<div class=\"wp-block-karopharma-several-images-with-text several-images-with-text is-style-primary\"><div class=\"container large col-1 content-align-center\" test-data=\"inner-content\">\n<section class=\"wp-block-karopharma-image-with-text image-with-text image-with-text__full-width\"><div class=\"image-with-text-container \"><div class=\"image-with-text-container-image-container\"><img decoding=\"async\" loading=\"lazy\" src=\"https:\/\/pevaryl.com\/cdn-cgi\/image\/format=auto\/app\/uploads\/sites\/4\/2023\/11\/icon-1.png\" alt=\"icon-1\"\/><\/div><div class=\"image-with-text-container-content\" style=\"text-align:left\" data-test=\"content\"><div class=\"content\"><p class=\"body\" data-test=\"body\">Est\u00e1 <strong>demonstrado que os produtos Pevaryl s\u00e3o eficazes<\/strong> no tratamento da candid\u00edase cut\u00e2nea e vaginal, dermatofitoses (incluindo tinha e p\u00e9 de atleta) e pitir\u00edase versicolor<\/p>\n<div class=\"wp-block-buttons is-layout-flex wp-block-buttons-is-layout-flex\"><\/div>\n<\/div><\/div><\/div><\/section>\n\n\n\n<section class=\"wp-block-karopharma-image-with-text image-with-text image-with-text__full-width is-style-transparent\"><div class=\"image-with-text-container \"><div class=\"image-with-text-container-image-container\"><img decoding=\"async\" loading=\"lazy\" src=\"https:\/\/pevaryl.com\/cdn-cgi\/image\/format=auto\/app\/uploads\/sites\/4\/2023\/11\/icon-2.png\" alt=\"icon-2\"\/><\/div><div class=\"image-with-text-container-content\" style=\"text-align:left\" data-test=\"content\"><div class=\"content\"><p class=\"body\" data-test=\"body\">Foram <strong>concebidos para uma aplica\u00e7\u00e3o f\u00e1cil e maior comodidade<\/strong> do tratamento<\/p>\n<div class=\"wp-block-buttons is-layout-flex wp-block-buttons-is-layout-flex\"><\/div>\n<\/div><\/div><\/div><\/section>\n<\/div><\/div>\n\n\n\n<div class=\"wp-block-karopharma-several-images-with-text several-images-with-text is-style-primary\"><div class=\"container large col-1 content-align-center\" test-data=\"inner-content\">\n<section class=\"wp-block-karopharma-image-with-text image-with-text image-with-text__full-width\"><div class=\"image-with-text-container \"><div class=\"image-with-text-container-image-container\"><img decoding=\"async\" loading=\"lazy\" src=\"https:\/\/pevaryl.com\/cdn-cgi\/image\/format=auto\/app\/uploads\/sites\/4\/2023\/11\/icon-3.png\" alt=\"icon-3\"\/><\/div><div class=\"image-with-text-container-content\" style=\"text-align:left\" data-test=\"content\"><div class=\"content\"><p class=\"body\" data-test=\"body\"><strong>A dura\u00e7\u00e3o do tratamento depende da situa\u00e7\u00e3o a tratar.<\/strong><\/p>\n<div class=\"wp-block-buttons is-layout-flex wp-block-buttons-is-layout-flex\"><\/div>\n<\/div><\/div><\/div><\/section>\n\n\n\n<section class=\"wp-block-karopharma-image-with-text image-with-text image-with-text__full-width\"><div class=\"image-with-text-container \"><div class=\"image-with-text-container-image-container\"><img decoding=\"async\" loading=\"lazy\" src=\"https:\/\/pevaryl.com\/cdn-cgi\/image\/format=auto\/app\/uploads\/sites\/4\/2023\/12\/icon-4.png\" alt=\"Normalmente, h\u00e1 redu\u00e7\u00e3o dos sinais de infe\u00e7\u00e3o f\u00fangica depois do tratamento com Pevaryl.\"\/><\/div><div class=\"image-with-text-container-content\" style=\"text-align:left\" data-test=\"content\"><div class=\"content\"><p class=\"body\" data-test=\"body\"><strong>Normalmente, h\u00e1 redu\u00e7\u00e3o dos sinais de infe\u00e7\u00e3o f\u00fangica depois do tratamento com Pevaryl.<\/strong><\/p>\n<div class=\"wp-block-buttons is-layout-flex wp-block-buttons-is-layout-flex\"><\/div>\n<\/div><\/div><\/div><\/section>\n<\/div><\/div>\n\n\n\n<div class=\"wp-block-karopharma-free-text pt-small pb-small bg-center bg-cover bg-no-repeat  is-style-primary\" style=\"background-image:url()\"><div class=\"free-text-wrapper container max-w-medium text-left\">\n<h2 class=\"wp-block-heading\"><\/h2>\n<\/div><\/div>\n\n\n\n<div class=\"wp-block-karopharma-several-images-with-text several-images-with-text puffar is-style-secondary\"><div class=\"container large col-1 content-align-center\" test-data=\"inner-content\">\n<section class=\"wp-block-karopharma-image-with-text image-with-text image-with-text__full-width\"><div class=\"image-with-text-container \"><div class=\"image-with-text-container-image-container\"><img decoding=\"async\" loading=\"lazy\" src=\"https:\/\/pevaryl.com\/cdn-cgi\/image\/format=auto\/app\/uploads\/sites\/4\/2023\/11\/foot-and-skin-health.jpg\" alt=\"Sa\u00fade dos p\u00e9s e da pele\"\/><\/div><div class=\"image-with-text-container-content\" style=\"text-align:left\" data-test=\"content\"><div class=\"content\"><h2><strong>Sa\u00fade dos p\u00e9s e da pele<\/strong><\/h2><p class=\"body\" data-test=\"body\">As \u00e1reas do corpo mais frequentemente afetadas s\u00e3o p\u00e9s, unhas, boca, couro cabeludo e genitais. N\u00e3o tem a certeza do que significam os seus sintomas? Reunimos algumas informa\u00e7\u00f5es \u00fateis e sugest\u00f5es sobre infe\u00e7\u00f5es f\u00fangicas comuns e como as pode tratar.<\/p>\n<div class=\"wp-block-buttons is-layout-flex wp-block-buttons-is-layout-flex\">\n<div class=\"wp-block-button is-style-tertiary-button\"><a class=\"wp-block-button__link\" href=\"https:\/\/pevaryl.com\/pt\/saude-dos-pes-e-da-pele\/\">Saber mais<\/a><\/div>\n<\/div>\n<\/div><\/div><\/div><\/section>\n\n\n\n<section class=\"wp-block-karopharma-image-with-text image-with-text image-with-text__full-width\"><div class=\"image-with-text-container \"><div class=\"image-with-text-container-image-container\"><img decoding=\"async\" loading=\"lazy\" src=\"https:\/\/pevaryl.com\/cdn-cgi\/image\/format=auto\/app\/uploads\/sites\/4\/2023\/11\/intimate-health.jpg\" alt=\"Sa\u00fade \u00edntima\"\/><\/div><div class=\"image-with-text-container-content\" style=\"text-align:left\" data-test=\"content\"><div class=\"content\"><h2><strong>Sa\u00fade \u00edntima<\/strong><\/h2><p class=\"body\" data-test=\"body\">O que \u00e9 a candid\u00edase vaginal e como se desenvolve? Vamos clarificar alguns equ\u00edvocos sobre a candid\u00edase e discutir as diferentes op\u00e7\u00f5es de tratamento dispon\u00edveis.<br><br><\/p>\n<div class=\"wp-block-buttons is-layout-flex wp-block-buttons-is-layout-flex\">\n<div class=\"wp-block-button is-style-tertiary-button\"><a class=\"wp-block-button__link\" href=\"https:\/\/pevaryl.com\/pt\/saude-intima\/\">Saber mais<\/a><\/div>\n<\/div>\n<\/div><\/div><\/div><\/section>\n<\/div><\/div>\n\n\n\n<div class=\"wp-block-karopharma-free-text pt-large pb-large bg-center bg-auto bg-repeat  is-style-primary\" style=\"background-image:url(https:\/\/pevaryl.com\/cdn-cgi\/image\/format=auto\/app\/uploads\/sites\/7\/2023\/09\/bg-find-the-right-product-1.png)\"><div class=\"free-text-wrapper container max-w-medium text-center\">\n<h2 class=\"has-text-align-center is-style-heading-large has-primary-color has-text-color wp-block-heading\">Encontre o produto certo para si<\/h2>\n\n\n\n<figure class=\"wp-block-image size-large\"><img loading=\"lazy\" decoding=\"async\" width=\"1024\" height=\"332\" src=\"https:\/\/pevaryl.com\/app\/uploads\/sites\/4\/2023\/11\/find-the-right-product-for-you-copy-1024x332.png\" alt=\"Encontre o produto certo para si\" class=\"wp-image-270\" srcset=\"https:\/\/pevaryl.com\/app\/uploads\/sites\/4\/2023\/11\/find-the-right-product-for-you-copy-1024x332.png 1024w, https:\/\/pevaryl.com\/app\/uploads\/sites\/4\/2023\/11\/find-the-right-product-for-you-copy-320x104.png 320w, https:\/\/pevaryl.com\/app\/uploads\/sites\/4\/2023\/11\/find-the-right-product-for-you-copy-768x249.png 768w, https:\/\/pevaryl.com\/app\/uploads\/sites\/4\/2023\/11\/find-the-right-product-for-you-copy-600x194.png 600w, https:\/\/pevaryl.com\/app\/uploads\/sites\/4\/2023\/11\/find-the-right-product-for-you-copy.png 1306w\" sizes=\"auto, (max-width: 1024px) 100vw, 1024px\" \/><\/figure>\n\n\n\n<p class=\"is-style-paragraph-body-text has-white-color has-text-color\">Os produtos Pevaryl s\u00e3o eficazes contra as infe\u00e7\u00f5es f\u00fangicas da pele mais comuns. <strong>Est\u00e3o dispon\u00edveis numa gama de formatos para toda a fam\u00edlia, oferecendo uma escolha de produtos adequada \u00e0s suas necessidades e prefer\u00eancias pessoais.<\/strong><\/p>\n\n\n\n<div class=\"wp-block-buttons is-layout-flex wp-block-buttons-is-layout-flex\">\n<div class=\"wp-block-button is-style-tertiary-button\"><a class=\"wp-block-button__link\" href=\"https:\/\/pevaryl.com\/pt\/produtos\/\">SABER MAIS<\/a><\/div>\n\n\n\n<div class=\"wp-block-button is-style-alternative-button\"><a class=\"wp-block-button__link\" href=\"#resellers\">Comprar agora<\/a><\/div>\n<\/div>\n<\/div><\/div>\n","protected":false},"excerpt":{"rendered":"","protected":false},"author":2,"featured_media":0,"parent":0,"menu_order":0,"comment_status":"closed","ping_status":"closed","template":"","meta":{"_acf_changed":false,"footnotes":""},"from-article-database":[],"class_list":["post-223","page","type-page","status-publish","hentry"],"acf":[],"yoast_head":"<!-- This site is optimized with the Yoast SEO plugin v26.6 - https:\/\/yoast.com\/wordpress\/plugins\/seo\/ -->\n<title>Sobre a gama Pevaryl - Pevaryl<\/title>\n<meta name=\"robots\" content=\"index, follow, max-snippet:-1, max-image-preview:large, max-video-preview:-1\" \/>\n<link rel=\"canonical\" href=\"https:\/\/pevaryl.com\/pt\/\" \/>\n<meta property=\"og:locale\" content=\"pt_PT\" \/>\n<meta property=\"og:type\" content=\"article\" \/>\n<meta property=\"og:title\" content=\"Sobre a gama Pevaryl - Pevaryl\" \/>\n<meta property=\"og:url\" content=\"https:\/\/pevaryl.com\/pt\/\" \/>\n<meta property=\"og:site_name\" content=\"Pevaryl\" \/>\n<meta property=\"article:modified_time\" content=\"2023-12-15T14:03:03+00:00\" \/>\n<meta property=\"og:image\" content=\"https:\/\/pevaryl.com\/app\/uploads\/sites\/4\/2023\/11\/Pevaryl-banner-hedge-1.jpg\" \/>\n<meta name=\"twitter:card\" content=\"summary_large_image\" \/>\n<meta name=\"twitter:label1\" content=\"Tempo estimado de leitura\" \/>\n\t<meta name=\"twitter:data1\" content=\"4 minutos\" \/>\n<script type=\"application\/ld+json\" class=\"yoast-schema-graph\">{\"@context\":\"https:\/\/schema.org\",\"@graph\":[{\"@type\":\"WebPage\",\"@id\":\"https:\/\/pevaryl.com\/pt\/\",\"url\":\"https:\/\/pevaryl.com\/pt\/\",\"name\":\"Sobre a gama Pevaryl - Pevaryl\",\"isPartOf\":{\"@id\":\"https:\/\/pevaryl.com\/pt\/#website\"},\"primaryImageOfPage\":{\"@id\":\"https:\/\/pevaryl.com\/pt\/#primaryimage\"},\"image\":{\"@id\":\"https:\/\/pevaryl.com\/pt\/#primaryimage\"},\"thumbnailUrl\":\"https:\/\/pevaryl.com\/app\/uploads\/sites\/4\/2023\/11\/Pevaryl-banner-hedge-1.jpg\",\"datePublished\":\"2023-09-27T13:02:38+00:00\",\"dateModified\":\"2023-12-15T14:03:03+00:00\",\"breadcrumb\":{\"@id\":\"https:\/\/pevaryl.com\/pt\/#breadcrumb\"},\"inLanguage\":\"pt-PT\",\"potentialAction\":[{\"@type\":\"ReadAction\",\"target\":[\"https:\/\/pevaryl.com\/pt\/\"]}]},{\"@type\":\"ImageObject\",\"inLanguage\":\"pt-PT\",\"@id\":\"https:\/\/pevaryl.com\/pt\/#primaryimage\",\"url\":\"https:\/\/pevaryl.com\/app\/uploads\/sites\/4\/2023\/11\/Pevaryl-banner-hedge-1.jpg\",\"contentUrl\":\"https:\/\/pevaryl.com\/app\/uploads\/sites\/4\/2023\/11\/Pevaryl-banner-hedge-1.jpg\"},{\"@type\":\"BreadcrumbList\",\"@id\":\"https:\/\/pevaryl.com\/pt\/#breadcrumb\",\"itemListElement\":[{\"@type\":\"ListItem\",\"position\":1,\"name\":\"Home\",\"item\":\"https:\/\/pevaryl.com\/pt\/\"},{\"@type\":\"ListItem\",\"position\":2,\"name\":\"Sobre a gama Pevaryl\"}]},{\"@type\":\"WebSite\",\"@id\":\"https:\/\/pevaryl.com\/pt\/#website\",\"url\":\"https:\/\/pevaryl.com\/pt\/\",\"name\":\"Pevaryl\",\"description\":\"\",\"publisher\":{\"@id\":\"https:\/\/pevaryl.com\/pt\/#organization\"},\"potentialAction\":[{\"@type\":\"SearchAction\",\"target\":{\"@type\":\"EntryPoint\",\"urlTemplate\":\"https:\/\/pevaryl.com\/pt\/?s={search_term_string}\"},\"query-input\":{\"@type\":\"PropertyValueSpecification\",\"valueRequired\":true,\"valueName\":\"search_term_string\"}}],\"inLanguage\":\"pt-PT\"},{\"@type\":\"Organization\",\"@id\":\"https:\/\/pevaryl.com\/pt\/#organization\",\"name\":\"Pevaryl\",\"url\":\"https:\/\/pevaryl.com\/pt\/\",\"logo\":{\"@type\":\"ImageObject\",\"inLanguage\":\"pt-PT\",\"@id\":\"https:\/\/pevaryl.com\/pt\/#\/schema\/logo\/image\/\",\"url\":\"https:\/\/pevaryl.com\/app\/uploads\/sites\/4\/2023\/09\/Pevaryl-logo.png\",\"contentUrl\":\"https:\/\/pevaryl.com\/app\/uploads\/sites\/4\/2023\/09\/Pevaryl-logo.png\",\"width\":108,\"height\":30,\"caption\":\"Pevaryl\"},\"image\":{\"@id\":\"https:\/\/pevaryl.com\/pt\/#\/schema\/logo\/image\/\"}}]}<\/script>\n<!-- \/ Yoast SEO plugin. -->","yoast_head_json":{"title":"Sobre a gama Pevaryl - Pevaryl","robots":{"index":"index","follow":"follow","max-snippet":"max-snippet:-1","max-image-preview":"max-image-preview:large","max-video-preview":"max-video-preview:-1"},"canonical":"https:\/\/pevaryl.com\/pt\/","og_locale":"pt_PT","og_type":"article","og_title":"Sobre a gama Pevaryl - Pevaryl","og_url":"https:\/\/pevaryl.com\/pt\/","og_site_name":"Pevaryl","article_modified_time":"2023-12-15T14:03:03+00:00","og_image":[{"url":"https:\/\/pevaryl.com\/app\/uploads\/sites\/4\/2023\/11\/Pevaryl-banner-hedge-1.jpg","type":"","width":"","height":""}],"twitter_card":"summary_large_image","twitter_misc":{"Tempo estimado de leitura":"4 minutos"},"schema":{"@context":"https:\/\/schema.org","@graph":[{"@type":"WebPage","@id":"https:\/\/pevaryl.com\/pt\/","url":"https:\/\/pevaryl.com\/pt\/","name":"Sobre a gama Pevaryl - Pevaryl","isPartOf":{"@id":"https:\/\/pevaryl.com\/pt\/#website"},"primaryImageOfPage":{"@id":"https:\/\/pevaryl.com\/pt\/#primaryimage"},"image":{"@id":"https:\/\/pevaryl.com\/pt\/#primaryimage"},"thumbnailUrl":"https:\/\/pevaryl.com\/app\/uploads\/sites\/4\/2023\/11\/Pevaryl-banner-hedge-1.jpg","datePublished":"2023-09-27T13:02:38+00:00","dateModified":"2023-12-15T14:03:03+00:00","breadcrumb":{"@id":"https:\/\/pevaryl.com\/pt\/#breadcrumb"},"inLanguage":"pt-PT","potentialAction":[{"@type":"ReadAction","target":["https:\/\/pevaryl.com\/pt\/"]}]},{"@type":"ImageObject","inLanguage":"pt-PT","@id":"https:\/\/pevaryl.com\/pt\/#primaryimage","url":"https:\/\/pevaryl.com\/app\/uploads\/sites\/4\/2023\/11\/Pevaryl-banner-hedge-1.jpg","contentUrl":"https:\/\/pevaryl.com\/app\/uploads\/sites\/4\/2023\/11\/Pevaryl-banner-hedge-1.jpg"},{"@type":"BreadcrumbList","@id":"https:\/\/pevaryl.com\/pt\/#breadcrumb","itemListElement":[{"@type":"ListItem","position":1,"name":"Home","item":"https:\/\/pevaryl.com\/pt\/"},{"@type":"ListItem","position":2,"name":"Sobre a gama Pevaryl"}]},{"@type":"WebSite","@id":"https:\/\/pevaryl.com\/pt\/#website","url":"https:\/\/pevaryl.com\/pt\/","name":"Pevaryl","description":"","publisher":{"@id":"https:\/\/pevaryl.com\/pt\/#organization"},"potentialAction":[{"@type":"SearchAction","target":{"@type":"EntryPoint","urlTemplate":"https:\/\/pevaryl.com\/pt\/?s={search_term_string}"},"query-input":{"@type":"PropertyValueSpecification","valueRequired":true,"valueName":"search_term_string"}}],"inLanguage":"pt-PT"},{"@type":"Organization","@id":"https:\/\/pevaryl.com\/pt\/#organization","name":"Pevaryl","url":"https:\/\/pevaryl.com\/pt\/","logo":{"@type":"ImageObject","inLanguage":"pt-PT","@id":"https:\/\/pevaryl.com\/pt\/#\/schema\/logo\/image\/","url":"https:\/\/pevaryl.com\/app\/uploads\/sites\/4\/2023\/09\/Pevaryl-logo.png","contentUrl":"https:\/\/pevaryl.com\/app\/uploads\/sites\/4\/2023\/09\/Pevaryl-logo.png","width":108,"height":30,"caption":"Pevaryl"},"image":{"@id":"https:\/\/pevaryl.com\/pt\/#\/schema\/logo\/image\/"}}]}},"_links":{"self":[{"href":"https:\/\/pevaryl.com\/pt\/wp-json\/wp\/v2\/pages\/223","targetHints":{"allow":["GET"]}}],"collection":[{"href":"https:\/\/pevaryl.com\/pt\/wp-json\/wp\/v2\/pages"}],"about":[{"href":"https:\/\/pevaryl.com\/pt\/wp-json\/wp\/v2\/types\/page"}],"author":[{"embeddable":true,"href":"https:\/\/pevaryl.com\/pt\/wp-json\/wp\/v2\/users\/2"}],"replies":[{"embeddable":true,"href":"https:\/\/pevaryl.com\/pt\/wp-json\/wp\/v2\/comments?post=223"}],"version-history":[{"count":10,"href":"https:\/\/pevaryl.com\/pt\/wp-json\/wp\/v2\/pages\/223\/revisions"}],"predecessor-version":[{"id":329,"href":"https:\/\/pevaryl.com\/pt\/wp-json\/wp\/v2\/pages\/223\/revisions\/329"}],"wp:attachment":[{"href":"https:\/\/pevaryl.com\/pt\/wp-json\/wp\/v2\/media?parent=223"}],"wp:term":[{"taxonomy":"from-article-database","embeddable":true,"href":"https:\/\/pevaryl.com\/pt\/wp-json\/wp\/v2\/from-article-database?post=223"}],"curies":[{"name":"wp","href":"https:\/\/api.w.org\/{rel}","templated":true}]}}