{"id":197,"date":"2023-09-27T10:01:33","date_gmt":"2023-09-27T09:01:33","guid":{"rendered":"https:\/\/pevaryl.com\/pt\/?page_id=197"},"modified":"2023-12-15T14:03:05","modified_gmt":"2023-12-15T14:03:05","slug":"saude-intima","status":"publish","type":"page","link":"https:\/\/pevaryl.com\/pt\/saude-intima\/","title":{"rendered":"Sa\u00fade \u00edntima"},"content":{"rendered":"\n<figure class=\"wp-block-image size-full hundra\"><img loading=\"lazy\" decoding=\"async\" width=\"1920\" height=\"200\" src=\"https:\/\/pevaryl.com\/app\/uploads\/sites\/4\/2023\/09\/topp-intimate.jpg\" alt=\"Sa\u00fade \u00edntima\" class=\"wp-image-207\" srcset=\"https:\/\/pevaryl.com\/app\/uploads\/sites\/4\/2023\/09\/topp-intimate.jpg 1920w, https:\/\/pevaryl.com\/app\/uploads\/sites\/4\/2023\/09\/topp-intimate-320x33.jpg 320w, https:\/\/pevaryl.com\/app\/uploads\/sites\/4\/2023\/09\/topp-intimate-1024x107.jpg 1024w, https:\/\/pevaryl.com\/app\/uploads\/sites\/4\/2023\/09\/topp-intimate-768x80.jpg 768w, https:\/\/pevaryl.com\/app\/uploads\/sites\/4\/2023\/09\/topp-intimate-1536x160.jpg 1536w, https:\/\/pevaryl.com\/app\/uploads\/sites\/4\/2023\/09\/topp-intimate-600x63.jpg 600w\" sizes=\"auto, (max-width: 1920px) 100vw, 1920px\" \/><\/figure>\n\n\n\n<div class=\"wp-block-karopharma-free-text pt-large pb-large bg-center bg-cover bg-no-repeat  is-style-primary blatext\" style=\"background-image:url()\"><div class=\"free-text-wrapper container max-w-medium text-left\">\n<h1 class=\"has-text-align-center is-style-heading-large wp-block-heading\">Compreendemos a import\u00e2ncia da sa\u00fade \u00edntima<\/h1>\n\n\n\n<h2 class=\"has-text-align-center is-style-heading-h3 wp-block-heading\">A maioria das mulheres sofre de candid\u00edase vaginal ao longo da vida<\/h2>\n<\/div><\/div>\n\n\n\n<div class=\"wp-block-karopharma-several-images-with-text several-images-with-text is-style-primary\"><div class=\"container large col-1 content-align-center\" test-data=\"inner-content\">\n<section class=\"wp-block-karopharma-image-with-text image-with-text image-with-text__full-width\"><div class=\"image-with-text-container \"><div class=\"image-with-text-container-image-container\"><img decoding=\"async\" loading=\"lazy\" src=\"https:\/\/pevaryl.com\/cdn-cgi\/image\/format=auto\/app\/uploads\/sites\/4\/2023\/09\/fungal-disease.png\" alt=\"A infe\u00e7\u00e3o f\u00fangica da vagina e vulva \"\/><\/div><div class=\"image-with-text-container-content\" style=\"text-align:left\" data-test=\"content\"><div class=\"content\"><p class=\"body\" data-test=\"body\">A infe\u00e7\u00e3o f\u00fangica da vagina e vulva (a parte exterior dos genitais femininos) \u00e9 normalmente conhecida como candid\u00edase. \u00c9 causada por um crescimento excessivo do fungo <em>Candida albicans<\/em>, que ocorre naturalmente na vagina.<\/p>\n<div class=\"wp-block-buttons is-layout-flex wp-block-buttons-is-layout-flex\"><\/div>\n<\/div><\/div><\/div><\/section>\n\n\n\n<section class=\"wp-block-karopharma-image-with-text image-with-text image-with-text__full-width\"><div class=\"image-with-text-container \"><div class=\"image-with-text-container-image-container\"><img decoding=\"async\" loading=\"lazy\" src=\"https:\/\/pevaryl.com\/cdn-cgi\/image\/format=auto\/app\/uploads\/sites\/4\/2023\/09\/around-3.png\" alt=\"Cerca de 3 em cada 4 \"\/><\/div><div class=\"image-with-text-container-content\" style=\"text-align:left\" data-test=\"content\"><div class=\"content\"><p class=\"body\" data-test=\"body\">Cerca de 3 em cada 4 mulheres sofrem de candid\u00edase pelo menos uma vez na vida.<\/p>\n<div class=\"wp-block-buttons is-layout-flex wp-block-buttons-is-layout-flex\"><\/div>\n<\/div><\/div><\/div><\/section>\n\n\n\n<section class=\"wp-block-karopharma-image-with-text image-with-text image-with-text__full-width\"><div class=\"image-with-text-container \"><div class=\"image-with-text-container-image-container\"><img decoding=\"async\" loading=\"lazy\" src=\"https:\/\/pevaryl.com\/cdn-cgi\/image\/format=auto\/app\/uploads\/sites\/4\/2023\/09\/vaginal-thrush.png\" alt=\"A candid\u00edase vaginal \"\/><\/div><div class=\"image-with-text-container-content\" style=\"text-align:left\" data-test=\"content\"><div class=\"content\"><p class=\"body\" data-test=\"body\">A candid\u00edase vaginal n\u00e3o \u00e9 considerada uma doen\u00e7a sexualmente transmiss\u00edvel. No entanto, o fungo pode ser transmitido durante a atividade sexual.<\/p>\n<div class=\"wp-block-buttons is-layout-flex wp-block-buttons-is-layout-flex\"><\/div>\n<\/div><\/div><\/div><\/section>\n\n\n\n<section class=\"wp-block-karopharma-image-with-text image-with-text image-with-text__full-width\"><div class=\"image-with-text-container \"><div class=\"image-with-text-container-image-container\"><img decoding=\"async\" loading=\"lazy\" src=\"https:\/\/pevaryl.com\/cdn-cgi\/image\/format=auto\/app\/uploads\/sites\/4\/2023\/09\/hormonal-changes.png\" alt=\"A candid\u00edase pode ter um impacto significativo \"\/><\/div><div class=\"image-with-text-container-content\" style=\"text-align:left\" data-test=\"content\"><div class=\"content\"><p class=\"body\" data-test=\"body\">Pode estar em maior risco se est\u00e1 a ter altera\u00e7\u00f5es hormonais (por exemplo, durante a gravidez ou o per\u00edodo), se sofrer altera\u00e7\u00f5es no sistema imunit\u00e1rio, se tem diabetes, se anda stressada, ou se toma determinados medicamentos.<\/p>\n<div class=\"wp-block-buttons is-layout-flex wp-block-buttons-is-layout-flex\"><\/div>\n<\/div><\/div><\/div><\/section>\n<\/div><\/div>\n\n\n\n<div class=\"wp-block-karopharma-free-text pt-small pb-large bg-center bg-cover bg-no-repeat  is-style-primary blatext\" style=\"background-image:url()\"><div class=\"free-text-wrapper container max-w-medium text-left\">\n<p class=\"has-text-align-center has-secondary-color has-text-color\">A candid\u00edase pode ter um impacto significativo na forma como se sente sobre si pr\u00f3pria e sobre o seu corpo e tamb\u00e9m pode ser dif\u00edcil falar sobre este assunto.<\/p>\n\n\n\n<p class=\"has-text-align-center has-secondary-color has-text-color\"><strong>\u00c9 importante aliviar a candid\u00edase de forma imediata e eficaz \u2013 para ajudar a que volte a ter a sua liberdade e a viver a vida como desejar.<\/strong><\/p>\n<\/div><\/div>\n\n\n\n<div class=\"wp-block-karopharma-free-text pt-large pb-large bg-center bg-cover bg-no-repeat  blue\" style=\"background-image:url()\"><div class=\"free-text-wrapper container max-w-medium text-left\">\n<h2 class=\"wp-block-heading\">Sintomas comuns da candid\u00edase vaginal<\/h2>\n\n\n\n<p><strong>Alguns sintomas comuns que podem indicar que tem candid\u00edase s\u00e3o:<\/strong><\/p>\n\n\n\n<ul class=\"is-style-default wp-block-list\"><li>Prurido, dor, ardor e desconforto na vagina e vulva<\/li><li>Ardor ao urinar<\/li><li>Corrimento vaginal semelhante a coalhos brancos sem odor<\/li><\/ul>\n\n\n\n<div style=\"height:30px\" aria-hidden=\"true\" class=\"wp-block-spacer is-style-default\"><\/div>\n\n\n\n<p><strong>A candid\u00edase pode resultar em:<\/strong><\/p>\n\n\n\n<ul class=\"is-style-default wp-block-list\"><li>Incha\u00e7o em redor da vulva e danos na pele ao co\u00e7ar demasiado<\/li><li>Erup\u00e7\u00e3o cut\u00e2nea vermelha na vulva, virilha e coxas<\/li><\/ul>\n\n\n\n<div style=\"height:30px\" aria-hidden=\"true\" class=\"wp-block-spacer is-style-default\"><\/div>\n\n\n\n<p><strong>N\u00e3o confundir com:<\/strong><br>Vaginose bacteriana, uma infe\u00e7\u00e3o bacteriana da vagina que pode causar sintomas semelhantes aos da candid\u00edase. Apesar de ambas causarem altera\u00e7\u00f5es no corrimento, uma infe\u00e7\u00e3o do tipo vaginose bacteriana causa corrimento branco\/cinzento, com um odor forte.<\/p>\n<\/div><\/div>\n\n\n\n<div class=\"wp-block-karopharma-free-text pt-large pb-small bg-center bg-cover bg-no-repeat  is-style-primary\" style=\"background-image:url()\"><div class=\"free-text-wrapper container max-w-medium text-center\">\n<h2 class=\"wp-block-heading\">Como tratar a candid\u00edase vaginal<\/h2>\n\n\n\n<p>Normalmente, a candid\u00edase vaginal pode ser tratada com medicamentos n\u00e3o sujeitos a receita m\u00e9dica que pode adquirir numa farm\u00e1cia.<\/p>\n\n\n\n<p>Os medicamentos podem estar dispon\u00edveis na forma de:<\/p>\n<\/div><\/div>\n\n\n\n<div class=\"wp-block-karopharma-several-images-with-text several-images-with-text is-style-primary\"><div class=\"container medium col-1 content-align-center\" test-data=\"inner-content\">\n<section class=\"wp-block-karopharma-image-with-text image-with-text image-with-text__full-width\"><div class=\"image-with-text-container \"><div class=\"image-with-text-container-image-container\"><img decoding=\"async\" loading=\"lazy\" src=\"https:\/\/pevaryl.com\/cdn-cgi\/image\/format=auto\/app\/uploads\/sites\/7\/2023\/09\/how-to-1.png\" alt=\"how-to-1\"\/><\/div><div class=\"image-with-text-container-content\" style=\"text-align:left\" data-test=\"content\"><div class=\"content\"><p class=\"body\" data-test=\"body\">Cremes t\u00f3picos (utilizados na vagina e externamente)<\/p>\n<div class=\"wp-block-buttons is-layout-flex wp-block-buttons-is-layout-flex\"><\/div>\n<\/div><\/div><\/div><\/section>\n\n\n\n<section class=\"wp-block-karopharma-image-with-text image-with-text image-with-text__full-width\"><div class=\"image-with-text-container \"><div class=\"image-with-text-container-image-container\"><img decoding=\"async\" loading=\"lazy\" src=\"https:\/\/pevaryl.com\/cdn-cgi\/image\/format=auto\/app\/uploads\/sites\/7\/2023\/09\/pessaries.png\" alt=\"pessaries\"\/><\/div><div class=\"image-with-text-container-content\" style=\"text-align:left\" data-test=\"content\"><div class=\"content\"><p class=\"body\" data-test=\"body\">Comprimidos e \u00f3vulos (para inserir na vagina)<\/p>\n<div class=\"wp-block-buttons is-layout-flex wp-block-buttons-is-layout-flex\"><\/div>\n<\/div><\/div><\/div><\/section>\n<\/div><\/div>\n\n\n\n<div class=\"wp-block-karopharma-free-text pt-small pb-large bg-center bg-cover bg-no-repeat  is-style-primary\" style=\"background-image:url()\"><div class=\"free-text-wrapper container max-w-medium text-center\">\n<p>Se esteve a utilizar um medicamento para a candid\u00edase vaginal que n\u00e3o ajudou ou se tem alguma d\u00favida, fale com o seu m\u00e9dico ou farmac\u00eautico.<\/p>\n<\/div><\/div>\n\n\n\n<div class=\"wp-block-karopharma-free-text pt-large pb-large bg-center bg-cover bg-no-repeat  blue\" style=\"background-image:url()\"><div class=\"free-text-wrapper container max-w-medium text-center\">\n<h3 class=\"is-style-heading-h3 wp-block-heading\">Gyno-Pevaryl<sup>\u00ae<\/sup> (nitrato de econazol) \u00e9 um tratamento antif\u00fangico para a candid\u00edase.<\/h3>\n\n\n\n<div class=\"wp-block-buttons is-layout-flex wp-block-buttons-is-layout-flex\">\n<div class=\"wp-block-button is-style-secondary-button\"><a class=\"wp-block-button__link\" href=\"https:\/\/pevaryl.com\/pt\/categoria-de-produto\/saude-intima\/\">Explorar a gama Pevaryl<\/a><\/div>\n\n\n\n<div class=\"wp-block-button is-style-alternative-button\"><a class=\"wp-block-button__link\" href=\"#resellers\">Comprar agora<\/a><\/div>\n<\/div>\n<\/div><\/div>\n\n\n\n<div class=\"wp-block-karopharma-free-text pt-large pb-large bg-center bg-cover bg-no-repeat  purple\" style=\"background-image:url()\"><div class=\"free-text-wrapper container max-w-medium text-left\">\n<h3 class=\"is-style-heading-h2 wp-block-heading\">Dicas para prevenir infe\u00e7\u00f5es recorrentes<\/h3>\n\n\n\n<p>A candid\u00edase vaginal pode ocorrer em mulheres saud\u00e1veis, mas em algumas pessoas pode ser mais dif\u00edcil de tratar ou ser recorrente. <\/p>\n<\/div><\/div>\n\n\n\n<div class=\"wp-block-karopharma-free-text pt-large pb-large bg-right bg-auto bg-no-repeat  white3\" style=\"background-image:url(https:\/\/pevaryl.com\/cdn-cgi\/image\/format=auto\/app\/uploads\/sites\/4\/2023\/09\/background-foot-hand.png)\"><div class=\"free-text-wrapper container max-w-medium text-left\">\n<h4 class=\"is-style-heading-h4 wp-block-heading\">H\u00e1 medidas que pode tomar para prevenir outra infe\u00e7\u00e3o:<\/h4>\n\n\n\n<ul class=\"is-style-default wp-block-list\"><li>Usar roupa larga e evitar collants de nylon<\/li><li>Tomar um banho de sal<\/li><li>Evitar sabonetes; utilizar um produto de limpeza sem sab\u00e3o para a higiene<\/li><\/ul>\n<\/div><\/div>\n","protected":false},"excerpt":{"rendered":"","protected":false},"author":2,"featured_media":0,"parent":0,"menu_order":0,"comment_status":"closed","ping_status":"closed","template":"","meta":{"_acf_changed":false,"footnotes":""},"from-article-database":[],"class_list":["post-197","page","type-page","status-publish","hentry"],"acf":[],"yoast_head":"<!-- This site is optimized with the Yoast SEO plugin v26.6 - https:\/\/yoast.com\/wordpress\/plugins\/seo\/ -->\n<title>Sa\u00fade \u00edntima - Pevaryl<\/title>\n<meta name=\"description\" content=\"Compreendemos a import\u00e2ncia da sa\u00fade \u00edntima. A maioria das mulheres sofre de candid\u00edase vaginal ao longo da vida.\" \/>\n<meta name=\"robots\" content=\"index, follow, max-snippet:-1, max-image-preview:large, max-video-preview:-1\" \/>\n<link rel=\"canonical\" href=\"https:\/\/pevaryl.com\/pt\/saude-intima\/\" \/>\n<meta property=\"og:locale\" content=\"pt_PT\" \/>\n<meta property=\"og:type\" content=\"article\" \/>\n<meta property=\"og:title\" content=\"Sa\u00fade \u00edntima - Pevaryl\" \/>\n<meta property=\"og:description\" content=\"Compreendemos a import\u00e2ncia da sa\u00fade \u00edntima. A maioria das mulheres sofre de candid\u00edase vaginal ao longo da vida.\" \/>\n<meta property=\"og:url\" content=\"https:\/\/pevaryl.com\/pt\/saude-intima\/\" \/>\n<meta property=\"og:site_name\" content=\"Pevaryl\" \/>\n<meta property=\"article:modified_time\" content=\"2023-12-15T14:03:05+00:00\" \/>\n<meta property=\"og:image\" content=\"https:\/\/pevaryl.com\/app\/uploads\/sites\/4\/2023\/09\/topp-intimate.jpg\" \/>\n<meta name=\"twitter:card\" content=\"summary_large_image\" \/>\n<meta name=\"twitter:label1\" content=\"Tempo estimado de leitura\" \/>\n\t<meta name=\"twitter:data1\" content=\"4 minutos\" \/>\n<script type=\"application\/ld+json\" class=\"yoast-schema-graph\">{\"@context\":\"https:\/\/schema.org\",\"@graph\":[{\"@type\":\"WebPage\",\"@id\":\"https:\/\/pevaryl.com\/pt\/saude-intima\/\",\"url\":\"https:\/\/pevaryl.com\/pt\/saude-intima\/\",\"name\":\"Sa\u00fade \u00edntima - Pevaryl\",\"isPartOf\":{\"@id\":\"https:\/\/pevaryl.com\/pt\/#website\"},\"primaryImageOfPage\":{\"@id\":\"https:\/\/pevaryl.com\/pt\/saude-intima\/#primaryimage\"},\"image\":{\"@id\":\"https:\/\/pevaryl.com\/pt\/saude-intima\/#primaryimage\"},\"thumbnailUrl\":\"https:\/\/pevaryl.com\/app\/uploads\/sites\/4\/2023\/09\/topp-intimate.jpg\",\"datePublished\":\"2023-09-27T09:01:33+00:00\",\"dateModified\":\"2023-12-15T14:03:05+00:00\",\"description\":\"Compreendemos a import\u00e2ncia da sa\u00fade \u00edntima. A maioria das mulheres sofre de candid\u00edase vaginal ao longo da vida.\",\"breadcrumb\":{\"@id\":\"https:\/\/pevaryl.com\/pt\/saude-intima\/#breadcrumb\"},\"inLanguage\":\"pt-PT\",\"potentialAction\":[{\"@type\":\"ReadAction\",\"target\":[\"https:\/\/pevaryl.com\/pt\/saude-intima\/\"]}]},{\"@type\":\"ImageObject\",\"inLanguage\":\"pt-PT\",\"@id\":\"https:\/\/pevaryl.com\/pt\/saude-intima\/#primaryimage\",\"url\":\"https:\/\/pevaryl.com\/app\/uploads\/sites\/4\/2023\/09\/topp-intimate.jpg\",\"contentUrl\":\"https:\/\/pevaryl.com\/app\/uploads\/sites\/4\/2023\/09\/topp-intimate.jpg\"},{\"@type\":\"BreadcrumbList\",\"@id\":\"https:\/\/pevaryl.com\/pt\/saude-intima\/#breadcrumb\",\"itemListElement\":[{\"@type\":\"ListItem\",\"position\":1,\"name\":\"Home\",\"item\":\"https:\/\/pevaryl.com\/pt\/\"},{\"@type\":\"ListItem\",\"position\":2,\"name\":\"Sa\u00fade \u00edntima\"}]},{\"@type\":\"WebSite\",\"@id\":\"https:\/\/pevaryl.com\/pt\/#website\",\"url\":\"https:\/\/pevaryl.com\/pt\/\",\"name\":\"Pevaryl\",\"description\":\"\",\"publisher\":{\"@id\":\"https:\/\/pevaryl.com\/pt\/#organization\"},\"potentialAction\":[{\"@type\":\"SearchAction\",\"target\":{\"@type\":\"EntryPoint\",\"urlTemplate\":\"https:\/\/pevaryl.com\/pt\/?s={search_term_string}\"},\"query-input\":{\"@type\":\"PropertyValueSpecification\",\"valueRequired\":true,\"valueName\":\"search_term_string\"}}],\"inLanguage\":\"pt-PT\"},{\"@type\":\"Organization\",\"@id\":\"https:\/\/pevaryl.com\/pt\/#organization\",\"name\":\"Pevaryl\",\"url\":\"https:\/\/pevaryl.com\/pt\/\",\"logo\":{\"@type\":\"ImageObject\",\"inLanguage\":\"pt-PT\",\"@id\":\"https:\/\/pevaryl.com\/pt\/#\/schema\/logo\/image\/\",\"url\":\"https:\/\/pevaryl.com\/app\/uploads\/sites\/4\/2023\/09\/Pevaryl-logo.png\",\"contentUrl\":\"https:\/\/pevaryl.com\/app\/uploads\/sites\/4\/2023\/09\/Pevaryl-logo.png\",\"width\":108,\"height\":30,\"caption\":\"Pevaryl\"},\"image\":{\"@id\":\"https:\/\/pevaryl.com\/pt\/#\/schema\/logo\/image\/\"}}]}<\/script>\n<!-- \/ Yoast SEO plugin. -->","yoast_head_json":{"title":"Sa\u00fade \u00edntima - Pevaryl","description":"Compreendemos a import\u00e2ncia da sa\u00fade \u00edntima. A maioria das mulheres sofre de candid\u00edase vaginal ao longo da vida.","robots":{"index":"index","follow":"follow","max-snippet":"max-snippet:-1","max-image-preview":"max-image-preview:large","max-video-preview":"max-video-preview:-1"},"canonical":"https:\/\/pevaryl.com\/pt\/saude-intima\/","og_locale":"pt_PT","og_type":"article","og_title":"Sa\u00fade \u00edntima - Pevaryl","og_description":"Compreendemos a import\u00e2ncia da sa\u00fade \u00edntima. A maioria das mulheres sofre de candid\u00edase vaginal ao longo da vida.","og_url":"https:\/\/pevaryl.com\/pt\/saude-intima\/","og_site_name":"Pevaryl","article_modified_time":"2023-12-15T14:03:05+00:00","og_image":[{"url":"https:\/\/pevaryl.com\/app\/uploads\/sites\/4\/2023\/09\/topp-intimate.jpg","type":"","width":"","height":""}],"twitter_card":"summary_large_image","twitter_misc":{"Tempo estimado de leitura":"4 minutos"},"schema":{"@context":"https:\/\/schema.org","@graph":[{"@type":"WebPage","@id":"https:\/\/pevaryl.com\/pt\/saude-intima\/","url":"https:\/\/pevaryl.com\/pt\/saude-intima\/","name":"Sa\u00fade \u00edntima - Pevaryl","isPartOf":{"@id":"https:\/\/pevaryl.com\/pt\/#website"},"primaryImageOfPage":{"@id":"https:\/\/pevaryl.com\/pt\/saude-intima\/#primaryimage"},"image":{"@id":"https:\/\/pevaryl.com\/pt\/saude-intima\/#primaryimage"},"thumbnailUrl":"https:\/\/pevaryl.com\/app\/uploads\/sites\/4\/2023\/09\/topp-intimate.jpg","datePublished":"2023-09-27T09:01:33+00:00","dateModified":"2023-12-15T14:03:05+00:00","description":"Compreendemos a import\u00e2ncia da sa\u00fade \u00edntima. A maioria das mulheres sofre de candid\u00edase vaginal ao longo da vida.","breadcrumb":{"@id":"https:\/\/pevaryl.com\/pt\/saude-intima\/#breadcrumb"},"inLanguage":"pt-PT","potentialAction":[{"@type":"ReadAction","target":["https:\/\/pevaryl.com\/pt\/saude-intima\/"]}]},{"@type":"ImageObject","inLanguage":"pt-PT","@id":"https:\/\/pevaryl.com\/pt\/saude-intima\/#primaryimage","url":"https:\/\/pevaryl.com\/app\/uploads\/sites\/4\/2023\/09\/topp-intimate.jpg","contentUrl":"https:\/\/pevaryl.com\/app\/uploads\/sites\/4\/2023\/09\/topp-intimate.jpg"},{"@type":"BreadcrumbList","@id":"https:\/\/pevaryl.com\/pt\/saude-intima\/#breadcrumb","itemListElement":[{"@type":"ListItem","position":1,"name":"Home","item":"https:\/\/pevaryl.com\/pt\/"},{"@type":"ListItem","position":2,"name":"Sa\u00fade \u00edntima"}]},{"@type":"WebSite","@id":"https:\/\/pevaryl.com\/pt\/#website","url":"https:\/\/pevaryl.com\/pt\/","name":"Pevaryl","description":"","publisher":{"@id":"https:\/\/pevaryl.com\/pt\/#organization"},"potentialAction":[{"@type":"SearchAction","target":{"@type":"EntryPoint","urlTemplate":"https:\/\/pevaryl.com\/pt\/?s={search_term_string}"},"query-input":{"@type":"PropertyValueSpecification","valueRequired":true,"valueName":"search_term_string"}}],"inLanguage":"pt-PT"},{"@type":"Organization","@id":"https:\/\/pevaryl.com\/pt\/#organization","name":"Pevaryl","url":"https:\/\/pevaryl.com\/pt\/","logo":{"@type":"ImageObject","inLanguage":"pt-PT","@id":"https:\/\/pevaryl.com\/pt\/#\/schema\/logo\/image\/","url":"https:\/\/pevaryl.com\/app\/uploads\/sites\/4\/2023\/09\/Pevaryl-logo.png","contentUrl":"https:\/\/pevaryl.com\/app\/uploads\/sites\/4\/2023\/09\/Pevaryl-logo.png","width":108,"height":30,"caption":"Pevaryl"},"image":{"@id":"https:\/\/pevaryl.com\/pt\/#\/schema\/logo\/image\/"}}]}},"_links":{"self":[{"href":"https:\/\/pevaryl.com\/pt\/wp-json\/wp\/v2\/pages\/197","targetHints":{"allow":["GET"]}}],"collection":[{"href":"https:\/\/pevaryl.com\/pt\/wp-json\/wp\/v2\/pages"}],"about":[{"href":"https:\/\/pevaryl.com\/pt\/wp-json\/wp\/v2\/types\/page"}],"author":[{"embeddable":true,"href":"https:\/\/pevaryl.com\/pt\/wp-json\/wp\/v2\/users\/2"}],"replies":[{"embeddable":true,"href":"https:\/\/pevaryl.com\/pt\/wp-json\/wp\/v2\/comments?post=197"}],"version-history":[{"count":10,"href":"https:\/\/pevaryl.com\/pt\/wp-json\/wp\/v2\/pages\/197\/revisions"}],"predecessor-version":[{"id":323,"href":"https:\/\/pevaryl.com\/pt\/wp-json\/wp\/v2\/pages\/197\/revisions\/323"}],"wp:attachment":[{"href":"https:\/\/pevaryl.com\/pt\/wp-json\/wp\/v2\/media?parent=197"}],"wp:term":[{"taxonomy":"from-article-database","embeddable":true,"href":"https:\/\/pevaryl.com\/pt\/wp-json\/wp\/v2\/from-article-database?post=197"}],"curies":[{"name":"wp","href":"https:\/\/api.w.org\/{rel}","templated":true}]}}