{"id":319,"date":"2022-05-16T14:35:12","date_gmt":"2022-05-16T12:35:12","guid":{"rendered":"https:\/\/pevaryl.com\/it\/?post_type=product&#038;p=319"},"modified":"2024-07-10T08:43:24","modified_gmt":"2024-07-10T06:43:24","slug":"pevaryl-50-mg-ovuli","status":"publish","type":"product","link":"https:\/\/pevaryl.com\/it\/prodotto\/pevaryl-50-mg-ovuli\/","title":{"rendered":"Pevaryl 50 mg ovuli"},"content":{"rendered":"\n<div class=\"wp-block-karopharma-free-text pt-large pb-small bg-center bg-cover bg-no-repeat  is-style-secondary\" style=\"background-image:url()\"><div class=\"free-text-wrapper container max-w-medium text-center\">\n<h2 class=\"wp-block-heading\" id=\"modalita-d-uso\">Modalit\u00e0 d\u2019uso<\/h2>\n\n\n\n<p class=\"is-style-paragraph-preamble\">Introdurre 1 ovulo profondamente in vagina, preferibilmente in posizione supina, ogni sera per 15 giorni. Il trattamento deve essere protratto anche dopo la scomparsa dei disturbi soggettivi (prurito, leucorrea).<\/p>\n<\/div><\/div>\n\n\n\n<section class=\"wp-block-karopharma-usp is-style-secondary usp is-style-secondary\"><div class=\"usp-wrapper\">\n<section class=\"wp-block-karopharma-usp-single usp-single undefined\"><div class=\"icon\"><svg width=\"21\" height=\"16\" viewbox=\"0 0 21 16\" fill=\"none\" xmlns=\"http:\/\/www.w3.org\/2000\/svg\"><path d=\"M19.2567 0.164742L6.13095 13.2905L1.49056 8.65006C1.2709 8.4304 0.914742 8.4304 0.695039 8.65006L0.164742 9.18036C-0.0549141 9.40001 -0.0549141 9.75617 0.164742 9.97587L5.73321 15.5443C5.95287 15.764 6.30903 15.764 6.52873 15.5443L20.5825 1.4906C20.8021 1.27095 20.8021 0.914789 20.5825 0.695086L20.0521 0.164742C19.8325 -0.0549141 19.4763 -0.0549141 19.2567 0.164742Z\" fill=\"white\"><\/path><\/svg><\/div>\n<h4 class=\"has-text-align-center is-style-heading-h4 wp-block-heading\">1<\/h4>\n\n\n\n<p class=\"has-text-align-center is-style-body-text\">L\u2019ovulo va inserito nella vagina con l\u2019aiuto del dito (prima di coricarsi)<\/p>\n<\/section>\n\n\n\n<section class=\"wp-block-karopharma-usp-single usp-single undefined\"><div class=\"icon\"><svg width=\"21\" height=\"16\" viewbox=\"0 0 21 16\" fill=\"none\" xmlns=\"http:\/\/www.w3.org\/2000\/svg\"><path d=\"M19.2567 0.164742L6.13095 13.2905L1.49056 8.65006C1.2709 8.4304 0.914742 8.4304 0.695039 8.65006L0.164742 9.18036C-0.0549141 9.40001 -0.0549141 9.75617 0.164742 9.97587L5.73321 15.5443C5.95287 15.764 6.30903 15.764 6.52873 15.5443L20.5825 1.4906C20.8021 1.27095 20.8021 0.914789 20.5825 0.695086L20.0521 0.164742C19.8325 -0.0549141 19.4763 -0.0549141 19.2567 0.164742Z\" fill=\"white\"><\/path><\/svg><\/div>\n<h4 class=\"has-text-align-center is-style-heading-h4 wp-block-heading\">2<\/h4>\n\n\n\n<p class=\"has-text-align-center is-style-body-text\">Continuare il trattamento anche dopo la scomparsa del prurito e delle secrezioni bianche.<\/p>\n<\/section>\n<\/div><\/section>\n\n\n\n<div class=\"wp-block-karopharma-accordions is-style-secondary\"><div class=\"container\">\n<details class=\"wp-block-karopharma-accordion\"><summary><h2 class=\"accordion-title\">Come agiscono gli ovuli?<\/h2><\/summary><div class=\"accordion-content\">\n<p>Pevaryl ovuli vaginali sono fatti per essere inseriti in vagina. Inserire profondamente in vagina la sera prima di coricarsi, preferibilmente in posizione sdraiata.<\/p>\n<\/div><\/details>\n\n\n\n<details class=\"wp-block-karopharma-accordion\"><summary><h2 class=\"accordion-title\">Qual \u00e8 la differenza tra Pevaryl 50 mg ovuli e Pevaryl 150 mg ovuli<\/h2><\/summary><div class=\"accordion-content\">\n<p>Entrambe le formulazioni hanno lo stesso effetto sull&#8217;infezione micotica. Ci\u00f2 che distingue i prodotti \u00e8 la durata del trattamento. PEVARYL 50 mg va introdotto in profondit\u00e0 nella vagina per 15 giorni consecutivi mentre PEVARYL 150 mg va introdotto in vagina per 3 giorni consecutivi.<\/p>\n<\/div><\/details>\n\n\n\n<details class=\"wp-block-karopharma-accordion\"><summary><h2 class=\"accordion-title\">Posso usare PEVARYL durante il ciclo mestruale?<\/h2><\/summary><div class=\"accordion-content\">\n<p>Durante il ciclo mestruale puoi comunque utilizzare Pevaryl crema nelle aree esterne (vulva).<\/p>\n<\/div><\/details>\n\n\n\n<details class=\"wp-block-karopharma-accordion\"><summary><h2 class=\"accordion-title\">Posso avere rapporti sessuali durante il trattamento?<\/h2><\/summary><div class=\"accordion-content\">\n<p>\u00c8 meglio non avere rapporti fino al termine del trattamento, perch\u00e8 l\u2019attivit\u00e0 sessuale pu\u00f2 causare maggiore irritazione.<br>Prodotti come Pevaryl non devono essere usati insieme a diaframmi o preservativi in lattice. Pevaryl inoltre pu\u00f2 rendere inattivi prodotti spermicidi.<\/p>\n<\/div><\/details>\n\n\n\n<details class=\"wp-block-karopharma-accordion\"><summary><h2 class=\"accordion-title\">Dovrebbe essere trattato anche il partner?<\/h2><\/summary><div class=\"accordion-content\">\n<p>La candidosi vaginale non \u00e8 una malattia sessualmente trasmissibile, ed \u00e8 insolito che si diffonda al partner.<br>Uomini che presentano sintomi possono usare Pevaryl crema vaginale che viene applicato due volte al giorno dopo aver lavato la regione esterna dei genitali, per 3 giorni dopo che i sintomi scompaiono.<\/p>\n<\/div><\/details>\n<\/div><\/div>\n","protected":false},"excerpt":{"rendered":"<p>Pevaryl ovuli \u00e8 un medicinale senza obbligo di prescrizione per uso ginecologico per il trattamento locale delle micosi vulvovaginali.<\/p>\n<p>Pevaryl \u00e8 un medicinale senza obbligo di prescrizione (SOP) a base di econazolo nitrato che pu\u00f2 essere consegnato solo dal farmacista. Ascolta il tuo farmacista e leggi attentamente il foglio illustrativo. Autorizzazione ministeriale del 21\/05\/2024. <\/p>\n","protected":false},"featured_media":351,"comment_status":"closed","ping_status":"closed","template":"","meta":{"_acf_changed":false,"footnotes":""},"product_brand":[],"product_cat":[19],"product_tag":[],"class_list":{"0":"post-319","1":"product","2":"type-product","3":"status-publish","4":"has-post-thumbnail","6":"product_cat-benessere-intimo","8":"first","9":"instock","10":"shipping-taxable","11":"product-type-simple"},"acf":[],"yoast_head":"<!-- This site is optimized with the Yoast SEO plugin v26.6 - https:\/\/yoast.com\/wordpress\/plugins\/seo\/ -->\n<title>Pevaryl 50 mg ovuli - Pevaryl<\/title>\n<meta name=\"description\" content=\"Pevaryl\u00ae 50 mg ovuli \u00e8 indicato per il trattamento delle micosi vulvovaginali e in presenza di Balanitis micotica.\" \/>\n<meta name=\"robots\" content=\"index, follow, max-snippet:-1, max-image-preview:large, max-video-preview:-1\" \/>\n<link rel=\"canonical\" href=\"https:\/\/pevaryl.com\/it\/prodotto\/pevaryl-50-mg-ovuli\/\" \/>\n<meta property=\"og:locale\" content=\"it_IT\" \/>\n<meta property=\"og:type\" content=\"article\" \/>\n<meta property=\"og:title\" content=\"Pevaryl 50 mg ovuli - Pevaryl\" \/>\n<meta property=\"og:description\" content=\"Pevaryl\u00ae 50 mg ovuli \u00e8 indicato per il trattamento delle micosi vulvovaginali e in presenza di Balanitis micotica.\" \/>\n<meta property=\"og:url\" content=\"https:\/\/pevaryl.com\/it\/prodotto\/pevaryl-50-mg-ovuli\/\" \/>\n<meta property=\"og:site_name\" content=\"Pevaryl\" \/>\n<meta property=\"article:modified_time\" content=\"2024-07-10T06:43:24+00:00\" \/>\n<meta property=\"og:image\" content=\"https:\/\/pevaryl.com\/app\/uploads\/sites\/3\/2022\/05\/pevaryl-50mg-ovuli.png\" \/>\n\t<meta property=\"og:image:width\" content=\"1333\" \/>\n\t<meta property=\"og:image:height\" content=\"1333\" \/>\n\t<meta property=\"og:image:type\" content=\"image\/png\" \/>\n<meta name=\"twitter:card\" content=\"summary_large_image\" \/>\n<meta name=\"twitter:label1\" content=\"Tempo di lettura stimato\" \/>\n\t<meta name=\"twitter:data1\" content=\"2 minuti\" \/>\n<script type=\"application\/ld+json\" class=\"yoast-schema-graph\">{\"@context\":\"https:\/\/schema.org\",\"@graph\":[{\"@type\":\"WebPage\",\"@id\":\"https:\/\/pevaryl.com\/it\/prodotto\/pevaryl-50-mg-ovuli\/\",\"url\":\"https:\/\/pevaryl.com\/it\/prodotto\/pevaryl-50-mg-ovuli\/\",\"name\":\"Pevaryl 50 mg ovuli - Pevaryl\",\"isPartOf\":{\"@id\":\"https:\/\/pevaryl.com\/it\/#website\"},\"primaryImageOfPage\":{\"@id\":\"https:\/\/pevaryl.com\/it\/prodotto\/pevaryl-50-mg-ovuli\/#primaryimage\"},\"image\":{\"@id\":\"https:\/\/pevaryl.com\/it\/prodotto\/pevaryl-50-mg-ovuli\/#primaryimage\"},\"thumbnailUrl\":\"https:\/\/pevaryl.com\/app\/uploads\/sites\/3\/2022\/05\/pevaryl-50mg-ovuli.png\",\"datePublished\":\"2022-05-16T12:35:12+00:00\",\"dateModified\":\"2024-07-10T06:43:24+00:00\",\"description\":\"Pevaryl\u00ae 50 mg ovuli \u00e8 indicato per il trattamento delle micosi vulvovaginali e in presenza di Balanitis micotica.\",\"breadcrumb\":{\"@id\":\"https:\/\/pevaryl.com\/it\/prodotto\/pevaryl-50-mg-ovuli\/#breadcrumb\"},\"inLanguage\":\"it-IT\",\"potentialAction\":[{\"@type\":\"ReadAction\",\"target\":[\"https:\/\/pevaryl.com\/it\/prodotto\/pevaryl-50-mg-ovuli\/\"]}]},{\"@type\":\"ImageObject\",\"inLanguage\":\"it-IT\",\"@id\":\"https:\/\/pevaryl.com\/it\/prodotto\/pevaryl-50-mg-ovuli\/#primaryimage\",\"url\":\"https:\/\/pevaryl.com\/app\/uploads\/sites\/3\/2022\/05\/pevaryl-50mg-ovuli.png\",\"contentUrl\":\"https:\/\/pevaryl.com\/app\/uploads\/sites\/3\/2022\/05\/pevaryl-50mg-ovuli.png\",\"width\":1333,\"height\":1333,\"caption\":\"Pevaryl\u00ae 50 mg ovuli\"},{\"@type\":\"BreadcrumbList\",\"@id\":\"https:\/\/pevaryl.com\/it\/prodotto\/pevaryl-50-mg-ovuli\/#breadcrumb\",\"itemListElement\":[{\"@type\":\"ListItem\",\"position\":1,\"name\":\"Home\",\"item\":\"https:\/\/pevaryl.com\/it\/\"},{\"@type\":\"ListItem\",\"position\":2,\"name\":\"Prodotti\",\"item\":\"https:\/\/pevaryl.com\/it\/prodotti\/\"},{\"@type\":\"ListItem\",\"position\":3,\"name\":\"Pevaryl 50 mg ovuli\"}]},{\"@type\":\"WebSite\",\"@id\":\"https:\/\/pevaryl.com\/it\/#website\",\"url\":\"https:\/\/pevaryl.com\/it\/\",\"name\":\"Pevaryl\",\"description\":\"\",\"publisher\":{\"@id\":\"https:\/\/pevaryl.com\/it\/#organization\"},\"potentialAction\":[{\"@type\":\"SearchAction\",\"target\":{\"@type\":\"EntryPoint\",\"urlTemplate\":\"https:\/\/pevaryl.com\/it\/?s={search_term_string}\"},\"query-input\":{\"@type\":\"PropertyValueSpecification\",\"valueRequired\":true,\"valueName\":\"search_term_string\"}}],\"inLanguage\":\"it-IT\"},{\"@type\":\"Organization\",\"@id\":\"https:\/\/pevaryl.com\/it\/#organization\",\"name\":\"Pevaryl\",\"url\":\"https:\/\/pevaryl.com\/it\/\",\"logo\":{\"@type\":\"ImageObject\",\"inLanguage\":\"it-IT\",\"@id\":\"https:\/\/pevaryl.com\/it\/#\/schema\/logo\/image\/\",\"url\":\"https:\/\/pevaryl.com\/app\/uploads\/sites\/3\/2024\/02\/Pevaryl-logo.png\",\"contentUrl\":\"https:\/\/pevaryl.com\/app\/uploads\/sites\/3\/2024\/02\/Pevaryl-logo.png\",\"width\":108,\"height\":30,\"caption\":\"Pevaryl\"},\"image\":{\"@id\":\"https:\/\/pevaryl.com\/it\/#\/schema\/logo\/image\/\"}}]}<\/script>\n<!-- \/ Yoast SEO plugin. -->","yoast_head_json":{"title":"Pevaryl 50 mg ovuli - Pevaryl","description":"Pevaryl\u00ae 50 mg ovuli \u00e8 indicato per il trattamento delle micosi vulvovaginali e in presenza di Balanitis micotica.","robots":{"index":"index","follow":"follow","max-snippet":"max-snippet:-1","max-image-preview":"max-image-preview:large","max-video-preview":"max-video-preview:-1"},"canonical":"https:\/\/pevaryl.com\/it\/prodotto\/pevaryl-50-mg-ovuli\/","og_locale":"it_IT","og_type":"article","og_title":"Pevaryl 50 mg ovuli - Pevaryl","og_description":"Pevaryl\u00ae 50 mg ovuli \u00e8 indicato per il trattamento delle micosi vulvovaginali e in presenza di Balanitis micotica.","og_url":"https:\/\/pevaryl.com\/it\/prodotto\/pevaryl-50-mg-ovuli\/","og_site_name":"Pevaryl","article_modified_time":"2024-07-10T06:43:24+00:00","og_image":[{"width":1333,"height":1333,"url":"https:\/\/pevaryl.com\/app\/uploads\/sites\/3\/2022\/05\/pevaryl-50mg-ovuli.png","type":"image\/png"}],"twitter_card":"summary_large_image","twitter_misc":{"Tempo di lettura stimato":"2 minuti"},"schema":{"@context":"https:\/\/schema.org","@graph":[{"@type":"WebPage","@id":"https:\/\/pevaryl.com\/it\/prodotto\/pevaryl-50-mg-ovuli\/","url":"https:\/\/pevaryl.com\/it\/prodotto\/pevaryl-50-mg-ovuli\/","name":"Pevaryl 50 mg ovuli - Pevaryl","isPartOf":{"@id":"https:\/\/pevaryl.com\/it\/#website"},"primaryImageOfPage":{"@id":"https:\/\/pevaryl.com\/it\/prodotto\/pevaryl-50-mg-ovuli\/#primaryimage"},"image":{"@id":"https:\/\/pevaryl.com\/it\/prodotto\/pevaryl-50-mg-ovuli\/#primaryimage"},"thumbnailUrl":"https:\/\/pevaryl.com\/app\/uploads\/sites\/3\/2022\/05\/pevaryl-50mg-ovuli.png","datePublished":"2022-05-16T12:35:12+00:00","dateModified":"2024-07-10T06:43:24+00:00","description":"Pevaryl\u00ae 50 mg ovuli \u00e8 indicato per il trattamento delle micosi vulvovaginali e in presenza di Balanitis micotica.","breadcrumb":{"@id":"https:\/\/pevaryl.com\/it\/prodotto\/pevaryl-50-mg-ovuli\/#breadcrumb"},"inLanguage":"it-IT","potentialAction":[{"@type":"ReadAction","target":["https:\/\/pevaryl.com\/it\/prodotto\/pevaryl-50-mg-ovuli\/"]}]},{"@type":"ImageObject","inLanguage":"it-IT","@id":"https:\/\/pevaryl.com\/it\/prodotto\/pevaryl-50-mg-ovuli\/#primaryimage","url":"https:\/\/pevaryl.com\/app\/uploads\/sites\/3\/2022\/05\/pevaryl-50mg-ovuli.png","contentUrl":"https:\/\/pevaryl.com\/app\/uploads\/sites\/3\/2022\/05\/pevaryl-50mg-ovuli.png","width":1333,"height":1333,"caption":"Pevaryl\u00ae 50 mg ovuli"},{"@type":"BreadcrumbList","@id":"https:\/\/pevaryl.com\/it\/prodotto\/pevaryl-50-mg-ovuli\/#breadcrumb","itemListElement":[{"@type":"ListItem","position":1,"name":"Home","item":"https:\/\/pevaryl.com\/it\/"},{"@type":"ListItem","position":2,"name":"Prodotti","item":"https:\/\/pevaryl.com\/it\/prodotti\/"},{"@type":"ListItem","position":3,"name":"Pevaryl 50 mg ovuli"}]},{"@type":"WebSite","@id":"https:\/\/pevaryl.com\/it\/#website","url":"https:\/\/pevaryl.com\/it\/","name":"Pevaryl","description":"","publisher":{"@id":"https:\/\/pevaryl.com\/it\/#organization"},"potentialAction":[{"@type":"SearchAction","target":{"@type":"EntryPoint","urlTemplate":"https:\/\/pevaryl.com\/it\/?s={search_term_string}"},"query-input":{"@type":"PropertyValueSpecification","valueRequired":true,"valueName":"search_term_string"}}],"inLanguage":"it-IT"},{"@type":"Organization","@id":"https:\/\/pevaryl.com\/it\/#organization","name":"Pevaryl","url":"https:\/\/pevaryl.com\/it\/","logo":{"@type":"ImageObject","inLanguage":"it-IT","@id":"https:\/\/pevaryl.com\/it\/#\/schema\/logo\/image\/","url":"https:\/\/pevaryl.com\/app\/uploads\/sites\/3\/2024\/02\/Pevaryl-logo.png","contentUrl":"https:\/\/pevaryl.com\/app\/uploads\/sites\/3\/2024\/02\/Pevaryl-logo.png","width":108,"height":30,"caption":"Pevaryl"},"image":{"@id":"https:\/\/pevaryl.com\/it\/#\/schema\/logo\/image\/"}}]}},"_links":{"self":[{"href":"https:\/\/pevaryl.com\/it\/wp-json\/wp\/v2\/product\/319","targetHints":{"allow":["GET"]}}],"collection":[{"href":"https:\/\/pevaryl.com\/it\/wp-json\/wp\/v2\/product"}],"about":[{"href":"https:\/\/pevaryl.com\/it\/wp-json\/wp\/v2\/types\/product"}],"replies":[{"embeddable":true,"href":"https:\/\/pevaryl.com\/it\/wp-json\/wp\/v2\/comments?post=319"}],"version-history":[{"count":10,"href":"https:\/\/pevaryl.com\/it\/wp-json\/wp\/v2\/product\/319\/revisions"}],"predecessor-version":[{"id":787,"href":"https:\/\/pevaryl.com\/it\/wp-json\/wp\/v2\/product\/319\/revisions\/787"}],"wp:featuredmedia":[{"embeddable":true,"href":"https:\/\/pevaryl.com\/it\/wp-json\/wp\/v2\/media\/351"}],"wp:attachment":[{"href":"https:\/\/pevaryl.com\/it\/wp-json\/wp\/v2\/media?parent=319"}],"wp:term":[{"taxonomy":"product_brand","embeddable":true,"href":"https:\/\/pevaryl.com\/it\/wp-json\/wp\/v2\/product_brand?post=319"},{"taxonomy":"product_cat","embeddable":true,"href":"https:\/\/pevaryl.com\/it\/wp-json\/wp\/v2\/product_cat?post=319"},{"taxonomy":"product_tag","embeddable":true,"href":"https:\/\/pevaryl.com\/it\/wp-json\/wp\/v2\/product_tag?post=319"}],"curies":[{"name":"wp","href":"https:\/\/api.w.org\/{rel}","templated":true}]}}