{"id":394,"date":"2024-02-06T10:49:59","date_gmt":"2024-02-06T09:49:59","guid":{"rendered":"https:\/\/pevaryl.com\/it\/?page_id=394"},"modified":"2024-08-26T10:35:49","modified_gmt":"2024-08-26T08:35:49","slug":"salute-dei-piedi-e-della-pelle","status":"publish","type":"page","link":"https:\/\/pevaryl.com\/it\/salute-dei-piedi-e-della-pelle\/","title":{"rendered":"Salute dei piedi e della pelle"},"content":{"rendered":"\n<figure class=\"wp-block-image size-full hundra\"><img loading=\"lazy\" decoding=\"async\" width=\"1920\" height=\"200\" src=\"https:\/\/pevaryl.com\/app\/uploads\/sites\/3\/2024\/02\/topp-hand.jpg\" alt=\"Salute dei piedi e della pelle\" class=\"wp-image-494\" srcset=\"https:\/\/pevaryl.com\/app\/uploads\/sites\/3\/2024\/02\/topp-hand.jpg 1920w, https:\/\/pevaryl.com\/app\/uploads\/sites\/3\/2024\/02\/topp-hand-320x33.jpg 320w, https:\/\/pevaryl.com\/app\/uploads\/sites\/3\/2024\/02\/topp-hand-1024x107.jpg 1024w, https:\/\/pevaryl.com\/app\/uploads\/sites\/3\/2024\/02\/topp-hand-768x80.jpg 768w, https:\/\/pevaryl.com\/app\/uploads\/sites\/3\/2024\/02\/topp-hand-1536x160.jpg 1536w, https:\/\/pevaryl.com\/app\/uploads\/sites\/3\/2024\/02\/topp-hand-600x63.jpg 600w\" sizes=\"auto, (max-width: 1920px) 100vw, 1920px\" \/><\/figure>\n\n\n\n<div class=\"wp-block-karopharma-free-text pt-large pb-large bg-center bg-cover bg-no-repeat  is-style-primary blatext\" style=\"background-image:url()\"><div class=\"free-text-wrapper container max-w-medium text-center\">\n<h1 class=\"wp-block-heading is-style-heading-large\">Le infezioni micotiche fungine sono comuni<\/h1>\n<\/div><\/div>\n\n\n\n<div class=\"wp-block-karopharma-free-text pt-large pb-small bg-center bg-cover bg-no-repeat\" style=\"background-image:url()\"><div class=\"free-text-wrapper container max-w-medium text-center\">\n<h2 class=\"wp-block-heading is-style-heading-h2\">Tipi comuni di infezione<\/h2>\n<\/div><\/div>\n\n\n\n<div class=\"wp-block-karopharma-accordions blueaccordian\"><div class=\"container\">\n<details class=\"wp-block-karopharma-accordion blueaccordian\"><summary><h2 class=\"accordion-title\"><strong>Hai prurito o un&#8217;eruzione cutanea a forma di anello con squame sul corpo?<\/strong><br>Potrebbe essere un&#8217;infezione da tinea (tinea corporis)<\/h2><\/summary><div class=\"accordion-content\">\n<figure class=\"wp-block-image alignright size-full\"><img loading=\"lazy\" decoding=\"async\" width=\"376\" height=\"264\" src=\"https:\/\/pevaryl.com\/app\/uploads\/sites\/3\/2024\/02\/Ringworm.png\" alt=\"Tinea corporis\" class=\"wp-image-501\" srcset=\"https:\/\/pevaryl.com\/app\/uploads\/sites\/3\/2024\/02\/Ringworm.png 376w, https:\/\/pevaryl.com\/app\/uploads\/sites\/3\/2024\/02\/Ringworm-320x225.png 320w\" sizes=\"auto, (max-width: 376px) 100vw, 376px\" \/><\/figure>\n\n\n\n<p>La tinea \u00e8 una comune infezione fungina che pu\u00f2 colpire parti della cute del corpo (ovunque tranne viso, piedi, cuoio capelluto, inguine e unghie).<\/p>\n\n\n\n<p><strong>Sintomi comuni: <\/strong>una macchia pruriginosa, squamosa e a forma di anello con un bordo rialzato. Possono svilupparsi pi\u00f9 macchie.<\/p>\n\n\n\n<p><strong>Come si diffonde? <\/strong>Contatto ravvicinato o la condivisione di vestiti o asciugamani. Pu\u00f2 essere trasmessa dagli animali. Indossare indumenti occlusivi pu\u00f2 peggiorare l&#8217;infezione.<\/p>\n<\/div><\/details>\n\n\n\n<details class=\"wp-block-karopharma-accordion blueaccordian\"><summary><h2 class=\"accordion-title\"><strong>Hai chiazze pruriginose sui piedi, incluso in mezzo alle dita o nella pianta dei piedi?<\/strong><br>Potrebbe essere piede d&#8217;atleta (tinea pedis)<\/h2><\/summary><div class=\"accordion-content\">\n<figure class=\"wp-block-image alignright size-full\"><img loading=\"lazy\" decoding=\"async\" width=\"376\" height=\"264\" src=\"https:\/\/pevaryl.com\/app\/uploads\/sites\/3\/2024\/02\/Athlete_Foot.png\" alt=\"Tinea pedis\" class=\"wp-image-498\" srcset=\"https:\/\/pevaryl.com\/app\/uploads\/sites\/3\/2024\/02\/Athlete_Foot.png 376w, https:\/\/pevaryl.com\/app\/uploads\/sites\/3\/2024\/02\/Athlete_Foot-320x225.png 320w\" sizes=\"auto, (max-width: 376px) 100vw, 376px\" \/><\/figure>\n\n\n\n<p>Il piede d&#8217;atleta \u00e8 un&#8217;infezione fungina comune che pu\u00f2 colpire i piedi.<\/p>\n\n\n\n<p><strong><strong>Sintomi comuni: <\/strong><\/strong>Macchie pruriginose o squamose tra le dita o in altre parti dei piedi.<\/p>\n\n\n\n<p><strong><strong>Come si diffonde? <\/strong><\/strong>Camminando a piedi nudi in luoghi pubblici o condividendo vestiti e asciugamani con altri. Indossare scarpe strette che intrappolano il sudore pu\u00f2 peggiorare l&#8217;infezione.<\/p>\n\n\n\n<div class=\"wp-block-buttons is-layout-flex wp-block-buttons-is-layout-flex\"><\/div>\n<\/div><\/details>\n\n\n\n<details class=\"wp-block-karopharma-accordion blueaccordian\"><summary><h2 class=\"accordion-title\"><strong>Hai una chiazza rossa e pruriginosa o chiazze sull&#8217;inguine o sulla parte superiore della coscia ?<\/strong><br>Si potrebbe trattare di tinea inguinale (tinea cruris)<\/h2><\/summary><div class=\"accordion-content\">\n<figure class=\"wp-block-image alignright size-full\"><img loading=\"lazy\" decoding=\"async\" width=\"376\" height=\"264\" src=\"https:\/\/pevaryl.com\/app\/uploads\/sites\/3\/2024\/02\/Jock_Itch.png\" alt=\"Tinea cruris\" class=\"wp-image-499\" srcset=\"https:\/\/pevaryl.com\/app\/uploads\/sites\/3\/2024\/02\/Jock_Itch.png 376w, https:\/\/pevaryl.com\/app\/uploads\/sites\/3\/2024\/02\/Jock_Itch-320x225.png 320w\" sizes=\"auto, (max-width: 376px) 100vw, 376px\" \/><\/figure>\n\n\n\n<p>La tinea inguinale \u00e8 un&#8217;infezione fungina che colpisce soprattutto gli uomini.<\/p>\n\n\n\n<p><strong>Sintomi comuni: <\/strong>un&#8217;eruzione cutanea solitamente pruriginosa, asimmetrica che pu\u00f2 espandersi. \u00c8 di solito umida nelle prime fasi di infezione, diventando squamosa in seguito.<\/p>\n\n\n\n<p><strong>Come si diffonde?<\/strong> I fattori predisponenti sono: Tinea pedis di lunga durata, precedenti episodi di Tinea Cruris, indumenti occlusivi, obesit\u00e0, sudorazione eccessiva, diabete mellito, uso topico di steroidi.<\/p>\n<\/div><\/details>\n\n\n\n<details class=\"wp-block-karopharma-accordion blueaccordian\"><summary><h2 class=\"accordion-title\"><strong>Hai un&#8217;eruzione cutanea nelle pieghe del corpo &#8211; aree come le ascelle, tra le dita o sotto il seno?<\/strong><br>Potrebbe essere candidosi cutanea (candidiasi cutanea)<\/h2><\/summary><div class=\"accordion-content\">\n<figure class=\"wp-block-image alignright size-full\"><img loading=\"lazy\" decoding=\"async\" width=\"376\" height=\"264\" src=\"https:\/\/pevaryl.com\/app\/uploads\/sites\/3\/2024\/02\/Skin_Thrush.png\" alt=\"Cutaneous candidasis\" class=\"wp-image-502\" srcset=\"https:\/\/pevaryl.com\/app\/uploads\/sites\/3\/2024\/02\/Skin_Thrush.png 376w, https:\/\/pevaryl.com\/app\/uploads\/sites\/3\/2024\/02\/Skin_Thrush-320x225.png 320w\" sizes=\"auto, (max-width: 376px) 100vw, 376px\" \/><\/figure>\n\n\n\n<p>La candidosi cutanea (candidiasi cutanea) \u00e8 un tipo di infezione da lieviti che colpisce soprattutto le pieghe del corpo, le unghie o gli angoli della bocca.<\/p>\n\n\n\n<p><strong>Sintomi comuni: <\/strong>un&#8217;eruzione cutanea con pustole (simili a macchie), protuberanze come brufoli, prurito e bruciore.<\/p>\n\n\n\n<p><strong>Come si diffonde? <\/strong>La candidosi cutanea non \u00e8 contagiosa. Candida spp. vive normalmente nella cute, ma pu\u00f2 causare un&#8217;infezione se il tuo sistema immunitario \u00e8 indebolito.<\/p>\n<\/div><\/details>\n\n\n\n<details class=\"wp-block-karopharma-accordion blueaccordian\"><summary><h2 class=\"accordion-title\"><strong>Hai delle zone cutanee desquamate o con discromie in una parte qualsiasi del tuo corpo?<\/strong><br>Potrebbe essere un&#8217;infezione da Pityriasis Versicolor (tinea versicolor)<\/h2><\/summary><div class=\"accordion-content\">\n<figure class=\"wp-block-image alignright size-full\"><img loading=\"lazy\" decoding=\"async\" width=\"376\" height=\"264\" src=\"https:\/\/pevaryl.com\/app\/uploads\/sites\/3\/2024\/02\/Pityriasis_Versicolor.png\" alt=\"Tinea versicolor\" class=\"wp-image-500\" srcset=\"https:\/\/pevaryl.com\/app\/uploads\/sites\/3\/2024\/02\/Pityriasis_Versicolor.png 376w, https:\/\/pevaryl.com\/app\/uploads\/sites\/3\/2024\/02\/Pityriasis_Versicolor-320x225.png 320w\" sizes=\"auto, (max-width: 376px) 100vw, 376px\" \/><\/figure>\n\n\n\n<p>La Pityriasis veriscolor (a volte chiamata tinea versicolor) solitamente compare su petto, schiena, collo e braccia.<\/p>\n\n\n\n<p><strong>Sintomi comuni: <\/strong>zone squamose di colore diverso dalla tua pelle (solitamente pi\u00f9 chiara della tua pelle, ma il colore pu\u00f2 cambiare).<\/p>\n\n\n\n<p><strong>Come si diffonde? <\/strong>La Pityriasis versicolor pu\u00f2 manifestarsi quando i lieviti che normalmente vivono nella pelle diventano pi\u00f9 attivi. Questo tipo di infezione spesso colpisce persone che sudano molto.<\/p>\n\n\n\n<div class=\"wp-block-buttons is-layout-flex wp-block-buttons-is-layout-flex\"><\/div>\n<\/div><\/details>\n<\/div><\/div>\n\n\n\n<div class=\"wp-block-karopharma-free-text pt-small pb-large bg-center bg-cover bg-no-repeat\" style=\"background-image:url()\"><div class=\"free-text-wrapper container max-w-medium text-center\">\n<p>Se non sei certo dei tuoi sintomi, consulta il tuo medico o farmacista.<\/p>\n\n\n\n<div style=\"height:100px\" aria-hidden=\"true\" class=\"wp-block-spacer is-style-responsive-small\"><\/div>\n\n\n\n<div class=\"wp-block-buttons is-layout-flex wp-block-buttons-is-layout-flex\"><\/div>\n<\/div><\/div>\n\n\n\n<div class=\"wp-block-karopharma-free-text pt-large pb-large bg-center bg-cover bg-no-repeat  is-style-primary\" style=\"background-image:url()\"><div class=\"free-text-wrapper container max-w-medium text-center\">\n<h2 class=\"wp-block-heading\">Come trattare le micosi dei piedi e della pelle<\/h2>\n\n\n\n<p>Le comuni infezioni fungine di piedi e pelle possono essere trattate con medicinali topici (che si applicano direttamente sulla pelle). Puoi acquistare diversi formati in farmacia senza prescrizione.<\/p>\n\n\n\n<p>Medicinali topici antifungini si possono trovare in forma di:<\/p>\n<\/div><\/div>\n\n\n\n<div class=\"wp-block-karopharma-several-images-with-text several-images-with-text is-style-primary\"><div class=\"container medium col-1 content-align-center\" test-data=\"inner-content\">\n<section class=\"wp-block-karopharma-image-with-text image-with-text image-with-text__full-width\"><div class=\"image-with-text-container \"><div class=\"image-with-text-container-image-container\"><img decoding=\"async\" loading=\"lazy\" src=\"https:\/\/pevaryl.com\/cdn-cgi\/image\/format=auto\/app\/uploads\/sites\/7\/2023\/09\/how-to-1.png\" alt=\"how-to-1\"\/><\/div><div class=\"image-with-text-container-content\" style=\"text-align:left\" data-test=\"content\"><div class=\"content\"><p class=\"body\" data-test=\"body\">Crema<\/p>\n<div class=\"wp-block-buttons is-layout-flex wp-block-buttons-is-layout-flex\"><\/div>\n<\/div><\/div><\/div><\/section>\n\n\n\n<section class=\"wp-block-karopharma-image-with-text image-with-text image-with-text__full-width\"><div class=\"image-with-text-container \"><div class=\"image-with-text-container-image-container\"><img decoding=\"async\" loading=\"lazy\" src=\"https:\/\/pevaryl.com\/cdn-cgi\/image\/format=auto\/app\/uploads\/sites\/7\/2023\/09\/how-to-2.png\" alt=\"how-to-2\"\/><\/div><div class=\"image-with-text-container-content\" style=\"text-align:left\" data-test=\"content\"><div class=\"content\"><p class=\"body\" data-test=\"body\">Spray<\/p>\n<div class=\"wp-block-buttons is-layout-flex wp-block-buttons-is-layout-flex\"><\/div>\n<\/div><\/div><\/div><\/section>\n\n\n\n<section class=\"wp-block-karopharma-image-with-text image-with-text image-with-text__full-width\"><div class=\"image-with-text-container \"><div class=\"image-with-text-container-image-container\"><img decoding=\"async\" loading=\"lazy\" src=\"https:\/\/pevaryl.com\/cdn-cgi\/image\/format=auto\/app\/uploads\/sites\/7\/2023\/09\/how-to-3.png\" alt=\"how-to-3\"\/><\/div><div class=\"image-with-text-container-content\" style=\"text-align:left\" data-test=\"content\"><div class=\"content\"><p class=\"body\" data-test=\"body\">Lozione (emulsione)<\/p>\n<div class=\"wp-block-buttons is-layout-flex wp-block-buttons-is-layout-flex\"><\/div>\n<\/div><\/div><\/div><\/section>\n\n\n\n<section class=\"wp-block-karopharma-image-with-text image-with-text image-with-text__full-width\"><div class=\"image-with-text-container \"><div class=\"image-with-text-container-image-container\"><img decoding=\"async\" loading=\"lazy\" src=\"https:\/\/pevaryl.com\/cdn-cgi\/image\/format=auto\/app\/uploads\/sites\/7\/2023\/09\/how-to-4.png\" alt=\"how-to-4\"\/><\/div><div class=\"image-with-text-container-content\" style=\"text-align:left\" data-test=\"content\"><div class=\"content\"><p class=\"body\" data-test=\"body\">Polvere<\/p>\n<div class=\"wp-block-buttons is-layout-flex wp-block-buttons-is-layout-flex\"><\/div>\n<\/div><\/div><\/div><\/section>\n\n\n\n<section class=\"wp-block-karopharma-image-with-text image-with-text image-with-text__full-width\"><div class=\"image-with-text-container \"><div class=\"image-with-text-container-image-container\"><img decoding=\"async\" loading=\"lazy\" src=\"https:\/\/pevaryl.com\/cdn-cgi\/image\/format=auto\/app\/uploads\/sites\/7\/2023\/09\/how-to-5.png\" alt=\"how-to-5\"\/><\/div><div class=\"image-with-text-container-content\" style=\"text-align:left\" data-test=\"content\"><div class=\"content\"><p class=\"body\" data-test=\"body\">Shampoo<\/p>\n<div class=\"wp-block-buttons is-layout-flex wp-block-buttons-is-layout-flex\"><\/div>\n<\/div><\/div><\/div><\/section>\n<\/div><\/div>\n\n\n\n<div class=\"wp-block-karopharma-free-text pt-small pb-large bg-center bg-cover bg-no-repeat  is-style-primary\" style=\"background-image:url()\"><div class=\"free-text-wrapper container max-w-medium text-center\">\n<p class=\"is-style-paragraph-small\">Se hai utilizzato un medicinale topico e non ha funzionato, o se hai altre domande, parla con il tuo medico o farmacista.<\/p>\n<\/div><\/div>\n\n\n\n<div class=\"wp-block-karopharma-free-text pt-large pb-large bg-center bg-cover bg-no-repeat  blue\" style=\"background-image:url()\"><div class=\"free-text-wrapper container max-w-medium text-center\">\n<h3 class=\"wp-block-heading is-style-heading-h3\">Pevaryl<sup>\u00ae<\/sup> (econazolo nitrato) \u00e8 un trattamento cutaneo che agisce contro le infezioni micotiche dei piedi, della pelle e delle pieghe della pelle.<\/h3>\n\n\n\n<div class=\"wp-block-buttons is-layout-flex wp-block-buttons-is-layout-flex\">\n<div class=\"wp-block-button is-style-tertiary-button\"><a class=\"wp-block-button__link wp-element-button\" href=\"https:\/\/pevaryl.com\/it\/prodotti\/\">Esplora i prodotti della linea Pevaryl<\/a><\/div>\n<\/div>\n<\/div><\/div>\n\n\n\n<div class=\"wp-block-karopharma-free-text pt-large pb-large bg-center bg-cover bg-no-repeat  orange\" style=\"background-image:url()\"><div class=\"free-text-wrapper container max-w-medium text-left\">\n<h3 class=\"wp-block-heading is-style-heading-h2\">Consigli per la prevenzione<\/h3>\n\n\n\n<p class=\"is-style-paragraph-body-text\">I funghi crescono meglio in ambienti caldi e umidi come scarpe, calze, piscine, spogliatoi e docce pubbliche. Ci sono modi per proteggersi dalle infezioni fungine, o per evitare di avere una ricaduta. I seguenti accorgimenti possono essere utili per prevenire le infezioni micotiche e per evitare ricadute.<\/p>\n<\/div><\/div>\n\n\n\n<div class=\"wp-block-karopharma-free-text pt-large pb-large bg-right bg-auto bg-no-repeat  white2\" style=\"background-image:url(https:\/\/pevaryl.com\/cdn-cgi\/image\/format=auto\/app\/uploads\/sites\/3\/2024\/02\/background-foot-hand.png)\"><div class=\"free-text-wrapper container max-w-medium text-left\">\n<ul class=\"is-style-default wp-block-list\">\n<li>Fare la doccia e asciugarsi bene dopo essersi sporcati o avere sudato<\/li>\n\n\n\n<li>Indossare vestiti puliti, asciutti e comodi. Evitare abiti o scarpe che fanno sudare<\/li>\n\n\n\n<li>Non condividere asciugamani, vestiti o biancheria con altre persone<\/li>\n\n\n\n<li>Evitare di camminare a piedi nudi in posti pubblici, come camerini<\/li>\n\n\n\n<li>Mantenere le unghie corte e pulite<\/li>\n\n\n\n<li>Assumere gli antibiotici solo seguendo la prescrizione del proprio medico. Assumerli per troppo tempo potrebbe portare ad una proliferazione eccessiva di lieviti<\/li>\n\n\n\n<li>Indossare indumenti protettivi quando si lavora con la terra- alcuni funghi vivono nel suolo<\/li>\n<\/ul>\n<\/div><\/div>\n\n\n\n<div class=\"wp-block-karopharma-free-text pt-large pb-large bg-center bg-cover bg-no-repeat  grey\" style=\"background-image:url()\"><div class=\"free-text-wrapper container max-w-medium text-left\">\n<p class=\"is-style-paragraph-small\">Pevaryl \u00e8 un medicinale senza obbligo di prescrizione (SOP) a base di econazolo nitrato che pu\u00f2 essere consegnato solo dal farmacista. Ascolta il tuo farmacista e leggi attentamente il foglio illustrativo. Autorizzazione ministeriale del 21\/05\/2024.<\/p>\n<\/div><\/div>\n","protected":false},"excerpt":{"rendered":"","protected":false},"author":2,"featured_media":0,"parent":0,"menu_order":0,"comment_status":"closed","ping_status":"closed","template":"","meta":{"_acf_changed":false,"footnotes":""},"from-article-database":[],"class_list":["post-394","page","type-page","status-publish","hentry"],"acf":[],"yoast_head":"<!-- This site is optimized with the Yoast SEO plugin v26.6 - https:\/\/yoast.com\/wordpress\/plugins\/seo\/ -->\n<title>Salute dei piedi e della pelle - Pevaryl<\/title>\n<meta name=\"description\" content=\"Le comuni infezioni fungine di piedi e pelle possono essere trattate con medicinali topici (che si applicano direttamente sulla pelle). Puoi acquistare diversi formati in farmacia senza prescrizione.\" \/>\n<meta name=\"robots\" content=\"index, follow, max-snippet:-1, max-image-preview:large, max-video-preview:-1\" \/>\n<link rel=\"canonical\" href=\"https:\/\/pevaryl.com\/it\/salute-dei-piedi-e-della-pelle\/\" \/>\n<meta property=\"og:locale\" content=\"it_IT\" \/>\n<meta property=\"og:type\" content=\"article\" \/>\n<meta property=\"og:title\" content=\"Salute dei piedi e della pelle - Pevaryl\" \/>\n<meta property=\"og:description\" content=\"Le comuni infezioni fungine di piedi e pelle possono essere trattate con medicinali topici (che si applicano direttamente sulla pelle). Puoi acquistare diversi formati in farmacia senza prescrizione.\" \/>\n<meta property=\"og:url\" content=\"https:\/\/pevaryl.com\/it\/salute-dei-piedi-e-della-pelle\/\" \/>\n<meta property=\"og:site_name\" content=\"Pevaryl\" \/>\n<meta property=\"article:modified_time\" content=\"2024-08-26T08:35:49+00:00\" \/>\n<meta property=\"og:image\" content=\"https:\/\/pevaryl.com\/app\/uploads\/sites\/3\/2024\/02\/topp-hand.jpg\" \/>\n<meta name=\"twitter:card\" content=\"summary_large_image\" \/>\n<meta name=\"twitter:label1\" content=\"Tempo di lettura stimato\" \/>\n\t<meta name=\"twitter:data1\" content=\"7 minuti\" \/>\n<script type=\"application\/ld+json\" class=\"yoast-schema-graph\">{\"@context\":\"https:\/\/schema.org\",\"@graph\":[{\"@type\":\"WebPage\",\"@id\":\"https:\/\/pevaryl.com\/it\/salute-dei-piedi-e-della-pelle\/\",\"url\":\"https:\/\/pevaryl.com\/it\/salute-dei-piedi-e-della-pelle\/\",\"name\":\"Salute dei piedi e della pelle - Pevaryl\",\"isPartOf\":{\"@id\":\"https:\/\/pevaryl.com\/it\/#website\"},\"primaryImageOfPage\":{\"@id\":\"https:\/\/pevaryl.com\/it\/salute-dei-piedi-e-della-pelle\/#primaryimage\"},\"image\":{\"@id\":\"https:\/\/pevaryl.com\/it\/salute-dei-piedi-e-della-pelle\/#primaryimage\"},\"thumbnailUrl\":\"https:\/\/pevaryl.com\/app\/uploads\/sites\/3\/2024\/02\/topp-hand.jpg\",\"datePublished\":\"2024-02-06T09:49:59+00:00\",\"dateModified\":\"2024-08-26T08:35:49+00:00\",\"description\":\"Le comuni infezioni fungine di piedi e pelle possono essere trattate con medicinali topici (che si applicano direttamente sulla pelle). Puoi acquistare diversi formati in farmacia senza prescrizione.\",\"breadcrumb\":{\"@id\":\"https:\/\/pevaryl.com\/it\/salute-dei-piedi-e-della-pelle\/#breadcrumb\"},\"inLanguage\":\"it-IT\",\"potentialAction\":[{\"@type\":\"ReadAction\",\"target\":[\"https:\/\/pevaryl.com\/it\/salute-dei-piedi-e-della-pelle\/\"]}]},{\"@type\":\"ImageObject\",\"inLanguage\":\"it-IT\",\"@id\":\"https:\/\/pevaryl.com\/it\/salute-dei-piedi-e-della-pelle\/#primaryimage\",\"url\":\"https:\/\/pevaryl.com\/app\/uploads\/sites\/3\/2024\/02\/topp-hand.jpg\",\"contentUrl\":\"https:\/\/pevaryl.com\/app\/uploads\/sites\/3\/2024\/02\/topp-hand.jpg\"},{\"@type\":\"BreadcrumbList\",\"@id\":\"https:\/\/pevaryl.com\/it\/salute-dei-piedi-e-della-pelle\/#breadcrumb\",\"itemListElement\":[{\"@type\":\"ListItem\",\"position\":1,\"name\":\"Home\",\"item\":\"https:\/\/pevaryl.com\/it\/\"},{\"@type\":\"ListItem\",\"position\":2,\"name\":\"Salute dei piedi e della pelle\"}]},{\"@type\":\"WebSite\",\"@id\":\"https:\/\/pevaryl.com\/it\/#website\",\"url\":\"https:\/\/pevaryl.com\/it\/\",\"name\":\"Pevaryl\",\"description\":\"\",\"publisher\":{\"@id\":\"https:\/\/pevaryl.com\/it\/#organization\"},\"potentialAction\":[{\"@type\":\"SearchAction\",\"target\":{\"@type\":\"EntryPoint\",\"urlTemplate\":\"https:\/\/pevaryl.com\/it\/?s={search_term_string}\"},\"query-input\":{\"@type\":\"PropertyValueSpecification\",\"valueRequired\":true,\"valueName\":\"search_term_string\"}}],\"inLanguage\":\"it-IT\"},{\"@type\":\"Organization\",\"@id\":\"https:\/\/pevaryl.com\/it\/#organization\",\"name\":\"Pevaryl\",\"url\":\"https:\/\/pevaryl.com\/it\/\",\"logo\":{\"@type\":\"ImageObject\",\"inLanguage\":\"it-IT\",\"@id\":\"https:\/\/pevaryl.com\/it\/#\/schema\/logo\/image\/\",\"url\":\"https:\/\/pevaryl.com\/app\/uploads\/sites\/3\/2024\/02\/Pevaryl-logo.png\",\"contentUrl\":\"https:\/\/pevaryl.com\/app\/uploads\/sites\/3\/2024\/02\/Pevaryl-logo.png\",\"width\":108,\"height\":30,\"caption\":\"Pevaryl\"},\"image\":{\"@id\":\"https:\/\/pevaryl.com\/it\/#\/schema\/logo\/image\/\"}}]}<\/script>\n<!-- \/ Yoast SEO plugin. -->","yoast_head_json":{"title":"Salute dei piedi e della pelle - Pevaryl","description":"Le comuni infezioni fungine di piedi e pelle possono essere trattate con medicinali topici (che si applicano direttamente sulla pelle). Puoi acquistare diversi formati in farmacia senza prescrizione.","robots":{"index":"index","follow":"follow","max-snippet":"max-snippet:-1","max-image-preview":"max-image-preview:large","max-video-preview":"max-video-preview:-1"},"canonical":"https:\/\/pevaryl.com\/it\/salute-dei-piedi-e-della-pelle\/","og_locale":"it_IT","og_type":"article","og_title":"Salute dei piedi e della pelle - Pevaryl","og_description":"Le comuni infezioni fungine di piedi e pelle possono essere trattate con medicinali topici (che si applicano direttamente sulla pelle). Puoi acquistare diversi formati in farmacia senza prescrizione.","og_url":"https:\/\/pevaryl.com\/it\/salute-dei-piedi-e-della-pelle\/","og_site_name":"Pevaryl","article_modified_time":"2024-08-26T08:35:49+00:00","og_image":[{"url":"https:\/\/pevaryl.com\/app\/uploads\/sites\/3\/2024\/02\/topp-hand.jpg","type":"","width":"","height":""}],"twitter_card":"summary_large_image","twitter_misc":{"Tempo di lettura stimato":"7 minuti"},"schema":{"@context":"https:\/\/schema.org","@graph":[{"@type":"WebPage","@id":"https:\/\/pevaryl.com\/it\/salute-dei-piedi-e-della-pelle\/","url":"https:\/\/pevaryl.com\/it\/salute-dei-piedi-e-della-pelle\/","name":"Salute dei piedi e della pelle - Pevaryl","isPartOf":{"@id":"https:\/\/pevaryl.com\/it\/#website"},"primaryImageOfPage":{"@id":"https:\/\/pevaryl.com\/it\/salute-dei-piedi-e-della-pelle\/#primaryimage"},"image":{"@id":"https:\/\/pevaryl.com\/it\/salute-dei-piedi-e-della-pelle\/#primaryimage"},"thumbnailUrl":"https:\/\/pevaryl.com\/app\/uploads\/sites\/3\/2024\/02\/topp-hand.jpg","datePublished":"2024-02-06T09:49:59+00:00","dateModified":"2024-08-26T08:35:49+00:00","description":"Le comuni infezioni fungine di piedi e pelle possono essere trattate con medicinali topici (che si applicano direttamente sulla pelle). Puoi acquistare diversi formati in farmacia senza prescrizione.","breadcrumb":{"@id":"https:\/\/pevaryl.com\/it\/salute-dei-piedi-e-della-pelle\/#breadcrumb"},"inLanguage":"it-IT","potentialAction":[{"@type":"ReadAction","target":["https:\/\/pevaryl.com\/it\/salute-dei-piedi-e-della-pelle\/"]}]},{"@type":"ImageObject","inLanguage":"it-IT","@id":"https:\/\/pevaryl.com\/it\/salute-dei-piedi-e-della-pelle\/#primaryimage","url":"https:\/\/pevaryl.com\/app\/uploads\/sites\/3\/2024\/02\/topp-hand.jpg","contentUrl":"https:\/\/pevaryl.com\/app\/uploads\/sites\/3\/2024\/02\/topp-hand.jpg"},{"@type":"BreadcrumbList","@id":"https:\/\/pevaryl.com\/it\/salute-dei-piedi-e-della-pelle\/#breadcrumb","itemListElement":[{"@type":"ListItem","position":1,"name":"Home","item":"https:\/\/pevaryl.com\/it\/"},{"@type":"ListItem","position":2,"name":"Salute dei piedi e della pelle"}]},{"@type":"WebSite","@id":"https:\/\/pevaryl.com\/it\/#website","url":"https:\/\/pevaryl.com\/it\/","name":"Pevaryl","description":"","publisher":{"@id":"https:\/\/pevaryl.com\/it\/#organization"},"potentialAction":[{"@type":"SearchAction","target":{"@type":"EntryPoint","urlTemplate":"https:\/\/pevaryl.com\/it\/?s={search_term_string}"},"query-input":{"@type":"PropertyValueSpecification","valueRequired":true,"valueName":"search_term_string"}}],"inLanguage":"it-IT"},{"@type":"Organization","@id":"https:\/\/pevaryl.com\/it\/#organization","name":"Pevaryl","url":"https:\/\/pevaryl.com\/it\/","logo":{"@type":"ImageObject","inLanguage":"it-IT","@id":"https:\/\/pevaryl.com\/it\/#\/schema\/logo\/image\/","url":"https:\/\/pevaryl.com\/app\/uploads\/sites\/3\/2024\/02\/Pevaryl-logo.png","contentUrl":"https:\/\/pevaryl.com\/app\/uploads\/sites\/3\/2024\/02\/Pevaryl-logo.png","width":108,"height":30,"caption":"Pevaryl"},"image":{"@id":"https:\/\/pevaryl.com\/it\/#\/schema\/logo\/image\/"}}]}},"_links":{"self":[{"href":"https:\/\/pevaryl.com\/it\/wp-json\/wp\/v2\/pages\/394","targetHints":{"allow":["GET"]}}],"collection":[{"href":"https:\/\/pevaryl.com\/it\/wp-json\/wp\/v2\/pages"}],"about":[{"href":"https:\/\/pevaryl.com\/it\/wp-json\/wp\/v2\/types\/page"}],"author":[{"embeddable":true,"href":"https:\/\/pevaryl.com\/it\/wp-json\/wp\/v2\/users\/2"}],"replies":[{"embeddable":true,"href":"https:\/\/pevaryl.com\/it\/wp-json\/wp\/v2\/comments?post=394"}],"version-history":[{"count":10,"href":"https:\/\/pevaryl.com\/it\/wp-json\/wp\/v2\/pages\/394\/revisions"}],"predecessor-version":[{"id":771,"href":"https:\/\/pevaryl.com\/it\/wp-json\/wp\/v2\/pages\/394\/revisions\/771"}],"wp:attachment":[{"href":"https:\/\/pevaryl.com\/it\/wp-json\/wp\/v2\/media?parent=394"}],"wp:term":[{"taxonomy":"from-article-database","embeddable":true,"href":"https:\/\/pevaryl.com\/it\/wp-json\/wp\/v2\/from-article-database?post=394"}],"curies":[{"name":"wp","href":"https:\/\/api.w.org\/{rel}","templated":true}]}}